{"id":1019,"date":"2012-05-05T15:54:31","date_gmt":"2012-05-05T13:54:31","guid":{"rendered":"http:\/\/thefemalegrail.com\/deutsch\/?page_id=1019"},"modified":"2012-07-21T18:55:18","modified_gmt":"2012-07-21T16:55:18","slug":"nature-spa","status":"publish","type":"page","link":"https:\/\/thefemalegrail.com\/deutsch\/la-lumiere-durgas-ashram\/nature-spa\/","title":{"rendered":"das nature spa"},"content":{"rendered":"<div id=\"nav\" style=\"border:0px;\">\n<div>\n<ul style=\"margin-left: 0px; \">\n<li style=\"list-style:none; background-color:#f7f2f0; padding-left:10px; border-bottom: 1px dotted #DFCDC3; border-right: 2px solid #FFFFFF; width:138px;\"><a style=\"border-bottom:none\" href=\"\/deutsch\/la-lumiere-durgas-ashram\/unsere-events\/\" class=\"broken_link\">Unsere<br \/>\nEvents<\/a><\/li>\n<li style=\"list-style:none; background-color:#f7f2f0; padding-left:10px; border-bottom: 1px dotted #DFCDC3; border-right: 2px solid #FFFFFF; width:148px;\"><a style=\"border-bottom:none\" href=\"\/deutsch\/la-lumiere-durgas-ashram\/saftiges-ashramleben\/\" class=\"broken_link\">Saftiges<br \/>\nAshramleben<\/a><\/li>\n<li style=\"list-style:none; background-color:#f7f2f0; padding-left:10px; border-bottom: 1px dotted #DFCDC3; border-right: 2px solid #FFFFFF; width:148px;\"><a style=\"border-bottom:none\" href=\"\/deutsch\/la-lumiere-durgas-ashram\/schwaermereien-liebe\/\" class=\"broken_link\">Schw\u00e4rmereien<br \/>\n&#038; Liebe<\/a><\/li>\n<\/ul>\n<\/div>\n<\/div>\n<p><span>&nbsp;<\/span><\/p>\n<h2><strong>Das Nature Spa<\/strong> <\/h2>\n<h3>Heilung der weiblichen Seele<br \/>\nin den H\u00e4nden der Natur und Kreativit\u00e4t<\/h3>\n<h3><strong>f\u00fcr Frauen von Frauen<\/strong><\/h3>\n<h3><strong>15 bis 20 September 2012<\/strong><\/h3>\n<h3>Veranstaltungsort: <a href=\"https:\/\/maps.google.de\/maps\/ms?ssp=addf&#038;hl=de&#038;num=10&#038;ie=UTF8&#038;msa=0&#038;msid=106461922500973447338.000483a547946ec4e8f60&#038;t=h&#038;z=19\" title=\"la lumiere in google maps\" target=\"_blank\">La Lumi\u00e8re<\/a> &#8211; S\u00fcdfrankreich<\/h3>\n<p><strong>Das Natur Spa ist eine wilde Vision f\u00fcr Frauen. Wir verlassen alle beengenden R\u00e4ume und \u00f6ffnen eine nomadische Welt, inmitten der Mutter Natur. Ohne Mauern. Unsere wilden Seelen sehnen sich nach K\u00f6rperlichkeit. Wir rufen nach Freiheit f\u00fcr unsere weiblichen Gef\u00fchle.<br \/>\nDie Magie der Natur \u00f6ffnet sich in den R\u00e4umen der Bedachtsamkeit. <\/strong><\/p>\n<p><img src=\"http:\/\/thefemalegrail.com\/deutsch\/wp-content\/uploads\/2012\/05\/button-nature-spa.jpg\" alt=\"\" title=\"button-nature-spa\" style=\"margin-bottom:20px\" height=\"290\" class=\"alignleft\" \/><br \/>\n<span><\/span><\/p>\n<h3>Ein nomadischer Lebensstil ehrt unsere Wurzeln.<\/h3>\n<p><strong>Massage im Zelt. Kr\u00e4uterbad unter freiem Himmel. Egal welches Wetter, wir sorgen f\u00fcr dich. Wenn es regnet, kuschelst du dich in warme Decken unter dem Zeltdach; wenn der Wind rauscht, legst du dich in die H\u00e4ngematte; wenn die Sonne scheint, erwacht deine Ber\u00fchrbarkeit. Lass dich verw\u00f6hnen, mit kulinarischen und gesunden Gen\u00fcssen. Verehrung der Erde, als Geschenk und Spirit. Jede Schicht, die f\u00e4llt, tut gut. Sinnlichkeit und Detox. Kreativer Raum f\u00fcr dich und deine Seele. <\/strong><\/p>\n<h3>3 oder 6 Tage, erstmals im September 2012<\/h3>\n<h4>Sch\u00e4le dir Zeit frei, Zeit f\u00fcr dich selbst. Erlaube dir, in einen nat\u00fcrlichen Rhythmus zur\u00fcckzukehren, in dem Magie sich ereignet. <\/h4>\n<p style=\"padding-bottom:0\">Entgiften ist das Geheimnis f\u00fcr vertiefte Sch\u00f6nheit.<\/p>\n<h3 style=\"margin:0\"><strong>Nature Spa F\u00fcr Deinen K\u00f6rper:<\/strong><\/h3>\n<p>Du bekommst ein auf dich pers\u00f6nlich abgestimmtes Spa Programm f\u00fcr deinen K\u00f6rper. Shomani ist die G\u00f6ttin der Heilkunst im Nature Spa. Bei Anmeldung erh\u00e4ltst Du einen Fragebogen und ein pers\u00f6nliches Vorgespr\u00e4ch mit Shomani.  Daraus zaubert sie ein \u201eNur f\u00fcr Dich Programm.\u201c<\/p>\n<p style=\"padding-bottom:0\">Naturkosmetik ist die Alchemie f\u00fcr Deine Haut.<\/p>\n<h3 style=\"margin:0\"><strong>Nature Spa F\u00fcr Dein Gesicht:<\/strong><\/h3>\n<p>Es ist erwiesen, dass Naturkosmetik die Haut verj\u00fcngt und Sch\u00f6nheit verschenkt. Wir werden dich mit unseren geheimen Rezepten verzaubern. <\/p>\n<p style=\"padding-bottom:0\">Kreative Erneuerung: Deine innere K\u00fcnstlerin verwurzelt dich neu.<\/p>\n<h3 style=\"margin:0\"><strong>Nature Spa F\u00fcr Deine Seele:<\/strong><\/h3>\n<p>Im kreativen Tempel entgiften wir Gef\u00fchle und alte Schichten. Die weibliche Seele ist kein lineares Gebilde. Sie ist ein Gewebe von Geschichten, Erinnerungen und Tr\u00e4umen. Dein kreativer Spirit ist detox pur. Dein Art\/ Kunst Tagebuch wartet. Aliana Devi ist die G\u00f6ttin der Kunst im Nature Spa. Sie \u00f6ffnet den sch\u00f6pferisch-kreativen EnergieRaum.<\/p>\n<p style=\"padding-bottom:0\">Unser Tempel: Magie und weibliche Verk\u00f6rperung.<\/p>\n<h3 style=\"margin:0\"><strong>Nature Spa F\u00fcr Dein Frausein:<\/strong><\/h3>\n<p>Am Abend treffen wir uns im Tempel. Wir rufen unser heiliges Sein. Unsere Seele sucht die Erde. Raum f\u00fcr Heilung. Eine nat\u00fcrliche Wiedergeburt. Transformiere sanft. Gib deinem K\u00f6rper Zuwendung. Sch\u00e4le und h\u00e4ute dich. Werde ganz.<br \/>\nDer goldene, friedliche Shakti Fluss von Durga, der G\u00f6ttin, l\u00e4dt alte, vergessene R\u00e4ume ein.<\/p>\n<h3>Leichtigkeit und Lebensfreude.<br \/>\nWir nennen es: Sich in sich selbst verlieben.<\/h3>\n<h3><strong>Reserviere dir deinen Platz schnell, denn es gibt nur 10 Pl\u00e4tze.<\/strong><\/h3>\n<table>\n<tbody>\n<tr>\n<td width=\"300px\">\n<a class=\"ec_ejc_thkbx broken_link\" target=\"ej_ejc\" href=\"https:\/\/www.paypal.com\/cgi-bin\/webscr?cmd=_s-xclick&amp;hosted_button_id=EMABQXFDX48UJ\" style=\"border-bottom:0px;\" onclick=\"javascript:return EJEJC_lc(this);\"><img src=\"http:\/\/thefemalegrail.com\/deutsch\/wp-content\/uploads\/2012\/05\/button-spa-3-tage.png\" alt=\"\" title=\"button-nature-spa 3 tage\" class=\"aligncenter\" \/><\/a><\/td>\n<td><a class=\"ec_ejc_thkbx broken_link\" target=\"ej_ejc\" href=\"https:\/\/www.paypal.com\/cgi-bin\/webscr?cmd=_s-xclick&amp;hosted_button_id=2VUGHSKGQSRUW\" style=\"border-bottom:0px;\" onclick=\"javascript:return EJEJC_lc(this);\"><img src=\"http:\/\/thefemalegrail.com\/deutsch\/wp-content\/uploads\/2012\/05\/button-spa-6-tage.png\" alt=\"\" title=\"button-nature-spa 6 tage\" class=\"alignnone\" \/><\/a> <\/td>\n<\/tr>\n<\/tbody>\n<\/table>\n<h3>oder reserviere deinen Platz per Mail <a href=\"mailto:&#x6f;&#x66;&#x66;&#x69;&#x63;&#x65;&#x2e;&#x6c;&#x61;&#x2e;&#x6c;&#x75;&#x6d;&#x69;&#x65;&#x72;&#x65;&#x40;&#x67;&#x6d;&#x61;&#x69;&#x6c;&#x2e;&#x63;&#x6f;&#x6d;\" title=\"mail an la lumiere\" target=\"_blank\"><span class=\"oe_textdirection\">&#x6d;&#x6f;&#x63;&#x2e;&#x6c;&#x69;&#x61;&#x6d;&#x67;<span class=\"oe_displaynone\">null<\/span>&#x40;&#x65;&#x72;&#x65;&#x69;&#x6d;&#x75;&#x6c;&#x2e;&#x61;&#x6c;&#x2e;&#x65;&#x63;&#x69;&#x66;&#x66;&#x6f;<\/span><\/a><\/h3>\n<p><span><\/span><\/p>\n<div id=\"hs_container2\" class=\"hs_container2\">\n<div class=\"hs_area hs_area6\">\n        <img src=\"\/wp-content\/plugins\/HoverSlideEffect\/images\/area-ns\/h6-bath-robe.jpg\" alt=\"nature spa bath robe\"\/><img src=\"\/wp-content\/plugins\/HoverSlideEffect\/images\/area-ns\/h6-shower.jpg\" alt=\"nature spa shower\"\/><img src=\"\/wp-content\/plugins\/HoverSlideEffect\/images\/area-ns\/h6-basket.jpg\" alt=\"nature spa baskets\"\/><img class=\"hs_visible\" src=\"\/wp-content\/plugins\/HoverSlideEffect\/images\/area-ns\/h6-linen-cussion.jpg\" alt=\"nature spa linen cussion\"\/>\n    <\/div>\n<div class=\"hs_area hs_area7\">\n        <img class=\"hs_visible\" src=\"\/wp-content\/plugins\/HoverSlideEffect\/images\/area-ns\/h7-design-spa-2.jpg\" alt=\"nature spa design\"\/><img src=\"\/wp-content\/plugins\/HoverSlideEffect\/images\/area-ns\/h7-relaxing.jpg\" alt=\"nature spa relaxing\"\/><img src=\"\/wp-content\/plugins\/HoverSlideEffect\/images\/area-ns\/h7-design-spa.jpg\" alt=\"nature spa design 2\"\/><img src=\"\/wp-content\/plugins\/HoverSlideEffect\/images\/area-ns\/h7-treatment-space.jpg\" alt=\"nature spa treatment\"\/>\n    <\/div>\n<div class=\"hs_area hs_area8\">\n<img class=\"hs_visible\" src=\"\/wp-content\/plugins\/HoverSlideEffect\/images\/area-ns\/h8-spa-land.jpg\" alt=\"nature spa land\"\/><img src=\"\/wp-content\/plugins\/HoverSlideEffect\/images\/area-ns\/h8-mandala.jpg\" alt=\"nature spa mandala\"\/><img src=\"\/wp-content\/plugins\/HoverSlideEffect\/images\/area-ns\/h8-design-spa.jpg\" alt=\"nature spa design\"\/><img src=\"\/wp-content\/plugins\/HoverSlideEffect\/images\/area-ns\/h8-relaxing.jpg\" alt=\"nature spa relaxing\"\/>\n    <\/div>\n<div class=\"hs_area hs_area9\">\n        <img class=\"hs_visible\" src=\"\/wp-content\/plugins\/HoverSlideEffect\/images\/area-ns\/h9-peeling.jpg\" alt=\"nature spa peeling\"\/><img src=\"\/wp-content\/plugins\/HoverSlideEffect\/images\/area-ns\/h9-relaxing.jpg\" alt=\"nature spa relaxing\"\/><img src=\"\/wp-content\/plugins\/HoverSlideEffect\/images\/area-ns\/h9-spa-land.jpg\" alt=\"nature spa land\"\/><img src=\"\/wp-content\/plugins\/HoverSlideEffect\/images\/area-ns\/h9-foot-bath.jpg\" alt=\"nature spa foot bath\"\/>\n    <\/div>\n<div class=\"hs_area hs_area10\">\n        <img src=\"\/wp-content\/plugins\/HoverSlideEffect\/images\/area-ns\/h10-tent.jpg\" alt=\"nature spa tent\"\/><img src=\"\/wp-content\/plugins\/HoverSlideEffect\/images\/area-ns\/h10-peeling.jpg\" alt=\"nature spa peeling\"\/><img src=\"\/wp-content\/plugins\/HoverSlideEffect\/images\/area-ns\/h10-hammock.jpg\" alt=\"nature spa hammock\"\/><img class=\"hs_visible\" src=\"\/wp-content\/plugins\/HoverSlideEffect\/images\/area-ns\/h10-beduine-tent.jpg\" alt=\"nature spa tent\"\/>\n    <\/div>\n<\/div>\n<p><center>Dies sind Stimmungsbilder, wie das Nature Spa aussehen wird.<\/center><br \/>\n<span><\/span><\/p>\n<h2>Das Nature Spa Team<\/h2>\n<h3>Durga: Vision<\/h3>\n<p><img width=\"170\" src=\"\/wp-content\/uploads\/2012\/03\/durga-holzhauser.jpg\" class=\"alignleft\">Das Nature Spa ist eine Vision von mir. Geboren inmitten eines Spa Aufenthalts im Exklusivhotel in Bordeaux. Raus ins Gras und mit Blick in den Himmel. Ich lud meine Lieblingsheilerin Shomani, meine Lieblingskreative Heilerin Aliana Devi und Parasi, meine liebste Assistentin, zu dieser Idee aus dem Himmel ein. Sie waren sofort Feuer und Flamme und seither planen und sch\u00f6pfen wir. Ich belebe alle Visionen und Details des Nature Spa mit meiner Liebe. Dieses Projekt ist f\u00fcr mich eine Vision von Teamarbeit von Frauen und Verwirklichung in synchroner Zusammenarbeit.<\/p>\n<p><strong>Versteckte Talente:<\/strong> Fetischistin von Naturkosmetik 100% BIO. Heimliche Malerin. Liebt nomadisches Reisen, auch alleine auf Abenteuer zu gehen.<\/p>\n<h3>Shomani: Heilung<\/h3>\n<p><img width=\"170\" src=\"\/wp-content\/uploads\/2012\/03\/shomani-team.jpg\" class=\"alignleft\">Mich hat diese Idee sofort entz\u00fcndet. Es ist ein Projekt der Zukunft. Wir kehren zur\u00fcck zur Natur: zur\u00fcck zu unserer eigenen Natur. Kraft und Sch\u00f6nheit sind bis heute tiefer Eindruck in meinem Herzen. Diese Sehnsucht f\u00fchrte mich in den Jahren zu Heilern und heiligen Kr\u00e4uterfrauen, die mich als &#8220;Rosenkind&#8221; erkannten und mich die Heilkunst lehrten. Ich durchlief die Lehre der druidischen Elixiere, die ewige Sch\u00f6nheit und Jugend der Seele n\u00e4hren. Pflanzenwasser und Packungen, Mazerate und B\u00e4der und Liebe f\u00fcr K\u00f6rper, Geist und Seele. All das schenke Ich Dir.<\/p>\n<p><strong>Versteckte Talente:<\/strong> sich in Tautropfen von Rosenbl\u00fcten verlieren, atmet die Sch\u00f6nheit der Natur, mit gr\u00fcnen Gummistiefeln auf dem Bauernhof, Lippgloss und (un)heimliche Hexerei.<\/p>\n<h3>Aliana Devi: Kreativit\u00e4t<\/h3>\n<p><img width=\"170\" src=\"\/wp-content\/uploads\/2012\/03\/aliana-devi-team.jpg\" class=\"alignleft\">Schon lange hatte ich den Traum mit Frauen f\u00fcr Frauen etwas f\u00fcr K\u00f6rper, Geist und Seele zu erschaffen. Durgas Kunst, Visionen auf die Erde zu bringen, f\u00fcllte innerhalb k\u00fcrzester Zeit einen Raum, dies gemeinsam mit viel Freude, Leidenschaft und Liebe entstehen zu lassen.<br \/>\nEs ist mir als Frau ein Anliegen die eigenen R\u00e4ume im innen, wie im au\u00dfen, zu sch\u00e4tzen, zu pflegen und zu heilen. M\u00f6glichkeit dazu geben wir in unserem Nature Spa.<\/p>\n<p><strong>Versteckte Talente:<\/strong> individuelle Wohlf\u00fchloasen erschaffen, Geborgenheit geben, sch\u00f6ne Dinge kreieren und finden, Yin Yoga. <\/p>\n<h3>Parasi: Tr\u00e4ume<\/h3>\n<p><img width=\"170\" src=\"\/wp-content\/uploads\/2012\/03\/parasi-team.jpg\" class=\"alignleft\">An dem Projekt Nature Spa hat mich vor allem der kreative Bereich neugierig gemacht. Ich glaube, dass in jeder Frau eine K\u00fcnstlerin steckt, aber die meisten nicht wissen, wie sie diese hinter dem Ofen hervorlocken k\u00f6nnen. <\/p>\n<p>Ich tr\u00e4ume: Natur, Freiraum, Ruhe, auftanken, genie\u00dfen, relaxen, Kreativit\u00e4t, Bewegung, f\u00fcr K\u00f6rper, Geist und Seele. Alles in einem Paket.<\/p>\n<p><strong>Versteckte Talente:<\/strong> goldenes H\u00e4ndchen f\u00fcr Technik, Streifen mit allem kombinierbar machen, T\u00fcftlerin, Faible f\u00fcr Randgruppenmusik wie Electroswing oder Ska.<\/p>\n<h2>Angedachter Tagesablauf <\/h2>\n<p><strong>7.15 Yin Yoga<br \/>\n8.00 Morgen Meditation:<\/strong> Tempel<br \/>\n<strong>8.30 Kr\u00e4uter sammeln in der Natur f\u00fcr Green Smoothies:<\/strong> mit Shomani<br \/>\n<strong>9.30 -12.30 Individuelle Spa Anwendungen<br \/>\n13.00 Mittagessen und Siesta<br \/>\n14.00 \u2013 17.00 Spa Anwendungen<br \/>\n17.00  Kreative Meditation:<\/strong> Tempel<br \/>\n<strong>17.15 -19.00 Offener KreativTempel<br \/>\n19.00 Abend Meditation:<\/strong> Tempel<br \/>\n<strong>19.30 Abendessen<br \/>\n20.30 Women Tempel<\/strong><\/p>\n<p>Der kreative Tempel ist durchgehend von 9.30 bis 19.00 Uhr ge\u00f6ffnet.<br \/>\nKreative Mediation um 17.00 Uhr, deine kreative Begleitung von 17.15 bis 19 Uhr.<\/p>\n<p>Du bekommst jeden Tag 2 individuelle Spa Behandlungen, den Rest des Tages gestaltest du, wie dein Herz und deine Seele es w\u00fcnschen. <\/p>\n<h3><strong>Kosten: <\/strong><\/h3>\n<h3><strong>3 Tage:<\/strong><br \/>\n15 bis 17 September<br \/>\noder 18 bis 20 September 2012<\/h3>\n<p><strong>980 Euro<br \/>\nBuchst du bis 30.Juni: 750 Euro<\/strong><\/p>\n<h3><strong>6 Tage:<\/strong><br \/>\n15 bis 20 September 2012<\/h3>\n<p><strong>1700 Euro<br \/>\nBuchst du bis 30.Juni: 1400 Euro<\/strong><\/p>\n<h3><strong>Bezahlung:<\/strong><\/h3>\n<p><strong>Per \u00dcberweisung:<\/strong> Bitte kontaktiere uns unter <a href=\"mailto:&#x6f;&#x66;&#x66;&#x69;&#x63;&#x65;&#x2e;&#x6c;&#x61;&#x2e;&#x6c;&#x75;&#x6d;&#x69;&#x65;&#x72;&#x65;&#x40;&#x67;&#x6d;&#x61;&#x69;&#x6c;&#x2e;&#x63;&#x6f;&#x6d;\" title=\"mail an la lumiere\" target=\"_blank\"><span class=\"oe_textdirection\">&#x6d;&#x6f;&#x63;&#x2e;&#x6c;&#x69;&#x61;&#x6d;&#x67;<span class=\"oe_displaynone\">null<\/span>&#x40;&#x65;&#x72;&#x65;&#x69;&#x6d;&#x75;&#x6c;&#x2e;&#x61;&#x6c;&#x2e;&#x65;&#x63;&#x69;&#x66;&#x66;&#x6f;<\/span><\/a> und wir senden dir alle Informationen zu + eine Portion Liebe<br \/>\n<strong>Per Paypal\/Credit Card:<\/strong> + eine Portion Liebe<\/p>\n<table>\n<tbody>\n<tr>\n<td width=\"300px\">\n<a class=\"ec_ejc_thkbx broken_link\" target=\"ej_ejc\" href=\"https:\/\/www.paypal.com\/cgi-bin\/webscr?cmd=_s-xclick&amp;hosted_button_id=EMABQXFDX48UJ\" style=\"border-bottom:0px;\" onclick=\"javascript:return EJEJC_lc(this);\"><img src=\"http:\/\/thefemalegrail.com\/deutsch\/wp-content\/uploads\/2012\/05\/button-spa-3-tage.png\" alt=\"\" title=\"button-nature-spa 3 tage\" class=\"aligncenter\" \/><\/a><\/td>\n<td><a class=\"ec_ejc_thkbx broken_link\" target=\"ej_ejc\" href=\"https:\/\/www.paypal.com\/cgi-bin\/webscr?cmd=_s-xclick&amp;hosted_button_id=2VUGHSKGQSRUW\" style=\"border-bottom:0px;\" onclick=\"javascript:return EJEJC_lc(this);\"><img src=\"http:\/\/thefemalegrail.com\/deutsch\/wp-content\/uploads\/2012\/05\/button-spa-6-tage.png\" alt=\"\" title=\"button-nature-spa 6 tage\" class=\"alignnone\" \/><\/a> <\/td>\n<\/tr>\n<\/tbody>\n<\/table>\n<h3>oder reserviere deinen Platz per Mail <a href=\"mailto:&#x6f;&#x66;&#x66;&#x69;&#x63;&#x65;&#x2e;&#x6c;&#x61;&#x2e;&#x6c;&#x75;&#x6d;&#x69;&#x65;&#x72;&#x65;&#x40;&#x67;&#x6d;&#x61;&#x69;&#x6c;&#x2e;&#x63;&#x6f;&#x6d;\" title=\"mail an la lumiere\" target=\"_blank\"><span class=\"oe_textdirection\">&#x6d;&#x6f;&#x63;&#x2e;&#x6c;&#x69;&#x61;&#x6d;&#x67;<span class=\"oe_displaynone\">null<\/span>&#x40;&#x65;&#x72;&#x65;&#x69;&#x6d;&#x75;&#x6c;&#x2e;&#x61;&#x6c;&#x2e;&#x65;&#x63;&#x69;&#x66;&#x66;&#x6f;<\/span><\/a><\/h3>\n<p><span><\/span><\/p>\n<h3><strong>Beinhaltet:<\/strong><\/h3>\n<p>3 Mahlzeiten pro Tag (aus der Bio und 5-Elemente K\u00fcche)<br \/>\n2  individuelle Spa Behandlungen pro Tag<br \/>\nDein individuelles Detox Programm nach einem Vorgespr\u00e4ch mit Shomani<br \/>\nArt\/Kreativ-Programm mit F\u00fchrung<br \/>\nMaterial zum K\u00fcnstlern<br \/>\nWomen Tempel<br \/>\nYoga<br \/>\nKr\u00e4uterschule<br \/>\nSnacks, Getr\u00e4nke, wie Tees, S\u00e4fte und Wasser inklusive<\/p>\n<h3><strong>Beinhaltet nicht:<\/strong><\/h3>\n<p>Anreise und \u00dcbernachtung.<br \/>\nUnser nomadisches Dorf ist von 7.15 bis 21.30 Uhr f\u00fcr dich ge\u00f6ffnet. Du kannst dich hier den ganzen Tag einnisten und geborgen sein. Nur zum schlafen ist es nicht geeignet. \u00dcbernachtungsm\u00f6glichkeiten findest du <a href=\"\/deutsch\/wp-content\/uploads\/files\/unterkuenfte-in-bagnols-en-foret.pdf\" class=\"broken_link\">hier<\/a>.<\/p>\n<h3><strong>Stornierungsbedingungen:<\/strong><\/h3>\n<p>Bei schriftlichem R\u00fccktritt bis zum 29. Juli 2012 erh\u00e4ltst du 50% des eingezahlten Betrages zur\u00fcck.<\/p>\n<p>Bei sp\u00e4terem R\u00fccktritt gibt es keine R\u00fcckerstattung, au\u00dfer der Platz wird durch jemand anderen ersetzt.<\/p>\n<h3><strong>Wie kommst du hierher:<\/strong><\/h3>\n<p>Anreisehilfe findet ihr <a href=\"\/deutsch\/wp-content\/uploads\/files\/reise-nach-bagnols-en-foret.pdf\" class=\"broken_link\">hier<\/a>, \u00dcbernachtungsm\u00f6glichkeiten <a href=\"\/deutsch\/wp-content\/uploads\/files\/unterkuenfte-in-bagnols-en-foret.pdf\" class=\"broken_link\">hier<\/a>.<br \/>\n<span><\/span><br \/>\n<span><\/span><\/p>\n<div style=\"padding-bottom:160px\">\n<div class=\"section half2\" style=\"margin-left:100px;\"><img src=\"\/wp-content\/uploads\/2012\/05\/button-klein-nature-spa.jpg\" width=\"170\" \/><\/div>\n<div class=\"section half end3\">\n<div class=\"inner2\">\n<p style=\"font-size: 1em; font-weight: 300; color:#fff; padding-left: 5px; padding-bottom:0px;\">Halte mich auf dem Laufenden \u00fcber NSpa<\/p>\n<form method=\"post\" class=\"af-form-wrapper\" action=\"http:\/\/www.aweber.com\/scripts\/addlead.pl\"  >\n<div style=\"display: none;\">\n<input type=\"hidden\" name=\"meta_web_form_id\" value=\"1874027193\" \/><br \/>\n<input type=\"hidden\" name=\"meta_split_id\" value=\"\" \/><br \/>\n<input type=\"hidden\" name=\"listname\" value=\"das-nature-spa\" \/><br \/>\n<input type=\"hidden\" name=\"redirect\" value=\"http:\/\/www.aweber.com\/thankyou-coi.htm?m=text\" id=\"redirect_4204027c6c85aae2b0a114187168c186\" \/><\/p>\n<p><input type=\"hidden\" name=\"meta_adtracking\" value=\"the_female_grail_eng_new\" \/><br \/>\n<input type=\"hidden\" name=\"meta_message\" value=\"1\" \/><br \/>\n<input type=\"hidden\" name=\"meta_required\" value=\"name,email\" \/><\/p>\n<p><input type=\"hidden\" name=\"meta_tooltip\" value=\"name||Name:,,email||Email:\" \/>\n<\/div>\n<div id=\"af-form-1874027193\" class=\"af-form\">\n<div id=\"af-body-1874027193\"  class=\"af-body af-standards\">\n<div class=\"af-element\">\n<label class=\"previewLabel\" for=\"awf_field-32526726\"><\/label><\/p>\n<div class=\"af-textWrap\">\n<input id=\"awf_field-32526726\" type=\"text\" name=\"name\" class=\"text\" value=\"Name:\"  onfocus=\" if (this.value == 'Name:') { this.value = ''; }\" onblur=\"if (this.value == '') { this.value='Name:';} \" tabindex=\"500\" \/>\n<\/div>\n<div class=\"af-clear\"><\/div>\n<\/div>\n<div class=\"af-element\">\n<label class=\"previewLabel\" for=\"awf_field-32526727\"><\/label><\/p>\n<div class=\"af-textWrap\"><input class=\"text\" id=\"awf_field-32526727\" type=\"text\" name=\"email\" value=\"Email:\" tabindex=\"501\"  onfocus=\" if (this.value == 'Email:') { this.value = ''; }\" onblur=\"if (this.value == '') { this.value='Email:';} \" \/>\n<\/div>\n<div class=\"af-clear\"><\/div>\n<\/div>\n<div class=\"af-element buttonContainer\">\n<input name=\"submit\" class=\"submit\" type=\"submit\" value=\"Sag Ja!\" tabindex=\"502\" \/>\n<\/div>\n<\/div>\n<\/div>\n<div style=\"display: none;\"><img src=\"http:\/\/forms.aweber.com\/form\/displays.htm?id=jBzsLAxM7IyczA==\" alt=\"\" \/><\/div>\n<\/form>\n<style type=\"text\/css\">\n#af-form-1874027193 .af-body .af-textWrap{width:98%;display:block;float:none;}\n#af-form-1874027193 .af-body input.text, #af-form-1874027193 .af-body textarea{background-color:#fff;border-color:#919191;border-width:1px;border-style:solid;color:#513438;text-decoration:none;font-style:normal;font-weight:normal;font-size:14px;font-family:Helvetica, sans-serif; height:18px; width:150px;}\n#af-form-1874027193 .af-body input.text:focus, #af-form-1874027193 .af-body textarea:focus{background-color:#ffffff;border-color:#030303;border-width:1px;border-style:solid;}\n#af-form-1874027193 .af-body label.previewLabel{display:block;float:none;text-align:left;width:auto;color:#000000;text-decoration:none;font-style:normal;font-weight:normal;font-size:12px;font-family:Verdana, sans-serif;}\n#af-form-1874027193 .af-body{padding-bottom:5px;padding-top:5px;background-repeat:no-repeat;background-position:inherit; color:#000000;font-size:11px;font-family:Verdana, sans-serif; width:170px;}\n#af-form-1874027193 .af-quirksMode{padding-right:15px;padding-left:15px;}\n#af-form-1874027193 .af-standards .af-element{padding-right:0px;padding-left:3px;}\n#af-form-1874027193 .buttonContainer input.submit{background-image:none;color:#FFFFFF;text-decoration:none;font-style:normal;font-weight:normal;font-size:14px;font-family:Helvetica, sans-serif;}\n#af-form-1874027193 .buttonContainer input.submit{width:auto;}\n#af-form-1874027193 .buttonContainer{text-align:left;}\n#af-form-1874027193 button,#af-form-1874027193 input,#af-form-1874027193 submit,#af-form-1874027193 textarea,#af-form-1874027193 select,#af-form-1874027193 label,#af-form-1874027193 optgroup,#af-form-1874027193 option{float:none;position:static;margin:0;}\n#af-form-1874027193 div{margin:0;}\n#af-form-1874027193 form,#af-form-1874027193 textarea,.af-form-wrapper,.af-form-close-button,#af-form-1874027193 img{float:none;color:inherit;position:static;background-color:none;border:none;margin:0;padding:0;}\n#af-form-1874027193 input,#af-form-1874027193 button,#af-form-1874027193 textarea,#af-form-1874027193 select{font-size:100%;}\n#af-form-1874027193 select,#af-form-1874027193 label,#af-form-1874027193 optgroup,#af-form-1874027193 option{padding:0;}\n#af-form-1874027193,#af-form-1874027193 .quirksMode{width:225px;}\n#af-form-1874027193.af-quirksMode{overflow-x:hidden;}\n#af-form-1874027193{background-color:transparent;border-color:transparent;border-width:1px;border-style:none;}\n#af-form-1874027193{display:block;}\n#af-form-1874027193{overflow:hidden;}\n.af-body .af-textWrap{text-align:left;}\n.af-body input.image{border:none!important;}\n.af-body input.submit,.af-body input.image,.af-form .af-element input.button{float:none!important;}\n.af-body input.text{width:100%;float:none;padding:2px!important;}\n.af-body.af-standards input.submit{padding:4px 12px;}\n.af-clear{clear:both;}\n.af-element label{text-align:left;display:block;float:left;}\n.af-element{padding:5px 0;}\n.af-form-wrapper{text-indent:0;}\n.af-form{text-align:left;margin:auto;}\n.af-quirksMode .af-element{padding-left:0!important;padding-right:0!important;}\n.lbl-right .af-element label{text-align:right;}\nbody { \n}\n<\/style>\n<\/div>\n<\/div>\n<\/div>\n<p><script type=\"text\/javascript\">\n    <!--\n    (function() {\n        var IE = \/*@cc_on!@*\/false;\n        if (!IE) { return; }\n        if (document.compatMode && document.compatMode == 'BackCompat') {\n            if (document.getElementById(\"af-form-1874027193\")) {\n                document.getElementById(\"af-form-1874027193\").className = 'af-form af-quirksMode';\n            }\n            if (document.getElementById(\"af-body-1874027193\")) {\n                document.getElementById(\"af-body-1874027193\").className = \"af-body inline af-quirksMode\";\n            }\n            if (document.getElementById(\"af-header-1874027193\")) {\n                document.getElementById(\"af-header-1874027193\").className = \"af-header af-quirksMode\";\n            }\n            if (document.getElementById(\"af-footer-1874027193\")) {\n                document.getElementById(\"af-footer-1874027193\").className = \"af-footer af-quirksMode\";\n            }\n        }\n    })();\n    -->\n<\/script><\/p>","protected":false},"excerpt":{"rendered":"<p>Unsere Events Saftiges Ashramleben Schw\u00e4rmereien &#038; Liebe &nbsp; Das Nature Spa Heilung der weiblichen Seele in den H\u00e4nden der Natur und Kreativit\u00e4t f\u00fcr Frauen von Frauen 15 bis 20 September 2012 Veranstaltungsort: La Lumi\u00e8re &#8211; S\u00fcdfrankreich Das Natur Spa ist eine wilde Vision f\u00fcr Frauen. Wir verlassen alle beengenden R\u00e4ume und \u00f6ffnen eine nomadische Welt, [&hellip;]<\/p>\n","protected":false},"author":2,"featured_media":0,"parent":56,"menu_order":0,"comment_status":"closed","ping_status":"closed","template":"page-ll.php","meta":{"ngg_post_thumbnail":0},"_links":{"self":[{"href":"https:\/\/thefemalegrail.com\/deutsch\/wp-json\/wp\/v2\/pages\/1019"}],"collection":[{"href":"https:\/\/thefemalegrail.com\/deutsch\/wp-json\/wp\/v2\/pages"}],"about":[{"href":"https:\/\/thefemalegrail.com\/deutsch\/wp-json\/wp\/v2\/types\/page"}],"author":[{"embeddable":true,"href":"https:\/\/thefemalegrail.com\/deutsch\/wp-json\/wp\/v2\/users\/2"}],"replies":[{"embeddable":true,"href":"https:\/\/thefemalegrail.com\/deutsch\/wp-json\/wp\/v2\/comments?post=1019"}],"version-history":[{"count":70,"href":"https:\/\/thefemalegrail.com\/deutsch\/wp-json\/wp\/v2\/pages\/1019\/revisions"}],"predecessor-version":[{"id":1306,"href":"https:\/\/thefemalegrail.com\/deutsch\/wp-json\/wp\/v2\/pages\/1019\/revisions\/1306"}],"up":[{"embeddable":true,"href":"https:\/\/thefemalegrail.com\/deutsch\/wp-json\/wp\/v2\/pages\/56"}],"wp:attachment":[{"href":"https:\/\/thefemalegrail.com\/deutsch\/wp-json\/wp\/v2\/media?parent=1019"}],"curies":[{"name":"wp","href":"https:\/\/api.w.org\/{rel}","templated":true}]}}