{"id":2181,"date":"2013-07-16T17:59:02","date_gmt":"2013-07-16T15:59:02","guid":{"rendered":"http:\/\/thefemalegrail.com\/deutsch\/?page_id=2181"},"modified":"2019-10-08T08:29:24","modified_gmt":"2019-10-08T07:29:24","slug":"write-your-future-book","status":"publish","type":"page","link":"https:\/\/thefemalegrail.com\/deutsch\/mich-treffen-mit-mir-arbeiten\/write-your-future-book\/","title":{"rendered":"write Your Future Book"},"content":{"rendered":"<p><img class=\"aligncenter size-full wp-image-2201\" title=\"write-yfb\" src=\"http:\/\/thefemalegrail.com\/deutsch\/wp-content\/uploads\/2013\/07\/write-yfb.jpg\" alt=\"\" width=\"300\" \/><\/p>\n<h1>write Your Future Book<\/h1>\n<p><strong>7 Monate<br \/>\n6 Module<br \/>\ndein Mentoring-Programm mit mir<br \/>\nund deiner ausgew\u00e4hlten Mastermind &#8211; Gruppe.<br \/>\nEin neues Netzwerk der richtigen Leute.<\/strong><\/p>\n<p><strong>Das Ziel ist es, deine Vision aus dem Himmel auf die Erde zu bringen. Wir entwickeln daraus dein Gesch\u00e4ftskonzept und die Karte, auf der du reist. Du wirst wissen, was deine konkreten Schritte sind, um deinen Traum authentisch real werden zu lassen. Das gro\u00dfe Bild wird dein seelenvoller Leitfaden. <\/strong><\/p>\n<p>Business machen alleine reicht uns nicht, wir wollen tun, was wir lieben, und damit Geld verdienen.<br \/>\nErfolg ist ein Lebensgef\u00fchl und wird nach unseren Regeln definiert.<\/p>\n<p>Neue Kommunikation, neue Wege, eine neue Welt.<\/p>\n<p>Das #YFB zeigt dir den Weg, wie du neu denkst.<br \/>\nErschaffe dein Imperium und herrsche dar\u00fcber.<\/p>\n<h4>Sch\u00f6pfe ein verf\u00fchrerisches Skript.<br \/>\nVerwebe F\u00fchrung, Business und Spiritualit\u00e4t.<br \/>\nSeele trifft Bizbliss.<\/h4>\n<p><strong>Sei die n\u00e4chste Generation. <\/strong><br \/>\nDas write YOUR FUTUR BOOK Programm begann mit meiner Vision, spirituelle Lehrer und Berater erfolgreich zu machen. Ich wollte keine Businessstarts beraten, sondern bin entschlossen, Leader und Experten in ihrer Branche, in ihrem Know-how Gebiet zu erwecken und wach zu k\u00fcssen. Ich kenne die Menschen mit den besten spirituellen F\u00e4higkeiten, aber ohne erw\u00fcnschten Erfolg. Ich w\u00e4hlte f\u00fcr den Versuch 6 Seelen aus, die vor meinem inneren Auge erschienen. Ein Potpourri aus erfolgreichen Leadern, Seelen mit einer vagen Businessidee oder nicht mehr als purem Enthusiasmus. Das Experiment begann.<\/p>\n<p>&#8220;Du kommst mit den richtigen Leuten zusammen. Du unterst\u00fctzt neue kollektive F\u00fchrung. Du erfindest und erneuerst deine Branche.&#8221;<br \/>\n<strong>thefemalgrail.com<\/strong><\/p>\n<h4>F\u00fcr Neudenker, Leader mit Visionen, Non-Konformisten, K\u00fcnstler, Sternengucker, Bahnbrecher, Feuerspucker, spirituelle Lehrer, Berater, Meister, Gurus und alle, die die Dinge anders sehen.<\/h4>\n<h3>Wirst du schon erkannt, wie du erkannt werden willst?<\/h3>\n<p><strong>: f\u00fcr Spirituelle:<\/strong> die verwundete Erde: Wie macht man daraus ein Business, das man liebt.<\/p>\n<p><strong>: f\u00fcr K\u00fcnstler:<\/strong> die verwundete kreative Kraft: Wie macht man daraus ein Business und wird wieder K\u00fcnstler.<\/p>\n<p><strong>: f\u00fcr Unternehmer:<\/strong> die verwundete Realisation: Du bekommst spirituelle Werkzeuge und Kunst f\u00fcr deine Arbeit und dein Leben.<\/p>\n<p><strong>: f\u00fcr Leader:<\/strong> die verwundete Power: Du gewinnst Lebenskunst und kreatives Leadership.<\/p>\n<p><strong>Das Lebensgef\u00fchl <\/strong><br \/>\nDie Wissenschaft kann es sich noch nicht erkl\u00e4ren, wir schon. Es braucht unsere ganze Offenheit f\u00fcr das Neue.<br \/>\nWir verfallen in Gl\u00fcckszust\u00e4nde. Ganz unverhofft. Gl\u00fcckseligkeit zieht unerwartete Ereignisse an und macht dein Business zum Wunderwerk.<\/p>\n<p><strong>Ich, Durga, eine moderne mystische Vision\u00e4rin <\/strong><br \/>\nIch habe meinen Beruf neu erfunden. Ich bin Vision\u00e4rin f\u00fcr neues Business. Business, wie wir es noch nicht gelebt haben. Neuartig. Einzigartig. Die Visionen kommen zu mir und ich liefere sie aus. Visionen sch\u00f6pfen sich nicht auf Abruf, aber es geschieht, wenn Wunder und wir uns kreuzen. Sie kommen, wenn der Moment stimmt. Meine Freundin @Annette Saldana sagt: &#8220;Du bist eine Wunderarbeiterin. Das beinhaltet deine Gr\u00f6\u00dfe. Diese Welt braucht dich jetzt. Es war nie dringender.&#8221;<\/p>\n<p>Das Wunder geschieht im Handeln. Ich bringe dich an deine unbekannten Grenzen. Denn wir tr\u00e4umen Freiheit.<\/p>\n<p><strong>Der mystische Prozess<\/strong><br \/>\nMystik l\u00e4sst sich nicht erzwingen. Sie flie\u00dft in ihrem Rhythmus. Zur richtigen Zeit, wenn sie bereit ist. Es ist versprochen.<br \/>\nBei dem einen sammeln sich das Wunder und die Visionen \u00fcber Monate, dann entfacht das kreative Feuer und bringt den vollen Glanz nach drau\u00dfen.<br \/>\nBei dem anderen ist es verdeckt und wir m\u00fcssen tiefer graben. Oder die Vision kommt von mir &#8211; ich kann sie dir erschlie\u00dfen.<br \/>\nIch lese deine Sch\u00f6pfungsmuster und helfe dir, diese erfolgreich zu nutzen. Es sch\u00f6pft sich in heiligen Rhythmen und in unserem eigenen kreativen DNA-Muster.<\/p>\n<p>Wir gehen neue Wege. Wir experimentieren. Neue Kommunikation + neues Marketing + die Wellen der Energie richtig nutzen.<\/p>\n<h4>Nach der ersten Halbzeit<br \/>\nThe &#8220;first&#8221; Generation<\/h4>\n<p><img class=\"alignleft\" title=\"interview\" src=\"http:\/\/thefemalegrail.com\/deutsch\/wp-content\/uploads\/2012\/10\/sun-ya-fischer.png\" alt=\"\" width=\"85\" \/>&#8220;Ich finde es magic, genial. F\u00fcr mich ist das write Your Future Book das Coaching der Zukunft. Es ist ein wundervolles Konzept. Wie gemacht f\u00fcr diese verhei\u00dfungsvolle Zeit, die so viel f\u00fcr uns bereith\u00e4lt. Ich habe davor so vieles ausprobiert. Das Future Book ist es f\u00fcr mich, weil es Spiritualit\u00e4t und Business genial verbindet!<\/p>\n<p>Und Durga f\u00fchrt dich ganz zielgerichtet in deine Vision, du kannst sie f\u00fchlen, deine Sinne erwachen, du f\u00fchlst dich erkannt. Durga\u2019s genialer Geist, tr\u00e4gt dich durch den ganzen Prozess, so dass du schon nach kurzer Zeit mitten in deiner Vision stehst.<\/p>\n<p>Meine Vision ist jetzt kristallklar! Am Anfang hatte ich einen Faden, jetzt ist es ein Strom geworden von unendlicher Kraft, der mich zieht und ich wei\u00df mit Bestimmtheit, dass das meine Richtung ist. Alles, was ich brauche, f\u00fcgt sich wie von selbst. Man ist angekommen bei sich selbst, es ist einfach g\u00f6ttlich, herrlich. Ich wei\u00df, wo es hingeht und habe das Ziel klar vor Augen,- ich bin schon mittendrin. Es macht so viel Spa\u00df, volle Lebensfreude.&#8221;<br \/>\n<a href=\"http:\/\/www.akasha-chakra-essences.com\/de\/\" target=\"_blank\" class=\"broken_link\"><strong>Sun Ya Fischer<\/strong><\/a> | <a href=\"http:\/\/www.akasha-chakra-essences.com\/de\/\" target=\"_blank\" class=\"broken_link\">Akasha Chakra Essences<\/a><\/p>\n<p>&nbsp;<\/p>\n<p>&nbsp;<\/p>\n<p><img class=\"alignleft\" title=\"interview\" src=\"http:\/\/thefemalegrail.com\/deutsch\/wp-content\/uploads\/2012\/10\/thor-volgger.png\" alt=\"\" width=\"85\" \/>&#8220;Wer h\u00e4tte das gedacht, dass ich zum &#8220;Guerilla Feng Shui\u2019ler&#8221; erwachen w\u00fcrde.<\/p>\n<p>Ganz ehrlich, ich konnte mir am Anfang nicht vorstellen zu einem Coaching \u00fcber Internet ja zu sagen. Was mich dann schlussendlich bewogen hat trotzdem mit zu machen, war reine Neugier.<\/p>\n<p>Ja, Durga schafft es mit ihrer saftigen, wilden Liebe die Sch\u00e4tze aus den Tiefen meines Himmels heraus zu locken. Elegant, frech, souver\u00e4n \u00f6ffnet Durga den magisch-heiligen Raum f\u00fcr meine Vision.<\/p>\n<p>Your Future Book ist f\u00fcr mich ein &#8220;must have&#8221;, egal was ich mache. Ich glaube fest daran, dass jeder Mensch authentisch, ehrlich, voller Freude seiner Vision folgen kann und somit frei und selbstst\u00e4ndig wird.<\/p>\n<p>Meine Vision zu leben bedeutet f\u00fcr mich eine nicht endende Abenteuerreise im Land des Gl\u00fccklichseins.<\/p>\n<p>Durga, ich danke Dir.&#8221;<br \/>\n<a href=\"http:\/\/www.energeticfengshui.net\" target=\"_blank\" class=\"broken_link\"><strong>Thor Volgger<\/strong><\/a> | <a href=\"http:\/\/www.energeticfengshui.net\" target=\"_blank\" class=\"broken_link\">Energetic Feng Shui<\/a><\/p>\n<p><img class=\"alignleft\" title=\"interview\" src=\"http:\/\/thefemalegrail.com\/deutsch\/wp-content\/uploads\/2012\/10\/cheruba-schaefers.png\" alt=\"\" width=\"85\" \/>&#8220;Ich bin total begeistert vom write Your Future Book und kann es von ganzem Herzen weiterempfehlen. Dieses Coaching bringt einfach Ergebnisse!<br \/>\nIch habe viele bereichernde Erkenntnisse \u00fcber mich selbst gewonnen. Ich wei\u00df jetzt, was wirklich wichtig f\u00fcr mich ist.<\/p>\n<p>Mein Business findet immer mehr meinen ganz individuellen Ausdruck und beschert mir viele neue und spannende Erfolge!&#8221;<br \/>\n<a href=\"http:\/\/www.prashanti.eu\/\" target=\"_blank\" class=\"broken_link\"><strong>Cheruba Sch\u00e4fers<\/strong><\/a> | <a href=\"http:\/\/www.prashanti.eu\/\" target=\"_blank\" class=\"broken_link\">Business Feng Shui &amp; Lebenscult<\/a><\/p>\n<p><img class=\"alignleft\" title=\"interview\" src=\"http:\/\/thefemalegrail.com\/deutsch\/wp-content\/uploads\/2012\/10\/irka-schmuck.png\" alt=\"\" width=\"85\" \/>&#8220;Ich bin einfach nur dankbar, im write Your Future Book mitzumachen. F\u00fcr mich haben sich Ideen und Konzepte verbunden, wie ich mich und meine F\u00e4higkeiten verwirkliche. Ich habe tiefe Heilung erfahren, was meine eigene Geschichte angeht, und ich baue auf diesem Fundament nun mein Business auf, was mich sehr erf\u00fcllt, da ich es mit Hilfe des Future Books so gestalte, f\u00fclle und lebe, wie es mir entspricht.<\/p>\n<p>Der Austausch in der Gruppe und mit Durga als Mentorin ist auf diesem Weg eine wunderbare, vielseitige und manchmal auch notwendige Unterst\u00fctzung.<br \/>\nEs macht mich gl\u00fccklich, alles, was ich bin, mehr und mehr in meinem Business sichtbar werden zu lassen, einzubringen und zu entfalten.<\/p>\n<p>Es ist Freude, von Durga begleitet durch die Herausforderungen zu wachsen, sich von neuen Perspektiven und Methoden inspirieren und entz\u00fcnden zu lassen und letztendlich im eigenen heiligen Sch\u00f6pfungsraum zu landen, aus dem man immer weiter Freude sch\u00f6pft.<\/p>\n<p>Das Future Book ist f\u00fcr mich ein Quell der Inspiration und Anleitung, immer tiefer in die eigenen R\u00e4ume einzutauchen, diese zu \u00f6ffnen, zu entfalten und erfolgreich im Au\u00dfen zu leben. Es haben sich nach k\u00fcrzester Zeit Businessprojekte erm\u00f6glicht, an die ich davor im Traum nicht gedacht h\u00e4tte&#8230;&#8221;<br \/>\n<a href=\"https:\/\/www.facebook.com\/Irkas.Textatelier\" target=\"_blank\"><strong>Irka Schmuck<\/strong><\/a> | <a href=\"https:\/\/www.facebook.com\/Irkas.Textatelier\" target=\"_blank\">Irka&#8217;s Textatelier<\/a><\/p>\n<h3>Lass besser die Finger davon, wenn<\/h3>\n<p>: du dir nicht in den wahren Spiegel sehen willst.<br \/>\n: du deine Schatten nicht als Power erobern willst.<br \/>\n: du auf dem hohen Ross sitzt.<br \/>\n: du es besser wei\u00dft und kannst.<br \/>\n: du dich nicht ver\u00e4ndern willst.<br \/>\n: du Vorurteile weiter pflegen willst.<br \/>\n: du f\u00fcr Experimente keine Offenheit hast.<br \/>\n: du belehren willst.<br \/>\n: du vom Bettler auf der Stra\u00dfe nichts lernen kannst.<br \/>\n: du &#8220;der innere Saboteur Dandy&#8221; Typ bist.<br \/>\n: dich Enthusiasmus abschreckt.<br \/>\n: du denkst, Erfolg ist etwas f\u00fcr &#8220;nicht spirituelle&#8221; Menschen.<br \/>\n: du Geld nicht als spirituellen Fluss anerkennen willst.<\/p>\n<h4>So funktioniert&#8217;s:<\/h4>\n<h3>Das &#8220;write Your Future Book&#8221; beinhaltet:<\/h3>\n<p><strong>Online Kurs \u00fcber 7 Monate <\/strong><br \/>\nDu findest deine 6 Module mit Sadhanas (die Philosophie), Meditationen und Arbeitsbl\u00e4ttern mit Aufgaben, dass du deine Antworten in dir selbst findest, regelm\u00e4\u00dfig alle 2 Wochen in deiner Mailbox.<br \/>\nDu kannst diese in deinem eigenen Rhythmus zu Hause bearbeiten.<\/p>\n<p><strong>6 mal 1 : 1 (ein-zu-eins)<\/strong><br \/>\nDu genie\u00dft deine ganz pers\u00f6nlichen individuellen Future Book Coachings mit mir. Sechs Mal treffen wir uns auf Skype und machen ein kreatives Feuerwerk f\u00fcr dich und wie du es wahr machen kannst. Mit jedem Modul gehen wir tiefer. Daf\u00fcr werden wir gemeinsam Gold graben. Du wirst von mir zu jedem Modul 60 Minuten gecoacht.<\/p>\n<p><strong>Master-Skype<\/strong><br \/>\nMonatlich trifft sich die \u201ewrite Your Future Book\u201c Gruppe auf Skype. Ein Raum, in dem wir Fragen kl\u00e4ren. Uns neue Herausforderungen anschauen und gemeinsam wachsen.<\/p>\n<p><strong>Das #YFB Netzwerk<\/strong><br \/>\nEin lebendiger Austausch. Die write Your Future Book Teilnehmer treffen sich auf einer geschlossenen Facebook Seite. Wir holen uns Rat. Inspirieren uns gegenseitig. Motivieren.<\/p>\n<p><strong>Das write Your Future Book hat 12 Pl\u00e4tze &#8211; einer k\u00f6nnte deiner sein.<\/strong><\/p>\n<p>Die n\u00e4chste Generation startet im Fr\u00fchjahr 2014.<\/p>\n<p>Die Investition in dein Business betr\u00e4gt 6 000 Euro mit UST ID, zahlbar in 6 Raten.<\/p>\n<p><center><a href=\"\/deutsch\/mich-treffen-mit-mir-arbeiten\/write-your-future-book\/write-your-future-book-fragebogen\/\" target=\"_blank\"><strong>Ich bewerbe mich f\u00fcr<br \/>\n&#8220;write Your Future Book&#8221;<\/strong><br \/>\nund klicke auf den Button.<\/a><\/center><a href=\"\/deutsch\/mich-treffen-mit-mir-arbeiten\/write-your-future-book\/write-your-future-book-fragebogen\/\" target=\"_blank\"><img class=\"aligncenter size-full wp-image-2201\" title=\"write-yfb\" src=\"http:\/\/thefemalegrail.com\/deutsch\/wp-content\/uploads\/2013\/07\/write-yfb.jpg\" alt=\"\" width=\"300\" \/><\/a><\/p>\n<h3>&#8220;Your Future Book&#8221; Live Event<br \/>\n(nicht inclusive)<\/h3>\n<p>Ein weiteres Highlight ist unser regelm\u00e4\u00dfiges 3-t\u00e4giges Your Future Book Live Event in La Lumi\u00e8re. Exklusiv f\u00fcr alle Teilnehmer veranstalten wir einen kreativen Pool, in den wir gemeinsam eintauchen. Uns vernetzen, austauschen, unser Business zelebrieren, unsere Erfolge feiern und uns so richtig verw\u00f6hnen.<br \/>\nDu kommst mit deinem aktuellen Projekt wie z.B. mit deiner Webseite, deinen Texten f\u00fcr deine Webseite oder der Strategie f\u00fcr ein neues Produkt und hast drei Tage daf\u00fcr Zeit, w\u00e4hrend du verw\u00f6hnt wirst und dich im Nature Spa ausspannen kannst.<br \/>\nIdeen von Durga werden 24 Stunden beigesteuert: Ein Feuerwerk von Visionen, kreativen Highlights und coolen Business-Ideen.<\/p>\n<h4>Das k\u00f6nnte dein Einstieg sein.<\/h4>\n<h4>Wie viel Zeit brauchst du?<\/h4>\n<p>Das write Your Future Book ist flexibel.<br \/>\n<strong>Von null auf 100<\/strong><br \/>\nBaue dein Business in 7 Monaten auf. Sei dir bewusst, dass die Umsetzung weitere 7 &#8211; 12 Monate dauert.<br \/>\n<strong>Renovieren<\/strong><br \/>\nDenke dein Business in 7 Monaten neu. Wir bauen eine \u00dcbergangsstrategie. Wir erh\u00f6hen, was du liebst und wir reduzieren, was du nicht mehr tun willst.<br \/>\n<strong>Langsamer Umbau<\/strong><br \/>\nDas #YFB ist ein Kosmos &#8211; er w\u00e4chst nat\u00fcrlich. Lasse dir Zeit, die Zeit, die du brauchst, um nat\u00fcrlich zu wachsen. Finde deinen ganz eigenen Rhythmus.<br \/>\n<strong>Kreatives Handbuch f\u00fcr Business<\/strong><br \/>\nDu kannst immer wieder zur\u00fcckkommen, Sachen vertiefen, neu aufrollen. Es ist ein Handbuch, das dir immer hilft, genau da einzusteigen, wo dein Business aktuelle Zuwendung braucht. Kreiere dein magisches Business-Handbuch &#8211; deine individuelle Geheimwaffe f\u00fcr dein Business.<\/p>\n<h4>Plane<\/h4>\n<p>: einen Tag pro Woche f\u00fcr das write Your Future Book, wenn du schnell gehen willst.<br \/>\n: oder mache es in deinem Rhythmus.<br \/>\n: Dein Business ist ein Lebensprozess. Du wirst immer wieder zur\u00fcckkommen, Dinge vertiefen und weiter wachsen.<\/p>\n<p><strong>Wir schaffen \u00f6kologische nat\u00fcrliche \u00dcberg\u00e4nge, die den Geldfluss schon heute anregen.<br \/>\nWir finden deinen aktuellen &#8220;Geldmacher&#8221;.<br \/>\nWir erschaffen dein Business f\u00fcr die Zukunft, zu der DU geh\u00f6ren m\u00f6chtest.<br \/>\nWir bauen auf Essenz und Qualit\u00e4t. Ein fruchtbarer Boden, der dich n\u00e4hrt. <\/strong><\/p>\n<h3>Die Module<\/h3>\n<p><strong>MODUL 1<\/strong><br \/>\nGR\u00d6SSERE VISION :: DEIN SEELENPLAN ::<\/p>\n<p>Du hast deine Vision. Wunderbar. Dann werden wir sie gemeinsam in eine ausgemalte Imagelandschaft bringen<br \/>\n<a title=\"was-ist-die-verrueckteste-idee-von-der-du-traeumst\/\" href=\"http:\/\/thefemalegrail.com\/deutsch\/2012\/10\/was-ist-die-verrueckteste-idee-von-der-du-traeumst\/\" target=\"_blank\">http:\/\/thefemalegrail.com\/deutsch\/2012\/10\/was-ist-die-verrueckteste-idee-von-der-du-traeumst\/<\/a><\/p>\n<p>Du hast noch keine Vision, dann visioniere ich mit dir.<br \/>\nhttp:\/\/thefemalegrail.com\/deutsch\/mich-treffen-mit-mir-arbeiten\/dein-future-book\/<\/p>\n<p>Wir werden deine Grenzen sprengen. Und gro\u00df tr\u00e4umen. Authentisch.<\/p>\n<p>DAS S\u00dcSSE GELDGESPR\u00c4CH<br \/>\nSCHNELLER SCHNAPPSCHUSS auf dein Einkommen. Reality Check.<\/p>\n<p><strong>MODUL 2<\/strong><br \/>\nDAS DU :: DEIN TRIBE :: DEIN IDEALER KUNDE :: DEIN MARKT<\/p>\n<p><strong>MODUL 3<\/strong><br \/>\nDEIN IBRAND :: DEINE STORY :: DIE POWER DEINES AUSDRUCKS :: DEINE FASZINATION<\/p>\n<p><strong>MODUL 4<\/strong><br \/>\nDEIN OFFERING :: DEIN ANGEBOT :: DEIN UNIVERSUM :: DEIN PRODUKT :: DEINE LIEBE<\/p>\n<p><strong>MODUL 5<\/strong><br \/>\nDEINE KARTE :: DEINE BLUE OCEAN STRATEGIE<\/p>\n<p><strong>MODUL 6<\/strong><br \/>\nSELBSTBRANDING :: DEINE PROMOTION STRATEGIE:: DEIN LIEBESMARKETING<\/p>\n<p><strong>Das write Your Future Book hat 12 Pl\u00e4tze &#8211; einer k\u00f6nnte deiner sein.<br \/>\nDie n\u00e4chste Generation startet im Fr\u00fchjahr 2014.<br \/>\nDie Investition in dein Business betr\u00e4gt 6 000 Euro mit UST ID, zahlbar in 6 Raten.<\/strong><\/p>\n<p><strong>H\u00fcpft dein Herz h\u00f6her? Dann lass uns reden. Bewerbe dich bei mir.<br \/>\nWie m\u00fcssen gut zusammenpassen, um die H\u00f6hen des Himalayas zusammen zu erklimmen. <\/strong><\/p>\n<p>Dein 15min\u00fctiges Vorgespr\u00e4ch auf Skype oder am Telefon ist kostenfrei.<\/p>\n<p>Ich freue mich. Auf dich.<\/p>\n<p><a href=\"\/deutsch\/mich-treffen-mit-mir-arbeiten\/write-your-future-book\/write-your-future-book-fragebogen\/\" target=\"_blank\"><img class=\"aligncenter size-full wp-image-2201\" title=\"write-yfb\" src=\"http:\/\/thefemalegrail.com\/deutsch\/wp-content\/uploads\/2013\/07\/write-yfb.jpg\" alt=\"\" width=\"300\" \/><\/a><\/p>\n<p><center><a href=\"\/deutsch\/mich-treffen-mit-mir-arbeiten\/write-your-future-book\/write-your-future-book-fragebogen\/\" target=\"_blank\"><strong>Ich bewerbe mich f\u00fcr<br \/>\n&#8220;write Your Future Book&#8221;<\/strong><br \/>\nund klicke auf den Button.<\/a><\/center><\/p>\n<p><img class=\"aligncenter size-full wp-image-2201\" title=\"YFB life\" src=\"http:\/\/thefemalegrail.com\/deutsch\/wp-content\/uploads\/2014\/01\/YFB_life.jpg\" alt=\"\" \/><br \/>\n<strong>Erstmals im September 2013:<br \/>\nDas &#8220;write Your Future Book live&#8221; exklusiv f\u00fcr Future Bookler. Zum einsteigen und tiefer gehen.<\/strong><br \/>\nIm September findet f\u00fcr die erste und zweite Generation ein Live Event in La Lumi\u00e8re statt. Exklusives Gathering nur f\u00fcr Future Book Rocker. Drei Tage voller zauberhafter Visionen, kreativer Highlights. Ein Thema auf den Punkt bringen, deinen Text schreiben oder ein Projekt richtig satt tr\u00e4umen. Wir zelebrieren unser Business, feiern unsere Erfolge, tauschen uns aus, feuern uns an, wachsen gemeinsam. Es gibt einen kreativen Pool, in den wir gemeinsam eintauchen. Gro\u00dfe Schritte zusammen gehen. Euer live Coaching genie\u00dfen und in den unheimlich tiefen Schatz von Know-how aus der Gemeinschaft eintauchen und einander n\u00e4hren.<\/p>\n<p>Ein Verw\u00f6hn-Programm der Sonderklasse:<br \/>\nFuture Book Live + Nature Spa und weitere Highlights solltest du auf keinen Fall verpassen &#8211; wir sehen uns von 04. &#8211; 06. April 2014 in S\u00fcdfrankreich.<br \/>\n<strong>&#8220;write Your Future Book live&#8221; + Nature Spa Verw\u00f6hn-Program. Lass dich \u00fcberraschen. <\/strong><\/p>\n<p><strong>Die Investition in dein &#8220;write Your Future Book live&#8221; Event betr\u00e4gt 1 500 Euro mit UST ID.<br \/>\n04. &#8211; 06. April 2014 in S\u00fcdfrankreich.<\/strong><\/p>","protected":false},"excerpt":{"rendered":"<p>write Your Future Book 7 Monate 6 Module dein Mentoring-Programm mit mir und deiner ausgew\u00e4hlten Mastermind &#8211; Gruppe. Ein neues Netzwerk der richtigen Leute. Das Ziel ist es, deine Vision aus dem Himmel auf die Erde zu bringen. Wir entwickeln daraus dein Gesch\u00e4ftskonzept und die Karte, auf der du reist. Du wirst wissen, was deine [&hellip;]<\/p>\n","protected":false},"author":4,"featured_media":0,"parent":59,"menu_order":0,"comment_status":"closed","ping_status":"closed","template":"","meta":{"ngg_post_thumbnail":0},"_links":{"self":[{"href":"https:\/\/thefemalegrail.com\/deutsch\/wp-json\/wp\/v2\/pages\/2181"}],"collection":[{"href":"https:\/\/thefemalegrail.com\/deutsch\/wp-json\/wp\/v2\/pages"}],"about":[{"href":"https:\/\/thefemalegrail.com\/deutsch\/wp-json\/wp\/v2\/types\/page"}],"author":[{"embeddable":true,"href":"https:\/\/thefemalegrail.com\/deutsch\/wp-json\/wp\/v2\/users\/4"}],"replies":[{"embeddable":true,"href":"https:\/\/thefemalegrail.com\/deutsch\/wp-json\/wp\/v2\/comments?post=2181"}],"version-history":[{"count":32,"href":"https:\/\/thefemalegrail.com\/deutsch\/wp-json\/wp\/v2\/pages\/2181\/revisions"}],"predecessor-version":[{"id":3086,"href":"https:\/\/thefemalegrail.com\/deutsch\/wp-json\/wp\/v2\/pages\/2181\/revisions\/3086"}],"up":[{"embeddable":true,"href":"https:\/\/thefemalegrail.com\/deutsch\/wp-json\/wp\/v2\/pages\/59"}],"wp:attachment":[{"href":"https:\/\/thefemalegrail.com\/deutsch\/wp-json\/wp\/v2\/media?parent=2181"}],"curies":[{"name":"wp","href":"https:\/\/api.w.org\/{rel}","templated":true}]}}