{"id":244,"date":"2011-09-21T14:47:04","date_gmt":"2011-09-21T14:47:04","guid":{"rendered":"http:\/\/dev.thefemalegrail.com\/deutsch\/?page_id=244"},"modified":"2012-09-22T16:49:24","modified_gmt":"2012-09-22T14:49:24","slug":"das-manifest-des-weiblichen-grals","status":"publish","type":"page","link":"https:\/\/thefemalegrail.com\/deutsch\/das-manifest-des-weiblichen-grals\/","title":{"rendered":"Das Manifest des weiblichen Grals"},"content":{"rendered":"<h1>DAS MANIFEST<br \/>\nDES WEIBLICHEN GRALS<\/h1>\n<blockquote><p>Unsere heilige Stimme erwacht in einer verzweifelten Welt.<br \/>\nWir lauschen Gott im Dunkel der Nacht.<br \/>\nUnser Gebet ist Evolution. Unsere Mission ist Absicht.<\/p>\n<p>Wir tr\u00e4umen einen gemeinschaftlichen Traum der Vereinigung.<br \/>\nDie G\u00f6ttin segnet uns mit Ausdehnung.<br \/>\nWir sind wild, kreativ, wahrhaftig. Das ist unsere Quelle.<br \/>\nWir vertrauen darauf, uns der Liebe hinzugeben.<br \/>\nWir nehmen den Ruf an. Wir laden das Unbekannte ein.<\/p>\n<p>Wir glauben an unseren Himmel und an einen besseren Tag f\u00fcr die Menschheit.<br \/>\nWir umarmen voll Angst und dennoch furchtlos die Dunkelheit,<br \/>\ngewillt uns mit allen Aspekten der Sch\u00f6pfung zu vereinen.<\/p>\n<p>Mit unseren Wunden weben wir heilige Geschichten.<br \/>\nUnsere Narben sind Markierungen auf der Landkarte unserer Seelen.<br \/>\nDie Quelle in uns ist so m\u00e4chtig wie Gott und wir lassen sie flie\u00dfen.<\/p>\n<p>Der weibliche Gral verwebt unser Selbst, unser Erwachen, unsere Selbstverwirklichung in dieser Welt. Wir gew\u00e4hren und erhalten Erlaubnis von einander und darin wachsen wir. Wir entfalten uns.<\/p>\n<p>Unsere Visionen folgen den Fu\u00dfspuren des unsterblichen Christus und dem erleuchteten Universum.<\/p><\/blockquote>\n<h1>DU FINDEST UNS\u2026<\/h1>\n<p>Du findest uns dabei, neue Generationen von Einflussnehmern zu inspirieren, indem wir unsere Ausdruckskraft durch unser Vertrauen ins Universum und unsere eigene Macht erweitern und indem wir uns die Freiheit nehmen, unseren Weg selbst zu erschaffen.<\/p>\n<p>Du findest uns meditierend, inmitten von duftenden Blumen in einem Ashram in Indien, alle Karrieren und Komfortzonen f\u00fcr eine Auszeit hinter uns lassend, um den magischen Frieden im Inneren zu umarmen.<\/p>\n<p>Du findest uns unser Klostergewand gegen ein raffiniertes Divenkleid austauschen, denn wir k\u00e4mpfen darum Mittelm\u00e4\u00dfigkeit zu befreien und erleuchtete Business Supernovas zu erheben.<\/p>\n<p>Du findest uns heimlich betend bei Starbucks, weil Gebete unsere Seelennahrung sind.<\/p>\n<p>Du findest uns wie eine graue Maus in der Menschenmenge, mystisch l\u00e4chelnd mit dem inneren Wissen: \u201eIch bin ein Kind Gottes.\u201c<\/p>\n<p>Du findest uns dabei Universen zu bewegen und Gelder aufzubringen f\u00fcr leidende Kinder und dabei zu wispern: \u201eIch wei\u00df, wir k\u00f6nnen diese Welt heilen.\u201c<\/p>\n<p>Du findest uns dabei Mantren der lebendigen Freundlichkeit und Freude zu rezitieren, wie ein buddhistischer M\u00f6nch, bevor wir uns mit unserer Wahrheit und unseren ver\u00e4ndernden Denkweisen in die erste Reihe bloggen.<\/p>\n<p>Du findest uns dabei unsere eigene Religion zu kreieren, in der Welt herum zu reisen und niemals die Verwegenheit des kosmischen Nomaden aufzugeben.<\/p>\n<p>Du findest uns dabei Vergn\u00fcgen als g\u00f6ttlichen Orgasmus zu feiern, offenherzig mit unserem Charme, Lip-Gloss und St\u00f6ckelschuhen.<\/p>\n<p>Du findest uns dabei, die Wunden der Seelen zu heilen.<\/p>\n<p>Du findest uns als Propheten des neuen Paradigmas: schamlose Selbstliebe und st\u00e4ndiges Karmal\u00f6schen, indem wir das Unvergessliche vergeben.<\/p>\n<p>Du findest uns tanzend im Feuer der Scheiterhaufen und dabei Gedanken verhexend, dass sie die Lust am T\u00f6ten vergessen.<\/p>\n<p>Du findest uns dabei, heilige Geschichten zu erz\u00e4hlen und den Stoff der Mysterien des Lebens zu weben.<\/p>\n<p>Du findest uns dabei, verzweifelt darum zu k\u00e4mpfen nie wieder unsere F\u00e4higkeit \u201eNein\u201c zu sagen zu verlieren, um unsere Tr\u00e4ume zu sch\u00fctzen.<\/p>\n<p>Du findest uns auf dem roten Teppich der Experten.<\/p>\n<p>Du findest uns unter hingebungsvollen Revolution\u00e4ren, unter Eroberern von Lebenswerten, unter Rebellen der Gnade, unter Kreuzfahrern des Unkonventionellen und unter den Sch\u00fctzern der heiligen Mutter Erde.<\/p>\n<p>Du findest uns an vielen weiteren Orten, wo wir die weltlichen Momente ins Heilige verwandeln, nur indem wir die sind, die wir sind.<br \/>\n<span><\/span><br \/>\n<span><\/span><\/p>\n<p style=\"text-align: center;\">Klicke auf das Bild um das Manifest als PDF zu \u00f6ffnen oder herunterzuladen.<\/p>\n<div id=\"manifesto\" class=\"aligncenter1\">\n<h3><a href=\"http:\/\/www.thefemalegrail.com\/deutsch\/wp-content\/uploads\/2011\/07\/manifest-deutsch-pdf.pdf\" target=\"_blank\"><span style=\"text-transform: uppercase; font-size: 0.72em;\">das manifest des weiblichen grals<\/span><\/a><\/h3>\n<\/div>\n<p><span><\/span><br \/>\n<span><\/span><\/p>\n<div class=\"sharing\">\n\t\t<span class=\"twitter\"><a href=\"https:\/\/twitter.com\/share\" class=\"twitter-share-button\" data-url=\"http:\/\/thefemalegrail.com\/deutsch\/das-manifest-des-weiblichen-grals\/\" data-via=\"durgaholzhauser\">Tweet<\/a><script>!function(d,s,id){var js,fjs=d.getElementsByTagName(s)[0];if(!d.getElementById(id)){js=d.createElement(s);js.id=id;js.src=\"\/\/platform.twitter.com\/widgets.js\";fjs.parentNode.insertBefore(js,fjs);}}(document,\"script\",\"twitter-wjs\");<\/script><\/span><span class=\"facebook\"><iframe src=\"\/\/www.facebook.com\/plugins\/like.php?href=http%3A%2F%2Fthefemalegrail.com%2Fdeutsch%2Fdas-manifest-des-weiblichen-grals%2F&amp;send=false&amp;layout=button_count&amp;width=450&amp;show_faces=false&amp;action=like&amp;colorscheme=light&amp;font&amp;height=21&amp;appId=102397663140100\" scrolling=\"no\" frameborder=\"0\" style=\"border:none; overflow:hidden; width:150px; height:21px;\" allowTransparency=\"true\"><\/iframe><\/span><span class=\"google\"><g:plusone size=\"medium\"><\/g:plusone><\/span><div class=\"pin-it-btn-wrapper-shortcode \"><a href=\"\/\/www.pinterest.com\/pin\/create\/button\/?url=https%3A%2F%2Fthefemalegrail.com%2Fdeutsch%2Fdas-manifest-des-weiblichen-grals%2F&media=&description=Das%20Manifest%20des%20weiblichen%20Grals\" data-pin-do=\"buttonBookmark\" data-pin-config=\"none\"  data-pin-color=\"gray\"   rel=\"nobox\"><img src=\"\/\/assets.pinterest.com\/images\/pidgets\/pin_it_button.png\" title=\"Pin It\" data-pib-button=\"true\" \/><\/a><\/div><\/div>","protected":false},"excerpt":{"rendered":"<p>DAS MANIFEST DES WEIBLICHEN GRALS Unsere heilige Stimme erwacht in einer verzweifelten Welt. Wir lauschen Gott im Dunkel der Nacht. Unser Gebet ist Evolution. Unsere Mission ist Absicht. Wir tr\u00e4umen einen gemeinschaftlichen Traum der Vereinigung. Die G\u00f6ttin segnet uns mit Ausdehnung. Wir sind wild, kreativ, wahrhaftig. Das ist unsere Quelle. Wir vertrauen darauf, uns der [&hellip;]<\/p>\n","protected":false},"author":2,"featured_media":0,"parent":0,"menu_order":0,"comment_status":"closed","ping_status":"closed","template":"","meta":{"ngg_post_thumbnail":0},"_links":{"self":[{"href":"https:\/\/thefemalegrail.com\/deutsch\/wp-json\/wp\/v2\/pages\/244"}],"collection":[{"href":"https:\/\/thefemalegrail.com\/deutsch\/wp-json\/wp\/v2\/pages"}],"about":[{"href":"https:\/\/thefemalegrail.com\/deutsch\/wp-json\/wp\/v2\/types\/page"}],"author":[{"embeddable":true,"href":"https:\/\/thefemalegrail.com\/deutsch\/wp-json\/wp\/v2\/users\/2"}],"replies":[{"embeddable":true,"href":"https:\/\/thefemalegrail.com\/deutsch\/wp-json\/wp\/v2\/comments?post=244"}],"version-history":[{"count":65,"href":"https:\/\/thefemalegrail.com\/deutsch\/wp-json\/wp\/v2\/pages\/244\/revisions"}],"predecessor-version":[{"id":1406,"href":"https:\/\/thefemalegrail.com\/deutsch\/wp-json\/wp\/v2\/pages\/244\/revisions\/1406"}],"wp:attachment":[{"href":"https:\/\/thefemalegrail.com\/deutsch\/wp-json\/wp\/v2\/media?parent=244"}],"curies":[{"name":"wp","href":"https:\/\/api.w.org\/{rel}","templated":true}]}}