{"id":46,"date":"2011-07-17T16:47:08","date_gmt":"2011-07-17T16:47:08","guid":{"rendered":"http:\/\/dev.thefemalegrail.com\/deutsch\/?page_id=46"},"modified":"2015-10-06T21:18:12","modified_gmt":"2015-10-06T20:18:12","slug":"ueber-mich-kontakt","status":"publish","type":"page","link":"https:\/\/thefemalegrail.com\/deutsch\/ueber-mich-kontakt\/","title":{"rendered":"\u00dcber mich + kontakt"},"content":{"rendered":"<h2>\u201eGOTT, WER SOLL ICH IN DIESER WELT SEIN, WENN NICHT DAS?\u201c<\/h2>\n<p>Das war die Frage, die in mir loderte, als ich 25 war. Ich stand vor einer Kunstakademie und war wieder einmal abgelehnt worden, weil die Professoren meinten, sie k\u00f6nnten mir nichts mehr beibringen. Ich sei schon eine K\u00fcnstlerin, sagten sie. Das hat meine Welt einmal von innen nach au\u00dfen gedreht. Dies war der Anfang einer langen Wanderschaft, der Anfang meines Feuerweges, ein spiritueller Weg, den ich selbst w\u00e4hlte.<\/p>\n<p>Nach vielen Schritten auf diesem Weg, frage ich mich heute:<\/p>\n<h2>\u201cWER M\u00d6CHTE ICH IN DIESER WELT SEIN?\u201d<\/h2>\n<p>Die unkonventionelle Ikone und Autorin von <strong><a title=\"Jesus Das Buch\" href=\"\/deutsch\/jesus-das-buch\/\" class=\"broken_link\">Jesus Das Buch<\/a><\/strong>, die andere ermutigt auch wild zu leben, weil dies nat\u00fcrlich ist.<\/p>\n<p>Die ber\u00fchmte Verfasserin von heiligen Geschichten in meinem Elfenbeinturm voller Musen. Ich tr\u00e4ume von Einladungen, die mich so dem\u00fctig machen, die Erde zu k\u00fcssen und von magischen Verbindungen atemberaubender Inspirationen. Ich tr\u00e4ume vom <strong><a title=\"Der weibliche Gral\" href=\"\/deutsch\/der-weibliche-gral\/\">weiblichen Gral<\/a><\/strong>, der eigentlich mich tr\u00e4umt.<\/p>\n<p>Ich glaube an die Notwendigkeit von Weltfrieden und an ein Geburtsrecht menschlicher W\u00fcrde.<\/p>\n<p>Ich glaube an erleuchtetes Business, das die Armut beendet und an neue Energien, die Revolution machen.<\/p>\n<h4>Ich wei\u00df, dass Netzwerke ein nat\u00fcrliches <a title=\"Das Manifest des weiblichen Grals\" href=\"\/deutsch\/das-manifest-des-weiblichen-grals\/\">weibliches Manifest<\/a> sind und dass sie ewige Geschichten der Sch\u00f6pfung weben.<\/h4>\n<p>Das Universum ist weise in sich. <strong>Und Frauen werden die Welt ver\u00e4ndern.<\/strong><\/p>\n<h2>WILLKOMMEN<\/h2>\n<p>: Ich bin die Autorin von <strong><a title=\"Jesus Das Buch\" href=\"\/deutsch\/jesus-das-buch\/\" class=\"broken_link\">Jesus das Buch<\/a><\/strong>, dem ersten Band meines Lebens mit Jesus, als er auf der Erde wanderte. Nach einer Serie \u00fcberraschender Ereignisse, wurde das Buch mittels Akasha Lesungen aufgenommen und erz\u00e4hlt meine <strong>pers\u00f6nlichen Erinnerungen<\/strong> dieser Zeit und Jesus Lehren. Es beschreibt auch, wie diese Erinnerungen mein Leben von diesem Moment an ver\u00e4nderten.<\/p>\n<p>: Ich biete seit \u00fcber 10 Jahren <strong>Akasha Readings<\/strong> an. Diese F\u00e4higkeit zeigte sich mir, als sich der Vorhang zur anderen Welt eines Tages weit \u00f6ffnete. Mehr dar\u00fcber findest du in meinem Blog.<\/p>\n<p>: Ich habe <strong><a title=\"La Lumi\u00e8re Durga\u2019s Ashram\" href=\"\/deutsch\/la-lumiere-durgas-ashram\/\">La Lumi\u00e8re<\/a><\/strong>, einen modernen <strong>Ashram<\/strong> in S\u00fcdfrankreich aufgebaut und damit einem lebenslangen Traum Ausdruck gegeben. In La Lumi\u00e8re folgen wir dem Puls des <strong>modernen Lebens und teilen t\u00e4gliche Meditationen und Sadhanas<\/strong>. Menschen aus der ganzen Welt kommen zu uns, um ins Licht einzutauchen und sich selbst und ihr Leben aufzutanken, sie kommen zu Pilgereisen und zu Seminaren oder einfach nur, um gl\u00fcckliche <strong>Sevas<\/strong> zu sein (\u201eSeva\u201c ist heiliger Dienst in dem Glauben anderen Gutes zu tun).<\/p>\n<p>: Vor 15 Jahren, als das Wort \u201eSpiritualit\u00e4t\u201c in unserer westlichen Welt kaum ausgesprochen werden konnte, habe ich das Shakti Ma in D\u00fcsseldorf mit aufgebaut, das ein sehr erfolgreiches spirituelles Zentrum wurde. Unser Erfolg war, dass ein Manager von Microsoft, Politiker der Gr\u00fcnen, anerkannte Steuerberater und weitere Paradigmenver\u00e4nderer, innovative Denker und professionelle Unternehmer, die ein modernes Leben f\u00fchren das Knistern im Leben bemerkten und die spirituelle Welt als Quelle erkannten.<\/p>\n<p>: In diesem Leben habe ich den Mann wiedergefunden, mit dem ich <strong>einst von Jesus verheiratet wurde<\/strong>. Er ist noch immer die Liebe meines Lebens.<\/p>\n<p>: Ich lese Energien; ich bin Mitautorin des Buches <strong>Die neun Meisterschulen des Feng Shui<\/strong> (ver\u00f6ffentlicht in Deutsch und Chinesisch, die englische Version wird bald erscheinen). Innerhalb des <strong><a title=\"Feng Shui Vision by Durga Holzhauser\" href=\"http:\/\/www.fengshuivision.com\" target=\"_blank\" class=\"broken_link\">Feng Shui<\/a><\/strong> habe ich die energetischen Wurzeln ausgegraben und sie mit modernen Bed\u00fcrfnissen aufpoliert.<\/p>\n<p>: Zu Beginn meines Weges arbeitete ich als erfolgreiche <strong>Art Direktorin<\/strong> und Grafik Designerin und habe Auszeichnungen bekommen f\u00fcr <strong>Innovation, Kreativit\u00e4t und bahnbrechende Ideen f\u00fcr neue Kommunikation<\/strong>.<\/p>\n<h2>MEIN SPIRITUELLER WEG<\/h2>\n<p>Mein spiritueller Weg segnet mich damit, dass ich meiner <strong>Wildheit<\/strong> Ausdruck geben kann.<\/p>\n<blockquote><p>Ich gehe den Weg des Feuers jeden Tag. Als junges M\u00e4dchen las ich <a title=\"Amazon Link to Irina Tweedy, Daughter of Fire\" href=\"http:\/\/www.amazon.de\/Tagebuch-spirituellen-Schulung-Sufi-Meister-Ungek%C3%BCrzte\/dp\/3715701196\/ref=sr_1_3?ie=UTF8&amp;qid=1316543066&amp;sr=8-3\" target=\"_blank\">Irina Tweedys Buch: Der Weg durchs Feuer<\/a>, von da an war mein Hunger nach Spiritualit\u00e4t unstillbar. Ich wollte dasselbe essen wie sie. Ich wollte mich mit demselben n\u00e4hren wie sie. Ich habe viele Aufenthalte in Ashrams in Indien hinter mir und ich habe spirituelle Lehrer. Ich spreche gerne offen \u00fcber meine Wunder, wenn du mich danach fragst. Ich habe mit ihnen gelebt.<\/p><\/blockquote>\n<h4>Ich glaube nicht, dass wir uns selbst klein machen m\u00fcssen.<\/h4>\n<p>Ich glaube, dass wir dringend gr\u00f6\u00dfere Horizonte f\u00fcr unsere genialen und m\u00e4chtigen Seelen brauchen.<\/p>\n<h2>WER BIN ICH AUF DIESEM WEG GEWORDEN?<\/h2>\n<p>Eine <strong>Revolution\u00e4rin<\/strong> f\u00fcr das G\u00f6ttliche. Eine Weltver\u00e4nderin.<\/p>\n<p><strong>Eine universelle Tr\u00e4umerin.<\/strong> Ich glaube an die Kraft der Ver\u00e4nderung.<\/p>\n<p><strong>Unberechenbar<\/strong>, selbst f\u00fcr mich.<\/p>\n<p>Als ich einst nach Frankreich kam, habe ich mein Auto verkauft, f\u00fcr die ersten Zahlungen f\u00fcr mein Haus, denn ich kam mit dem Wunsch in der Tasche ein Haus f\u00fcr Gott zu bauen. <strong>Gott, wie ich ihn liebe<\/strong>, frei und m\u00e4chtig. Seither war mein Weg mit Wundern gepflastert, ich erschuf La Lumi\u00e8re, und verbrannte Entt\u00e4uschungen.<\/p>\n<p><strong>Ich manifestiere<\/strong> das Geheimnisvolle in der Materie.<\/p>\n<p><strong>Weichheit<\/strong> ist mein gr\u00f6\u00dfter Lehrer.<\/p>\n<p>Meine <strong>Intuition<\/strong> hat mich millionenfach gerettet, in tausenden von Leben.<\/p>\n<p>Ich erinnere mich, dass Jesus mich eine seiner <strong>weiblichen Apostel<\/strong> nannte.<\/p>\n<p>Ich ver\u00e4ndere meine eigenen Lebenssituationen und helfe anderen dabei ihre zu ver\u00e4ndern. Ich leite Menschen an, eine <strong>gro\u00dfartigere Version ihrer Selbst zu sein<\/strong>.<\/p>\n<h2>MEIN ANGEBOT<\/h2>\n<p><strong>Ich leite Workshops, mache Vortr\u00e4ge und liebe Einladungen zu Konferenzen, in Gruppen und ich liebe es bei besonderen Events zu sprechen. Themen, die die Menschen lieben sind:<\/strong><\/p>\n<p>Der weibliche Gral<br \/>\nWeibliches Christentum<br \/>\nJesus Das Buch<br \/>\nWie Gott unser Leben ver\u00e4ndert<br \/>\nEinladung zur eigenen Berufung<br \/>\nErleuchtetes Business<br \/>\nSoul Visions<\/p>\n<p><strong>Ich mache auch Akasha Readings. Ich helfe Menschen zu erfahren, wer sie sind.<\/strong><\/p>\n<h2>KONTAKT<\/h2>\n<p>Der weibliche Gral erwacht in unseren Stimmen. Ich lade dich ein, Teil des Dialoges (Multiloges) zu werden.<br \/>\nF\u00fcr ein Event oder eine Unterhaltung zu deinem pers\u00f6nlichen Leben, sende einfach eine e-mail: <a href=\"mailto:&#x6a;&#x6f;&#x69;&#x6e;&#x40;&#x74;&#x68;&#x65;&#x66;&#x65;&#x6d;&#x61;&#x6c;&#x65;&#x67;&#x72;&#x61;&#x69;&#x6c;&#x2e;&#x63;&#x6f;&#x6d;\" target=\"_blank\"><span class=\"oe_textdirection\">&#x6d;&#x6f;&#x63;&#x2e;&#x6c;&#x69;&#x61;&#x72;&#x67;&#x65;&#x6c;&#x61;&#x6d;&#x65;&#x66;&#x65;&#x68;&#x74;<span class=\"oe_displaynone\">null<\/span>&#x40;&#x6e;&#x69;&#x6f;&#x6a;<\/span><\/a><\/p>\n<p>Oder unterhalte dich mit mir auf Facebook <a title=\"The Female Grail with Durga Holzhauser\" href=\"https:\/\/www.facebook.com\/pages\/The-Female-Grail-with-Durga-Holzhauser\/137685652963521\" target=\"_blank\">The Female Grail with Durga Holzhauser<\/a><\/p>\n<h2>MEINE WORTE SIND DEINE WORTE<\/h2>\n<p>Nat\u00fcrlich mit Anerkennung. Nimm sie, und lass die anderen wissen woher du sie hast. Lass die Wildheit darin weiterleben. Bringe sie in ihre Wildheit.<\/p>\n<h3>Und Danke daf\u00fcr, dass du mit mir hier bist, auf dieser Erde, in dieser gro\u00dfartigen Zeit.<\/h3>","protected":false},"excerpt":{"rendered":"<p>\u201eGOTT, WER SOLL ICH IN DIESER WELT SEIN, WENN NICHT DAS?\u201c Das war die Frage, die in mir loderte, als ich 25 war. Ich stand vor einer Kunstakademie und war wieder einmal abgelehnt worden, weil die Professoren meinten, sie k\u00f6nnten mir nichts mehr beibringen. Ich sei schon eine K\u00fcnstlerin, sagten sie. Das hat meine Welt [&hellip;]<\/p>\n","protected":false},"author":2,"featured_media":0,"parent":0,"menu_order":0,"comment_status":"closed","ping_status":"closed","template":"page-altsidebar.php","meta":{"ngg_post_thumbnail":0},"_links":{"self":[{"href":"https:\/\/thefemalegrail.com\/deutsch\/wp-json\/wp\/v2\/pages\/46"}],"collection":[{"href":"https:\/\/thefemalegrail.com\/deutsch\/wp-json\/wp\/v2\/pages"}],"about":[{"href":"https:\/\/thefemalegrail.com\/deutsch\/wp-json\/wp\/v2\/types\/page"}],"author":[{"embeddable":true,"href":"https:\/\/thefemalegrail.com\/deutsch\/wp-json\/wp\/v2\/users\/2"}],"replies":[{"embeddable":true,"href":"https:\/\/thefemalegrail.com\/deutsch\/wp-json\/wp\/v2\/comments?post=46"}],"version-history":[{"count":14,"href":"https:\/\/thefemalegrail.com\/deutsch\/wp-json\/wp\/v2\/pages\/46\/revisions"}],"predecessor-version":[{"id":3065,"href":"https:\/\/thefemalegrail.com\/deutsch\/wp-json\/wp\/v2\/pages\/46\/revisions\/3065"}],"wp:attachment":[{"href":"https:\/\/thefemalegrail.com\/deutsch\/wp-json\/wp\/v2\/media?parent=46"}],"curies":[{"name":"wp","href":"https:\/\/api.w.org\/{rel}","templated":true}]}}