{"id":50,"date":"2011-07-17T16:47:43","date_gmt":"2011-07-17T16:47:43","guid":{"rendered":"http:\/\/dev.thefemalegrail.com\/deutsch\/?page_id=50"},"modified":"2013-07-03T18:53:05","modified_gmt":"2013-07-03T16:53:05","slug":"der-weibliche-gral","status":"publish","type":"page","link":"https:\/\/thefemalegrail.com\/deutsch\/der-weibliche-gral\/","title":{"rendered":"Der weibliche Gral"},"content":{"rendered":"<h1>VEREINE! DAS UNM\u00d6GLICHE,<br \/>\nDIE WIDERSPR\u00dcCHE<br \/>\nUND DAS HEILIGE.<br \/>\nWIE ICH MEINE RELIGION ERW\u00c4HLE.<\/h1>\n<p>Als ich ein M\u00e4dchen war, wusste ich was ich sein wollte, wenn ich erwachsen bin. Ich wollte erleuchtet sein. <\/p>\n<p>Sp\u00e4ter, nach meinem ersten Besuch in einem <strong>Ashram in Indien<\/strong>, erweiterte sich mein Traum und ich wollte ein <strong>Haus f\u00fcr Gott<\/strong> bauen. Ich habe das keiner Menschenseele erz\u00e4hlt, denn ich war als Katholikin aufgewachsen. Ich ahnte schon die Antwort: <\/p>\n<p>Was zur H\u00f6lle bildest du dir ein, dass du dir das zu w\u00fcnschen wagst?<\/p>\n<p>Heute leite ich tats\u00e4chlich einen <strong>Ashram in S\u00fcdfrankreich<\/strong> und habe das <a href=\"http:\/\/thefemalegrail.com\/deutsch\/jesus-die-buecher\/\" title=\"Jesus die B\u00fccher\" class=\"broken_link\"><strong>zweite Buch von dreien<\/strong><\/a> ver\u00f6ffentlicht, das meine Erinnerungen der Jahre beschreibt, in denen ich mit Jesus wanderte.<\/p>\n<p>Ausatmen&#8230;<\/p>\n<blockquote><p>\nJa, ich erinnere mich an meine vorherigen Leben, wie andere sich an ihre Kindheit erinnern.<br \/>\nJa, Jesus war cool und wenn er heute unter uns w\u00e4re, w\u00fcrde er vom People Magazine zum \u201eSexiest Man Alive\u201c gew\u00e4hlt werden.<br \/>\nJa, ich wurde f\u00fcr meine Stimme schon oft verbrannt.<br \/>\nJa, ich erinnere mich an Maria Magdalena und alle anderen gro\u00dfartigen Frauen um Jesus, deren Geschichte gestohlen wurde, weil sie unerh\u00f6rt wild waren. <\/p><\/blockquote>\n<p>\u201eAm Ende handelt sich alles um Gott und Liebe\u201c, sagte Jesus.<br \/>\n\u201eEs sind die Frauen, die diese Welt retten werden\u201c, sagt der Dalai Lama.<\/p>\n<p>Ich sage: \u201e<strong>Du bist Gott und Gott ist du.<\/strong> Gott ist unsere Mutter und unser Vater. Du musst <strong>dich nur erinnern, wer du wirklich bist<\/strong>.\u201c<\/p>\n<h1>UNSERE ZUKUNFT RUFT.<\/h1>\n<p>Es begann alles mit meiner Idee eines magnetisierenden Zirkels von <strong>erleuchtetem weiblichem Christentum<\/strong>. Oder hat es sogar noch fr\u00fcher begonnen? In dem Moment als der Satz \u201cDer weibliche Gral\u201d wie eine unerwartete Eingebung aus dem Himmel zu mir str\u00f6mte. Er fesselte mich und verwandelte sich in einen magischen Wortlaut, der sich als unvergesslicher Song einwebte. Die Schleier zwischen den Welten waren schon immer sehr d\u00fcnn f\u00fcr mich gewesen. Es ist nicht ungewohnt, dass ich Botschaften erhalte, welche die Zukunft spinnen, dass ich mystische Visionen habe, dass ich in der <strong>Akasha<\/strong> lese, wie andere im Internet oder dass ich in schlaflosen N\u00e4chten Geschichten aus den Himmel ansehe. <\/p>\n<p>Ich muss tief ins Unbekannte abtauchen. Und ja: Der weibliche Gral gebar sich unbemerkt, schon viel fr\u00fcher in der Auseinandersetzung damit, wie ich mein Wandern inmitten der verlorenen Geschichten mit Jesus und das <strong>moderne Leben als Frau<\/strong> des 21. Jahrhunderts verbinde.<\/p>\n<h1>ICH HABE EINE VISION<\/h1>\n<p>Der weibliche Gral ist eine weibliche Stimme, welche die Zukunft<br \/>mit <strong>erwachtem Herzen<\/strong> f\u00fchrt. <\/p>\n<p>Er ist gewagt, wild und ehrf\u00fcrchtig. <\/p>\n<p>Der weibliche Gral ist ein Wiedererwachen der Frauen als Spirituelle F\u00fchrerinnen.<br \/>\nEr ist das erleuchtete weibliche Christentum. <\/p>\n<p>Und er ist die nat\u00fcrliche Kraft des weiblichen Netzwerkens, da sich unsere Tr\u00e4ume kollektiv ins Materielle rufen.<br \/>\nWir sind Zeugen wie die Macht weiblich wird. <\/p>\n<p>Wir k\u00f6nnen sie nur gemeinsam erobern, indem wir <strong>einander erfahren<\/strong>.<\/p>\n<h1>DAS ERBE<\/h1>\n<p>Vor 2000 Jahren, nach der Kreuzigung von Jesus Christus, lebte die Geschichte der fr\u00fchen Christen weiter. Eine Gruppe von Reisenden \u00fcberquerte das Mittelmeer. Unter ihnen waren zwei Frauen <strong>Maria Magdalena und Miriam<\/strong>, zwei der weiblichen Apostel von Jesus. Hier beginnt der weibliche Gral. Ich war einst Miriam.<\/p>\n<p>Wir k\u00e4mpften mit dem normalen Leben und wurden mit Problemen konfrontiert, die Frauen auch heute noch haben. Maria Magdalena war schwanger. Jesus hatte die Kreuzigung \u00fcberlebt und war nach Indien gereist. Sie durchwanderte alle Tiefen ihrer Traurigkeit \u00fcber die Trennung. So wie Frauen es f\u00fcreinander tun, wanderte ich mit ihr.<\/p>\n<p>Andere Frauen aus den heiligen Zirkeln sind nach und nach zu uns gesto\u00dfen. Wir haben einander unterst\u00fctzt und versuchten uns zu erinnern, wie man das Licht in einer verzweifelten Welt wieder birgt.<\/p>\n<p>Eines Tages wurde Maria Magdalena sehr krank. Um sie zu retten, musste ich mich an die Sprache der <strong>Essener<\/strong> erinnern, die ich einst lernte. Ich lauschte und begann etwas Leises in meinem Innersten wahrzunehmen. Ich betrat einen anderen Bewusstseinszustand und da begannen die Pflanzen des fremden Landes mir zu erz\u00e4hlen, welche ich als Medizin f\u00fcr sie nutzen sollte.<\/p>\n<p>2000 Jahre sp\u00e4ter geht die Geschichte des weibliches Grals weiter&#8230; es ist die Geschichte, wie Frauen sich mit ihrem innersten Wissen so tief verbinden k\u00f6nnen, dass sie jede Situation \u00fcberleben, selbst wenn ihnen ihr Zuhause genommen wurde.<\/p>\n<p><strong>Unsere Weisheit ist Gold.<\/strong><\/p>\n<h1>DIE NEUE RELIGION IST<br \/>\nENTFLAMMTES BUSINESS.<br \/>\nERF\u00dcLLTE TR\u00c4UME<br \/>\nSIND DIE NEUE ERLEUCHTUNG.<br \/>\nDIE GABE VON NEUER SPIRITUELLER F\u00dcHRUNG UND VON WERTEN. <\/h1>\n<p>Wenn wir uns mit der Quelle, mit unserem Instinkt verbinden, der hinter unserem Herzen eingebettet ist, k\u00f6nnen wir die Zukunft sch\u00f6pfen. Wir k\u00f6nnen es. Die Geschichte von vor 2000 Jahren ist die Br\u00fccke zu dem erleuchteten Business Modell von heute.<br \/>\n<strong><br \/>\nInstinkt ist das neue Kapital. <\/strong><\/p>\n<p>Dein Business braucht nur dich.<br \/>\nDu kannst aufh\u00f6ren den Regeln zu folgen.<br \/>\nDu kannst dein Business selbst definieren und an deinen Werten messen.<br \/>\nDu kannst es genau so machen, wie du es willst.<\/p>\n<p>Gebt euch selbst und auch anderen nun die Erlaubnis.<\/p>\n<p>Es ist <strong>Zeit sich im anderen zu erkennen<\/strong>. Es liegt Wissen in dieser Umarmung. <\/p>\n<p><strong>Business ist Dienst.<\/strong> Dienst ist imperativ. <\/p>\n<p>Wie kann die Stimme der weiblichen Christenheit den neuen Imperativ unterst\u00fctzen? <\/p>\n<h1>LEBENDIGES WACHSEN IST GLITZERND<\/h1>\n<p>Ich m\u00f6chte Schritt f\u00fcr Schritt mit euch wachsen. Ich m\u00f6chte aus dieser Seite ein Vorbild machen, wie man Samen in Tr\u00e4ume verwandelt.<br \/>\nIch werde mit meinen Visionen beginnen und meinen Einsichten und Inspirationen folgen.<br \/>\nUnd ich werde euch zuh\u00f6ren. Ich m\u00f6chte mit euch teilen, wie ich mich der Verk\u00f6rperung des <strong>Christuslichts<\/strong> widme im t\u00e4glichen Leben, in der F\u00fchrung, in der Spiritualit\u00e4t und in dem Vergn\u00fcgen.  <\/p>\n<p>Wir m\u00fcssen keine Heiligen sein, wir sollten das Leben lichtvoll mit unseren Seelen bemalen. <\/p>\n<h1>EHRLICHKEIT, WAHRHEIT<br \/>\nUND DAS UNVORHERSEHBARE.<\/h1>\n<p>Der weibliche Gral ist die Erlaubnis, zu sein wer du bist.<\/p>\n<p>Hast du schon bemerkt, dass Unterst\u00fctzung uns abh\u00e4ngig macht, wohingegen Erlaubnis jedes Individuum erm\u00e4chtigt zu sein, wer sie ist, wer er ist, wer wir sein werden?<\/p>\n<p>Erlaubnis beendet Bindungen. Wir h\u00f6ren auf, uns gebremst und verpflichtet zu f\u00fchlen, wir handeln aus dem Gef\u00fchl heraus, an die Tr\u00e4ume und W\u00fcnsche des anderen zu glauben.<br \/>\n<strong><br \/>\nWir k\u00f6nnen uns gegenseitig erm\u00e4chtigen, indem wir JA sagen.<\/strong><\/p>\n<p>Als Kind Gottes verdienst du alles. Jeder tut das. Aber irgendetwas ist auf der Erde geschehen, das uns das vergessen l\u00e4sst. Wir k\u00f6nnten unendlich geliebt sein und wir k\u00f6nnten Frieden haben.<\/p>\n<p>Der weibliche Gral handelt von Liebe f\u00fcr alle Gesch\u00f6pfe und der <strong>Erlaubnis, in das hineinzuwachsen<\/strong>, was jeder ist. <\/p>\n<h1>ZIRKEL VON NETZWERKEN STRICKEN. <\/h1>\n<p>Wie w\u00e4re es, neue Wege freizumachen mit unserer Arbeit in der Welt, mit unserem Erwachen in der Welt? Der Zirkel von Frauen und M\u00e4nnern beginnt sich hier in F\u00fclle auszudehnen und webt sich in sein Sein.<\/p>\n<p><strong>Wo du z\u00f6gerst, gehe ich voran. Wo ich keine Worte finde, hilfst du mir, mich zu \u00f6ffnen, meine Botschaft auf eine andere Weise zu teilen. Ich tr\u00e4ume das nicht alleine. Du tr\u00e4umst das nicht alleine. Netzwerken ist ein weibliches Manifest. Netzwerken ist weben. <\/strong><\/p>\n<p>Der Stoff des weiblichen Grals hat begonnen ein goldenes Muster von Talenten zu weben. Diese Frauen und M\u00e4nner helfen mit ihrem Genie mitzuweben:<\/p>\n<p><strong><a href=\"http:\/\/whitehottruth.com\/\" title=\"white hot truth\" target=\"_blank\">Danielle Laporte:<\/a><\/strong> \u201eIch denke das ist einfach fucking hot\u201d,&#8230;. mehr war nicht n\u00f6tig, um www.thefemalegrail.com zu feuerstarten.<br \/>\n<strong><a href=\"http:\/\/www.storycharmer.com\/\" title=\"Pema Teeter story charmer\" target=\"_blank\">Pema Teeter:<\/a><\/strong> \u201eDu machst die Seele sprechend.\u201c<br \/>\n<strong><a href=\"http:\/\/www.jesslarsen.com\/\" title=\"Jess Larsen \" target=\"_blank\">Jess Larsen:<\/a>\u2028<\/strong> Bester Selbstf\u00fcrsorge Service aller Zeiten.<br \/>\n<strong><a href=\"http:\/\/twothirty.com\/\" title=\"Paul Jarvis\" target=\"_blank\" class=\"broken_link\">\u2028Paul Jarvis\u2028:<\/a><\/strong> Reinheit, Klarheit, Eleganz, Sanftheit, H\u00f6flichkeit.<br \/>\n<strong><a href=\"http:\/\/www.silkeschaefer.com\/\" title=\"Silke Sch\u00e4fer Astrologin\" target=\"_blank\">Silke Sch\u00e4fer:<\/a><\/strong> Beste vision\u00e4re Astrologin seit jeher!<br \/>\n<strong><a title=\"Irka Schmuck text and story coaching\" href=\"http:\/\/www.irkaschmuck.de\/\" target=\"_blank\">Irka Schmuck:<\/a><\/strong> Hi, sch\u00f6nes G\u00e4nsebl\u00fcmchen! Ich habe dich gerade erst entdeckt!<br \/>\n<strong>Agni Eickermann:<\/strong> Ewig. Danke, dass du immer an mich glaubst. <\/p>\n<p>In der Welt ist Erwachen, ein neues Denken \u00f6ffnet sich dem <strong>Wertewandel<\/strong>.<br \/>\nUnsere Zukunft hat ein offenes Ende. Wir kennen sie nicht, es liegt an uns, sie neu zu sch\u00f6pfen. <\/p>\n<p>Unsere Geschichten wurden im Universum geschrieben. <strong>Das Universum l\u00e4dt uns ein.<\/strong> Wenn wir uns an unseren Himmel erinnern, wissen wir, wer wir auf der Erde sind.<\/p>","protected":false},"excerpt":{"rendered":"<p>VEREINE! DAS UNM\u00d6GLICHE, DIE WIDERSPR\u00dcCHE UND DAS HEILIGE. WIE ICH MEINE RELIGION ERW\u00c4HLE. Als ich ein M\u00e4dchen war, wusste ich was ich sein wollte, wenn ich erwachsen bin. Ich wollte erleuchtet sein. Sp\u00e4ter, nach meinem ersten Besuch in einem Ashram in Indien, erweiterte sich mein Traum und ich wollte ein Haus f\u00fcr Gott bauen. Ich [&hellip;]<\/p>\n","protected":false},"author":2,"featured_media":0,"parent":0,"menu_order":0,"comment_status":"closed","ping_status":"closed","template":"","meta":{"ngg_post_thumbnail":0},"_links":{"self":[{"href":"https:\/\/thefemalegrail.com\/deutsch\/wp-json\/wp\/v2\/pages\/50"}],"collection":[{"href":"https:\/\/thefemalegrail.com\/deutsch\/wp-json\/wp\/v2\/pages"}],"about":[{"href":"https:\/\/thefemalegrail.com\/deutsch\/wp-json\/wp\/v2\/types\/page"}],"author":[{"embeddable":true,"href":"https:\/\/thefemalegrail.com\/deutsch\/wp-json\/wp\/v2\/users\/2"}],"replies":[{"embeddable":true,"href":"https:\/\/thefemalegrail.com\/deutsch\/wp-json\/wp\/v2\/comments?post=50"}],"version-history":[{"count":25,"href":"https:\/\/thefemalegrail.com\/deutsch\/wp-json\/wp\/v2\/pages\/50\/revisions"}],"predecessor-version":[{"id":2173,"href":"https:\/\/thefemalegrail.com\/deutsch\/wp-json\/wp\/v2\/pages\/50\/revisions\/2173"}],"wp:attachment":[{"href":"https:\/\/thefemalegrail.com\/deutsch\/wp-json\/wp\/v2\/media?parent=50"}],"curies":[{"name":"wp","href":"https:\/\/api.w.org\/{rel}","templated":true}]}}