{"id":59,"date":"2011-07-17T16:49:20","date_gmt":"2011-07-17T16:49:20","guid":{"rendered":"http:\/\/dev.thefemalegrail.com\/deutsch\/?page_id=59"},"modified":"2014-11-10T11:37:54","modified_gmt":"2014-11-10T10:37:54","slug":"mich-treffen-mit-mir-arbeiten","status":"publish","type":"page","link":"https:\/\/thefemalegrail.com\/deutsch\/mich-treffen-mit-mir-arbeiten\/","title":{"rendered":"Mich treffen  Mit mir arbeiten"},"content":{"rendered":"<h2>Meine Arbeit in der Welt<\/h2>\n<h6>Sie ist Frauen und M\u00e4nnern gewidmet, dass sie die Notwendigkeit des Gleichgewichts des Weiblichen verstehen.<\/h6>\n<p><span><\/span><\/p>\n<h3><strong>1on1: du und ich<\/strong><\/h3>\n<p><img src=\"http:\/\/thefemalegrail.com\/wp-content\/uploads\/2012\/03\/work-with-me.jpg\" alt=\"\" title=\"workshop\" width=\"570\" class=\"aligncenter2\" \/><\/p>\n<div style=\"display:none\"><h7>: Ich visioniere f\u00fcr dich<\/h7><\/p>\n<h1>Dein Future Book <img src=\"http:\/\/thefemalegrail.com\/wp-content\/uploads\/2012\/03\/pfeil.png\" height=\"23\" style=\"padding-left:10px\" alt=\"\"class=\"alignnone\" \/><\/h1>\n<p>Alles auf der Welt hat ein Lichtmuster, sogar Ideen und Visionen, die im Hintergrund darauf warten, dass du sie bemerkst. In Deinem Future Book \u2013 deiner erleuchteten Seelenmission, lese ich diese Muster und wir schreiben deine Erfolgsgeschichte. Mehr<br \/>\n<span><\/span><br \/>\n<span><\/span><\/div>\n<p><h7>: Ich lese die Akasha<\/h7><\/p>\n<h1><a href=\"http:\/\/thefemalegrail.com\/deutsch\/mich-treffen-mit-mir-arbeiten\/akasha-reading\/\" title=\"AKASHIC RECORDS READINGS\">Akashic Record Reading<\/a> <img src=\"http:\/\/thefemalegrail.com\/wp-content\/uploads\/2012\/03\/pfeil.png\" height=\"23\" style=\"padding-left:10px\" alt=\"\"class=\"alignnone\" \/><\/h1>\n<p>Akasha Readings stammen aus einer Energieebene, in der alles, was jemals gedacht und getan wurde und was jemals gedacht oder getan wird, aufbewahrt ist. Klicke auf mehr, um ein Gef\u00fchl daf\u00fcr zu bekommen, was ein Akasha Reading f\u00fcr dich bedeuten kann.<a href=\"http:\/\/thefemalegrail.com\/deutsch\/mich-treffen-mit-mir-arbeiten\/akasha-reading\/\" style=\"color:#BB2928; border-bottom:0px;\"> Mehr<\/a><br \/>\n<span><\/span><br \/>\n<span><\/span><br \/>\n<span><\/span><\/p>\n<h3><strong>Offene Einladungen<\/strong><\/h3>\n<p><img src=\"http:\/\/thefemalegrail.com\/wp-content\/uploads\/2012\/03\/work-with-me-workshop.jpg\" alt=\"\" title=\"workshop\" width=\"570\" class=\"aligncenter2\" \/><br \/>\n<h7>: Ich lehre<\/h7><\/p>\n<h1>Gruppenworkshops<\/h1>\n<p>Ich gebe <strong>Workshops<\/strong> f\u00fcr Gruppen und erm\u00f6gliche und unterst\u00fctze <strong><a href=\"http:\/\/thefemalegrail.com\/deutsch\/la-lumiere-durgas-ashram\/unsere-events\/\" title=\"unsere events\" target=\"_blank\" class=\"broken_link\">Special Events<\/a><\/strong> in La Lumiere in S\u00fcdfrankreich. Au\u00dferdem spreche ich auf <strong>Konferenzen und Treffen<\/strong>.<br \/>\n<span><\/span><br \/>\n<span><\/span><\/p>\n<div style=\"display:none\"><h7>: Ich spreche<\/h7><\/p>\n<h1>Events<\/h1>\n<\/div>","protected":false},"excerpt":{"rendered":"<p>Meine Arbeit in der Welt Sie ist Frauen und M\u00e4nnern gewidmet, dass sie die Notwendigkeit des Gleichgewichts des Weiblichen verstehen. 1on1: du und ich : Ich visioniere f\u00fcr dich Dein Future Book Alles auf der Welt hat ein Lichtmuster, sogar Ideen und Visionen, die im Hintergrund darauf warten, dass du sie bemerkst. In Deinem Future [&hellip;]<\/p>\n","protected":false},"author":2,"featured_media":0,"parent":0,"menu_order":0,"comment_status":"closed","ping_status":"closed","template":"","meta":{"ngg_post_thumbnail":0},"_links":{"self":[{"href":"https:\/\/thefemalegrail.com\/deutsch\/wp-json\/wp\/v2\/pages\/59"}],"collection":[{"href":"https:\/\/thefemalegrail.com\/deutsch\/wp-json\/wp\/v2\/pages"}],"about":[{"href":"https:\/\/thefemalegrail.com\/deutsch\/wp-json\/wp\/v2\/types\/page"}],"author":[{"embeddable":true,"href":"https:\/\/thefemalegrail.com\/deutsch\/wp-json\/wp\/v2\/users\/2"}],"replies":[{"embeddable":true,"href":"https:\/\/thefemalegrail.com\/deutsch\/wp-json\/wp\/v2\/comments?post=59"}],"version-history":[{"count":55,"href":"https:\/\/thefemalegrail.com\/deutsch\/wp-json\/wp\/v2\/pages\/59\/revisions"}],"predecessor-version":[{"id":2840,"href":"https:\/\/thefemalegrail.com\/deutsch\/wp-json\/wp\/v2\/pages\/59\/revisions\/2840"}],"wp:attachment":[{"href":"https:\/\/thefemalegrail.com\/deutsch\/wp-json\/wp\/v2\/media?parent=59"}],"curies":[{"name":"wp","href":"https:\/\/api.w.org\/{rel}","templated":true}]}}