{"id":798,"date":"2012-03-13T09:31:12","date_gmt":"2012-03-13T08:31:12","guid":{"rendered":"http:\/\/thefemalegrail.com\/deutsch\/?page_id=798"},"modified":"2020-04-28T10:28:26","modified_gmt":"2020-04-28T09:28:26","slug":"akasha-readings","status":"publish","type":"page","link":"https:\/\/thefemalegrail.com\/deutsch\/mich-treffen-mit-mir-arbeiten\/akasha-readings\/","title":{"rendered":"akasha readings"},"content":{"rendered":"<h2>AKASHIC RECORDS READINGS<\/h2>\n<p><strong>Finde die F\u00fchrung, die du brauchst, um dieses Leben in seinem ganzen Potential zu leben. <\/strong><\/p>\n<blockquote><p>: Sehnst du dich danach, den wirklichen Wunsch deiner Seele zu verstehen?<\/p>\n<p>: Fr\u00e4gst du dich, \u201cWas ist der Sinn meines Lebens?\u201d oder \u201cWie kann ich \u00fcber meine Zukunft erfahren?\u201d<\/p>\n<p>: M\u00f6chtest du deine Beziehungen vertiefen oder<br \/>\nst\u00e4rkere Verbindungen mit denen, die um dich herum sind, schmieden?<\/p>\n<p>: Sehnst du dich danach zu wissen,<br \/>\nwelche Leben du vor dem jetzigen gelebt hast?<\/p><\/blockquote>\n<h3>Was sind die Akashic Record Readings?<\/h3>\n<p>Abgeleitet aus dem Sanskrit Wort \u201cAkasha\u201d\u2014was \u201eHimmel\u201c, \u201eRaum\u201c oder \u201e\u00c4ther\u201c bedeutet\u2014 durchschreiten die Akashic Record Readings Zeit und Raum und helfen uns, etwas aus der Kosmologie unserer Leben zu verstehen.<\/p>\n<p><strong>Die Akasha <\/strong>\u2013 auch bekannt als <strong>Das Buch des Lebens <\/strong>oder der universelle Supercomputer \u2013 verwahrt verschl\u00fcsselte Informationen \u00fcber jede menschliche und kosmische Erfahrung der Vergangenheit, der Gegenwart und der Zukunft.<\/p>\n<h3>Extrahiere Wissen aus dem, was du bereits erfahren hast.<\/h3>\n<p>W\u00e4hrend deines pers\u00f6nlichen Akashic Record Readings, das wir aufnehmen und dir zuschicken werden, werde ich in deine vergangenen Leben eintauchen und ergr\u00fcnden, wie sie dich heute beeinflussen \u2013 von deinen karmischen Themen und Beziehungen bis hin zu deinem Seelenplan.<\/p>\n<p>Wenn als Ergebnis von etwas in einer vorherigen Inkarnation ungel\u00f6stem Energie blockiert ist \u2013 Menschen beziehen sich darauf normalerweise als \u201cKarma\u201d \u2013 wirst du vielleicht entdecken, dass du dasselbe Muster immer und immer wieder erfahren hast.<\/p>\n<p>Manchmal ist es genug, es einfach anzuerkennen, um diese Blockaden zu verwandeln. In anderen F\u00e4llen werden vielleicht Affirmationen oder R\u00fcckf\u00fchrungen gebraucht.<\/p>\n<h3>Auf der Seelenebene ist es die Familie,<br \/>\ndie dich g\u00f6ttlich macht.<\/h3>\n<p>Jeder von uns wurde im Himmel geboren, was bedeutet, dass jeder von uns eine <strong>Seelenfamilie<\/strong> hat, in die wir hineingeboren werden.<\/p>\n<p>\u00dcber Akashic Record Readings kann ich sie identifizieren, beschreiben und dich mit deiner Seelenfamilie wiederverbinden, ob du aus den Sternenfamilien kommst, von den G\u00f6ttern oder den Engeln.<\/p>\n<p><strong>Wenn du dich schon jemals fehl am Platz gef\u00fchlt hat auf dieser Erde, als w\u00fcrdest du nicht dazugeh\u00f6ren oder als ob andere dich nicht verstehen, wirst du es als machtvolle Enth\u00fcllung erfahren.<\/strong><\/p>\n<p>Du wirst nicht nur anfangen, andere Menschen aus der gleichen Seelenfamilie anzuziehen, sondern ein besseres Verst\u00e4ndnis daf\u00fcr entwickeln, wie deine St\u00e4rken in deine heilige Mission im Leben hineinspielen.<\/p>\n<h3>Akashic Record Readings sind lebensver\u00e4ndernde Erfahrungen.<\/h3>\n<p>Du wirst mit einem vollst\u00e4ndigerem Verst\u00e4ndnis dar\u00fcber, wer du bist und warum du hier bist weitergehen.<\/p>\n<p>Dieses neugefundene Wissen wird dich <strong>befreien und vervollst\u00e4ndigen<\/strong> , so dass du dich gl\u00fccklicher und mehr im Frieden f\u00fchlst.<\/p>\n<p>Und du wirst Herausforderungen aus einer neuen Perspektive angehen \u2013 einer, die versteht, dass nichts auf der Erde begrenzt ist, sondern dass die M\u00f6glichkeiten unbegrenzt sind und dass dieses Leben einfach Teil der fortlaufenden Reise der Seele ist.<\/p>\n<p><strong>In Einklang mit deiner Seele zu leben ist eine machtvolle Art zu leben <\/strong>\u2013 eine, die die zu unbegrenztem Erfolg f\u00fchren kann.<\/p>\n<h3>Ich bin Durga Holzhauser \u2013<br \/>\nmystische Vision\u00e4rin &amp; kosmische Nomadin.<\/h3>\n<p>Meine spirituelle Reise hat mich aus meiner Heimatstadt in \u00d6sterreich nach Indien und die Berge von Peru gef\u00fchrt.<\/p>\n<p>Heute lebe ich in einem modernen Ashram, den ich selbst gegr\u00fcndet habe, <a title=\"La Lumi\u00e8re Durga\u2019s Ashram\" href=\"http:\/\/thefemalegrail.com\/deutsch\/la-lumiere-durgas-ashram\/\" target=\"_blank\"><strong>La Lumi\u00e8re<\/strong><\/a>, ein g\u00f6ttlicher Hafen in den H\u00fcgeln der Provence im S\u00fcden von Frankreich. Hierher kommen Menschen aus der ganzen Welt, um aufzutanken und sich durch morgendliche und abendliche Meditationen und Rituale zu verj\u00fcngen.<\/p>\n<p>Ich lese nun seit \u00fcber 10 Jahren Akashic Record Readings und es war schon immer etwas, das nat\u00fcrlich zu mir kam. Ich kann den Weg zwischen den beiden Welten sehr leicht navigieren. F\u00fcr mich ist es fast wie in einen anderen Raum zu gehen und zu beschreiben, was ich sehe.<\/p>\n<p>Ich bin au\u00dferdem Autorin mehrerer B\u00fccher, einschlie\u00dflich <a title=\"jesus das buch willkommen\" href=\"http:\/\/thefemalegrail.com\/deutsch\/jesus-das-buch-willkommen\/\" target=\"_blank\" class=\"broken_link\"><strong>Jesus das Buch<\/strong><\/a>, der erste Teil meines Lebens mit Jesus, als er auf der Erde wanderte.<\/p>\n<h3>Alle pers\u00f6nlichen Sessions sind vertraulich.<\/h3>\n<p>Jedes Akashic Record Reading wird von meinem Partner, <strong>Agni Eickermann<\/strong>, mit dem ich zusammenarbeite, um die heilige Akasha zu lesen, gef\u00fchrt. Er stellt sicher, dass ich mich selbst nicht verliere. Er ist der Kapit\u00e4n, der mein Schiff lenkt, in mehr als einer Art und Weise.<\/p>\n<p>Du kannst dir aber sicher sein, dass wir beide streng vertraulich mit dem Reading umgehen.<\/p>\n<p><strong>Die Session wird dir als MP3\/MP4 File oder als CD zugeschickt.<\/strong><\/p>\n<blockquote><p>\u201eEin Seelengeschenk, ein Schatz, ein heiliger Schl\u00fcssel f\u00fcr die Zukunft\u2026 Vielen Dank, Durga &amp; Agni.&#8221; &#8211; Agnes Fehlau<\/p><\/blockquote>\n<p><strong>Bestelle dein pers\u00f6nliches Akashic Record Reading: EUR 2000,00<\/strong><\/p>\n<blockquote><p>F\u00fcr dich selbst<br \/>\noder einen deiner Lieben.<\/p><\/blockquote>\n<p style=\"margin: -110px 0px 0px 300px; float: left;\"><a class=\"ec_ejc_thkbx broken_link\" style=\"border-bottom: 0px;\" href=\"https:\/\/www.paypal.com\/cgi-bin\/webscr?cmd=_s-xclick&amp;hosted_button_id=CNHC4LQZCT5M6\"><img loading=\"lazy\" id=\"order\" class=\"alignnone\" src=\"http:\/\/thefemalegrail.com\/deutsch\/wp-content\/uploads\/2014\/03\/bestelle-reading-r.png\" alt=\"\" width=\"120\" height=\"120\" border=\"0\" \/><\/a><script type=\"text\/javascript\">\/\/ <![CDATA[\nfunction mouseOver2() { document.getElementById(\"order\").src =\"http:\/\/thefemalegrail.com\/deutsch\/wp-content\/uploads\/2014\/03\/bestelle-reading-b.png\"; } function mouseOut2() { document.getElementById(\"order\").src =\"http:\/\/thefemalegrail.com\/deutsch\/wp-content\/uploads\/2014\/03\/bestelle-reading-r.png\"; }\n\/\/ ]]><\/script><\/p>\n<p>&nbsp;<\/p>\n<h4>F\u00fcr mehr Informationen, <a title=\"akshic records reading post\" href=\"http:\/\/thefemalegrail.com\/deutsch\/2011\/12\/unsere-geschichten-wurden-im-universum-geschrieben\/\" target=\"_blank\">klicke hier um<br \/>\n\u201cUnsere Geschichten wurden im Universum geschrieben\u201d<\/a> zu lesen.<\/h4>\n<h3>Jedes Reading enth\u00e4lt ein Seelenreading, wof\u00fcr du 3 Fragen stellen kannst, wie z.B.:<\/h3>\n<p><strong>:: Was ist mein spiritueller Name<\/strong><\/p>\n<p>:: Bin ich in einer fr\u00fcheren Inkarnation einem Avatar begegnet,<br \/>\nwie zum Beispiel Jesus?<\/p>\n<p>:: Wer sind meine spirituellen Begleiter\/F\u00fchrer?<\/p>\n<p>:: Was ist meine Aufgabe?<\/p>\n<p>:: Welche Transformation erwartet mich?<\/p>\n<p>:: Wie kann ich diese Transformation so sanft wie m\u00f6glich mitgestalten,<br \/>\nso dass sie m\u00f6glichst problemlos ablaufen kann?<\/p>\n<p>:: Welche Beziehungen haben ich mit den Familienmitgliedern meiner Seelenfamilie?<\/p>\n<h3>Wenn du danach weitere Fragen hast, freuen wir uns, auch diese zu beantworten.<\/h3>\n<p>Wir berechnen 150\u20ac f\u00fcr jede zus\u00e4tzliche Frage, nachdem du dein <strong>Akashic Record Reading<\/strong> erhalten hast.<\/p>\n<p>F\u00fchle dich frei, ein bis f\u00fcnf Fragen zu stellen. Du kannst sie \u00fcber den Button bestellen.<\/p>\n<form action=\"https:\/\/www.paypal.com\/cgi-bin\/webscr\" method=\"post\" target=\"_top\">\n<input type=\"hidden\" name=\"cmd\" value=\"_s-xclick\"><br \/>\n<input type=\"hidden\" name=\"hosted_button_id\" value=\"PPPQHWN22RRFG\"><\/p>\n<table>\n<tr>\n<td><input type=\"hidden\" name=\"on0\" value=\"Number of Questions\">Number of Questions<\/td>\n<\/tr>\n<tr>\n<td><select name=\"os0\"><option value=\"1 Question\">1 Question \u20ac150,00 EUR<\/option><option value=\"2 Questions\">2 Questions \u20ac300,00 EUR<\/option><option value=\"3 Questions\">3 Questions \u20ac450,00 EUR<\/option><option value=\"4 Questions\">4 Questions \u20ac600,00 EUR<\/option><option value=\"5 Questions\">5 Questions \u20ac750,00 EUR<\/option><\/select> <\/td>\n<\/tr>\n<\/table>\n<p><input type=\"hidden\" name=\"currency_code\" value=\"EUR\"><br \/>\n<input alt=\"PayPal - The safer, easier way to pay online!\" name=\"submit\" src=\"https:\/\/www.paypalobjects.com\/en_US\/i\/btn\/btn_buynow_LG.gif\" type=\"image\" \/><br \/>\n<img loading=\"lazy\" src=\"https:\/\/www.paypalobjects.com\/en_US\/i\/scr\/pixel.gif\" alt=\"\" width=\"1\" height=\"1\" \/><br \/>\n<\/form>\n<h6>G\u00f6ttlich gestellte Fragen<\/h6>\n<p>Manche Menschen fragen:<\/p>\n<p><strong>:: Was ist mein spiritueller Name?<\/strong><br \/>\nDein spiritueller Name schwingt in deiner Seelenenergie wie ein Mantra. Es arbeitet in dir. Es ist das Gespr\u00e4ch deiner Seele. Wenn du deinen spirituellen Namen kennst, kannst du deine pers\u00f6nliche Schwingung die ganze Zeit sp\u00fcren.<\/p>\n<p><strong>:: Bin ich in einer fr\u00fcheren Inkarnation einem Avatar wie Jesus begegnet?<\/strong><br \/>\nManche haben das Bed\u00fcrfnis dies aus ihrem fr\u00fcheren Leben \u00fcber sich zu erfahren. Manche haben eine Ahnung davon und m\u00f6chten ihre Geschichte vervollst\u00e4ndigen.<\/p>\n<p>Eine solche Frau erinnerte ein fr\u00fcheres Leben zu Jesus Zeiten, als Jesus in ihr Dorf kam. Er half ihr die Scherben von etwas einzusammeln, das sie fallen gelassen hatte. Die Liebe in seinen Augen zu sehen ver\u00e4nderte ihr ganzes Leben und ebenso die nachfolgenden Inkarnationen. Durch das Akashic Record Reading konnte sie die Macht und Reinheit dieser Erfahrung wieder sp\u00fcren.<\/p>\n<p><strong>:: Was ist meine Aufgabe? <\/strong><br \/>\nManche Dinge in unserem Leben sind f\u00fcr uns bestimmt, weil sie zu uns geh\u00f6ren. Die Dinge, die zu uns geh\u00f6ren, machen uns gr\u00f6\u00dfer und lassen uns immer heller strahlen. Dinge, die nicht zu uns geh\u00f6ren, binden uns. Sie halten uns fest, wo wir nicht sein m\u00f6chten.<\/p>\n<p>Viele bitten uns um ein Akashic Record Reading, um diese Frage zu kl\u00e4ren.<\/p>\n<p><strong>:: Welche Transformation erwartet mich?<\/strong><br \/>\nWenn du beginnst, deine Seele zu inkarnieren und zu verk\u00f6rpern, deinen Himmel auf die Erde zu bringen, werden die Schichten, die deine Aufgabe und dein wahres Selbst verschleiern, in der Transformation verbrannt. Du wirst dich einmal mehr erinnern, wer du wirklich bist.<\/p>\n<p><strong>:: Was ist Transformation?<\/strong><br \/>\nTransformation brennt alles frei, was nicht zum inneren Kern deiner Seele geh\u00f6rt.<\/p>\n<p><strong>Bestelle dein pers\u00f6nliches Akashic Record Reading: EUR 2000,00<\/strong><\/p>\n<blockquote><p>F\u00fcr dich selbst<br \/>\noder einen deiner Lieben.<\/p><\/blockquote>\n<p style=\"margin: -110px 0px 0px 300px;\"><a class=\"ec_ejc_thkbx broken_link\" style=\"border-bottom: 0px;\" href=\"https:\/\/www.paypal.com\/cgi-bin\/webscr?cmd=_s-xclick&amp;hosted_button_id=CNHC4LQZCT5M6\"><img loading=\"lazy\" id=\"order2\" class=\"alignnone\" src=\"http:\/\/thefemalegrail.com\/deutsch\/wp-content\/uploads\/2014\/03\/bestelle-reading-r.png\" alt=\"\" width=\"120\" height=\"120\" border=\"0\" \/><\/a><script type=\"text\/javascript\">\/\/ <![CDATA[\nfunction mouseOver1() { document.getElementById(\"order2\").src =\"http:\/\/thefemalegrail.com\/deutsch\/wp-content\/uploads\/2014\/03\/bestelle-reading-b.png\"; } function mouseOut1() { document.getElementById(\"order2\").src =\"http:\/\/thefemalegrail.com\/deutsch\/wp-content\/uploads\/2014\/03\/bestelle-reading-r.png\"; }\n\/\/ ]]><\/script><\/p>\n<h1>Schw\u00e4rmereien<br \/>\nf\u00fcr AKASHA READINGS<\/h1>\n<p><img loading=\"lazy\" class=\"alignleft size-full\" title=\"jess larsen\" src=\"http:\/\/thefemalegrail.com\/wp-content\/uploads\/2013\/01\/jess-larsen-ada.png\" alt=\"\" width=\"85\" height=\"85\" \/>&#8220;Durga &amp; Agni, ich f\u00fchle mich so getr\u00f6stet und ermutigt durch das, was ihr in eurem Reading f\u00fcr mich und meine Tochter sehen konntet \u2013 getr\u00f6stet, inspiriert und energetisiert. Es ist ein <strong>lebenslanger Schatz mehr von meinem Kind zu verstehen und zu wissen<\/strong>, wie ich ihr die beste Mutter sein kann; wie ich sie vollst\u00e4ndig lieben kann. Ich f\u00fchle mich jedes Mal, wenn ich die Aufnahme anh\u00f6re, g\u00f6ttlich geliebt, best\u00e4tigt und gehalten. Danke euch beiden aus der Tiefe meines dankbaren Mutterherzens.&#8221;<br \/>\n<strong>Jess Larsen<\/strong>, Geburtsdoula Service | <a title=\"Jess Larsen birth doula services\" href=\"http:\/\/www.jesslarsendoula.com\/\" target=\"_blank\" class=\"broken_link\"><strong>www.jesslarsendoula.com<\/strong><\/a><\/p>\n<p><img loading=\"lazy\" class=\"alignleft\" title=\"annettte saldana\" src=\"http:\/\/thefemalegrail.com\/wp-content\/uploads\/2013\/01\/annette-saldana.png\" alt=\"\" width=\"85\" height=\"85\" \/>&#8220;Mit dem hervorbrechenden <strong>Echo alter Weisheit<\/strong>, hat Durga\u2019s Reading meine Seele entfacht und ein Feuer des Bewusstseins entz\u00fcndet, das t\u00e4glich brennt. Die Auswirkungen? Dass <strong>Frieden daher kommt, dass du wirklich wei\u00dft, wer du bist<\/strong> und dass magische Kr\u00e4fte in dir sind. Zu wissen woher ich komme hilft mir t\u00e4glich dorthin zu gelangen, wo ich hin gehe. Eine befreiende und erf\u00fcllende Reise.&#8221; <strong>Annette Saldana <\/strong> | <a title=\"www.irresistiblerequests.com\" href=\"http:\/\/www.irresistiblerequests.com\" target=\"_blank\" class=\"broken_link\"><strong>www.irresistiblerequests.com<\/strong><\/a><\/p>\n<p><img loading=\"lazy\" class=\"alignleft\" title=\"Kelly Lynn Anderson \" src=\"http:\/\/thefemalegrail.com\/deutsch\/wp-content\/uploads\/2012\/10\/kelly-lynn-anderson.png\" alt=\"\" width=\"85\" height=\"85\" \/>&#8220;W\u00e4hrend Navaratri habe ich ein Akasha Reading von Durga und Agni bekommen. Es war so wundersch\u00f6n und so <strong>eine Segensenergie<\/strong>, dass ich es immer noch integriere! Jedes Wort wertvoll, \u00fcber meinen Ursprung und meine Aufgabe hier, die Einfl\u00fcsse vergangener Leben etc. <strong>Es best\u00e4rkte mich<\/strong> genau jetzt ganz einzutauchen in die Richtung, die ich einschlagen will. Ananda Ma ist der spirituelle Name, den sie mir gegeben haben, gl\u00fcckselige Schwester. Perfekt! J Wenn es dich ber\u00fchrt, empfehle ich dir von Herzen, dir selbst diesen kostbaren Schatz eines Akasha Readings zu g\u00f6nnen.&#8221; <strong>Kelly Lynn Anderson <\/strong><\/p>\n<p><img loading=\"lazy\" class=\"alignleft\" title=\"jenn poniatowski\" src=\"http:\/\/thefemalegrail.com\/deutsch\/wp-content\/uploads\/2012\/10\/jenn-poniatowski.png\" alt=\"\" width=\"85\" height=\"85\" \/>&#8220;Ich habe mein Akasha Reading an meinem 38.Geburtstag erhalten, <strong>ein unbeschreibliches Geschenk<\/strong>. <strong>Es war Heilung<\/strong>, als ich deiner Stimme zuh\u00f6rte, der Liebe und dem Mitgef\u00fchl, das du so wundersch\u00f6n ausgedr\u00fcckt hast. Die Geschichte, die ich erhalten habe, hat so <strong>viele F\u00e4den meines Lebens verkn\u00fcpft<\/strong>, und erweiterte das, was ich selbst schon von mir wusste. Ein Segen, der \u00fcber Worte hinausgeht, und die <strong>Details zeigten wirklich, dass du mit meiner Seelenenergie verbunden warst<\/strong>. Danke euch so sehr, Durga &amp; Agni, aus tiefstem Herzen.&#8221;<br \/>\n<strong>Jenn Poniatowski<\/strong>, Reikimeister Lehrer | <strong>Sea Change Reiki<\/strong><\/p>\n<p><img loading=\"lazy\" class=\"alignleft\" title=\"ashanti-sky\" src=\"http:\/\/thefemalegrail.com\/deutsch\/wp-content\/uploads\/2012\/10\/ashanti-sky.png\" alt=\"\" width=\"85\" height=\"85\" \/>\u201cMeine liebe Durga, wie wunderbar f\u00fchlt es sich an, das Jahr mit einer tiefen Erinnerung und neuen Sch\u00f6pfungen zu beschliessen. Ich danke Dir und Agni von Herzen f\u00fcr das Akashic Reading, welches <strong>meinen Pfad in diesem Leben mit Sternenlicht beleuchtet hat<\/strong>. Es ist schwer in Worte zu fassen, <strong>wie tief mich jeder Satz r\u00fchrt<\/strong>, immer noch. Jede einzelne Information ist wertvoll und relevant\u2014und ruft in mir das Gef\u00fchl der Erinnerung und Erkenntnis hervor. <strong>Pl\u00f6tzlich machen so viele Dinge in meinem Leben Sinn<\/strong> und ich sehe die Zusammenh\u00e4nge klar und deutlich. Ich danke Dir und Agni f\u00fcr dieses wertvolle Geschenk! Alles Liebe\u201d<br \/>\n<strong>Kat Csengo<\/strong>, Virtuelle Assistentin | <strong>www.paperclipfox.com\/<\/strong><\/p>\n<p><img loading=\"lazy\" class=\"alignleft\" title=\"anges de lumiere\" src=\"http:\/\/thefemalegrail.com\/deutsch\/wp-content\/uploads\/2012\/10\/anges-de-lumiere.png\" alt=\"\" width=\"85\" height=\"85\" \/>\u201cDurga hat f\u00fcr mich ein Akasha Reading gelesen, in dem sie \u00fcber mich und drei meiner Kinder spricht. Ihr Reading war sehr tiefgehend und best\u00e4tigte einige Gedanken, die ich mir selbst schon dazu gemacht hatte, warum meine Kinder gerade mich als ihre Mutter gew\u00e4hlt hatten. Es schien einige andere Punkte an ihren richtigen Platz zu r\u00fccken, \u00fcber die ich mir schon viele Gedanken gemacht hatte. Das war sehr hilfreich f\u00fcr mich. Ich w\u00fcrde ihre Readings, die genial und sehr inspirierend sind, sehr weiterempfehlen. Durga ist the real deal. Ich liebe ihre Feinf\u00fchligkeit und ihre Ehrlichkeit.\u201d <strong>Anges de Lumi\u00e8re<\/strong> | <a title=\"anges de lumiere website\" href=\"http:\/\/www.angesdelumiere.com\" target=\"_blank\"><strong>www.angesdelumiere.com<\/strong><\/a><\/p>\n<p><img loading=\"lazy\" class=\"alignleft size-full wp-image-573\" title=\"agnes fehlau\" src=\"http:\/\/thefemalegrail.com\/deutsch\/wp-content\/uploads\/2012\/10\/agnes-fehlau.png\" alt=\"\" width=\"85\" height=\"85\" \/>&#8220;Ein Seelengeschenk, ein Schatz, ein heiliger Schl\u00fcssel f\u00fcr die Zukunft &#8230;Vielen Dank Durga &amp; Agni.&#8221;<br \/>\n<strong>Agnes Fehlau<\/strong>, Radiomoderator | <strong>Wellness &amp; Beyond<\/strong><\/p>","protected":false},"excerpt":{"rendered":"<p>AKASHIC RECORDS READINGS Finde die F\u00fchrung, die du brauchst, um dieses Leben in seinem ganzen Potential zu leben. : Sehnst du dich danach, den wirklichen Wunsch deiner Seele zu verstehen? : Fr\u00e4gst du dich, \u201cWas ist der Sinn meines Lebens?\u201d oder \u201cWie kann ich \u00fcber meine Zukunft erfahren?\u201d : M\u00f6chtest du deine Beziehungen vertiefen oder [&hellip;]<\/p>\n","protected":false},"author":2,"featured_media":0,"parent":59,"menu_order":0,"comment_status":"closed","ping_status":"closed","template":"","meta":{"ngg_post_thumbnail":0},"_links":{"self":[{"href":"https:\/\/thefemalegrail.com\/deutsch\/wp-json\/wp\/v2\/pages\/798"}],"collection":[{"href":"https:\/\/thefemalegrail.com\/deutsch\/wp-json\/wp\/v2\/pages"}],"about":[{"href":"https:\/\/thefemalegrail.com\/deutsch\/wp-json\/wp\/v2\/types\/page"}],"author":[{"embeddable":true,"href":"https:\/\/thefemalegrail.com\/deutsch\/wp-json\/wp\/v2\/users\/2"}],"replies":[{"embeddable":true,"href":"https:\/\/thefemalegrail.com\/deutsch\/wp-json\/wp\/v2\/comments?post=798"}],"version-history":[{"count":36,"href":"https:\/\/thefemalegrail.com\/deutsch\/wp-json\/wp\/v2\/pages\/798\/revisions"}],"predecessor-version":[{"id":3101,"href":"https:\/\/thefemalegrail.com\/deutsch\/wp-json\/wp\/v2\/pages\/798\/revisions\/3101"}],"up":[{"embeddable":true,"href":"https:\/\/thefemalegrail.com\/deutsch\/wp-json\/wp\/v2\/pages\/59"}],"wp:attachment":[{"href":"https:\/\/thefemalegrail.com\/deutsch\/wp-json\/wp\/v2\/media?parent=798"}],"curies":[{"name":"wp","href":"https:\/\/api.w.org\/{rel}","templated":true}]}}