{"id":895,"date":"2012-04-18T10:21:16","date_gmt":"2012-04-18T09:21:16","guid":{"rendered":"http:\/\/thefemalegrail.com\/deutsch\/?page_id=895"},"modified":"2013-05-03T17:53:46","modified_gmt":"2013-05-03T15:53:46","slug":"schwaermereien-liebe","status":"publish","type":"page","link":"https:\/\/thefemalegrail.com\/deutsch\/la-lumiere-durgas-ashram\/schwaermereien-liebe\/","title":{"rendered":"schw\u00e4rmereien &#038; liebe"},"content":{"rendered":"<div id=\"nav\" style=\"border:0px;\">\n<div>\n<ul style=\"margin-left: 0px; \">\n<li style=\"list-style:none; background-color:#f7f2f0; padding-left:10px; border-bottom: 1px dotted #DFCDC3; border-right: 2px solid #FFFFFF; width:138px;\"><a style=\"border-bottom:none\" href=\"\/deutsch\/la-lumiere-durgas-ashram\/unsere-events\/\" class=\"broken_link\">Unsere<br \/>\nEvents<\/a><\/li>\n<li style=\"list-style:none; background-color:#f7f2f0; padding-left:10px; border-bottom: 1px dotted #DFCDC3; border-right: 2px solid #FFFFFF; width:148px;\"><a style=\"border-bottom:none\" href=\"\/deutsch\/la-lumiere-durgas-ashram\/saftiges-ashramleben\/\" class=\"broken_link\">Saftiges<br \/>\nAshramleben<\/a><\/li>\n<li style=\"list-style:none; padding-left:10px; border-bottom: 1px dotted #DFCDC3; border-right: 2px solid #FFFFFF; width:148px;\"><a style=\"border-bottom:none\" href=\"\/deutsch\/la-lumiere-durgas-ashram\/schwaermereien-liebe\/\" class=\"broken_link\">Schw\u00e4rmereien<br \/>\n&#038; Liebe<\/a><\/li>\n<\/ul>\n<\/div>\n<\/div>\n<p><span>&nbsp;<\/span><\/p>\n<h3><strong>Was andere \u00fcber La Lumi\u00e8re sagen:<br \/>\nWir lieben euch&#8230;<\/strong><\/h3>\n<p><span>&nbsp;<\/span><br \/>\n<img loading=\"lazy\" src=\"http:\/\/thefemalegrail.com\/deutsch\/wp-content\/uploads\/2012\/10\/sun-ya-fischer.png\" alt=\"\" title=\"Sun Ya Fischer\" width=\"85\" height=\"85\" class=\"alignleft\" \/>&#8220;La Lumi\u00e8re ist ein Paradies auf Erden! <strong>Ein g\u00f6ttlicher Ort voller Inspiration und Liebe.<\/strong> Durga ber\u00fchrt mit ihrer Liebe &#038; Kraft deinen Geist &#038; dein Herz auf allen Ebenen. Ich liebe es, dort zu sein! Und ber\u00fchrt zu sein durch das <strong>Entdecken meines wahren Ichs<\/strong> in so einem wunderbar sonnigen und herzlichen Ort! Ich liebe Durgas Spirit! Danke!&#8221;<br \/>\n<strong>Sun Ya Fischer<\/strong>, Gr\u00fcnder der Akasha Chakra Essences\u00ae | <a href=\"http:\/\/www.akasha-c-e.com\" title=\"akasha chakra essences\" target=\"_blank\" class=\"broken_link\"><strong>Akasha Chakra Essences\u00ae<\/strong><\/a><\/p>\n<p><img loading=\"lazy\" src=\"http:\/\/thefemalegrail.com\/deutsch\/wp-content\/uploads\/2012\/10\/lukas-dostal.png\" alt=\"\" title=\"Lukas Dostal\" width=\"85\" height=\"85\" class=\"alignleft\" \/>&#8220;An La Lumi\u00e8re mag ich die <strong>Intensit\u00e4t und die Konzentration, die hier entstehen kann<\/strong> und zwar sowohl im entspannenden Sinn als auch im produktiven Sinn. Ja und neben wunderbaren Fotomotiven habe  ich hier schon einige inspirierende Freunde, Seelenverwandte, gefunden.&#8221; <strong>Lukas Dostal<\/strong>, Fotograf | <a href=\"http:\/\/www.lukasdostal.at\" title=\"lukas dostal fotograf\" target=\"_blank\"><strong>www.lukasdostal.at<\/strong><\/a><\/p>\n<p><img loading=\"lazy\" src=\"http:\/\/thefemalegrail.com\/deutsch\/wp-content\/uploads\/2012\/10\/kristin-engvig.png\" alt=\"\" title=\"Kristin Engvig\" width=\"85\" height=\"85\" class=\"alignleft\" \/>&#8220;Durga in ihrem La Lumi\u00e8re zu besuchen war eine wundervolle und gef\u00fchlvolle Erfahrung. F\u00fcr mich reflektiert La Lumi\u00e8re Durgas guten Sch\u00f6nheitsgeschmack und einen Ort, <strong>wo ich Klarheit fand \u00fcber einige wichtige Entscheidungen<\/strong>. Mir hat es Spa\u00df gemacht, dort zu sein mit Durga und Freunden aus aller Welt und w\u00fcrde jederzeit gerne wieder zur\u00fcck kehren.&#8221; <strong>Keshava &#8211; Kristin Engvig<\/strong>, Gr\u00fcnder und Leiter \u2013 Women\u2019s International Networking (WIN) &#038; <a href=\"http:\/\/www.winconference.net\" title=\"win conference\" target=\"_blank\"><strong>WINConference<\/strong><\/a><\/p>\n<p><img loading=\"lazy\" src=\"http:\/\/thefemalegrail.com\/deutsch\/wp-content\/uploads\/2012\/10\/aliana-devi-schafferer-2.png\" alt=\"\" title=\"aliana devi schafferer\" width=\"85\" height=\"85\" class=\"alignleft\" \/>&#8220;Meine <strong>Liebeserkl\u00e4rung<\/strong> an La Lumi\u00e8re: \u201eEin Haus wird nur dann zu einem Heim, wenn dein K\u00f6rper Kraft, dein Geist Erholung und  deine Seele Frieden findet.\u201c (chin.Sprichwort )<br \/>\nAls Architektin war und ist es f\u00fcr mich immer wichtig einen RAUM um mich zu haben der mich ganz erf\u00fcllt und inspiriert. Nach diesem Grundsatz gestalte ich R\u00e4ume und Pl\u00e4tze. Als ich das erstemal nach La Lumi\u00e8re kam, war es f\u00fcr mich wie ein <strong>zuhause ankommen, im innen wie im au\u00dfen<\/strong>! Diesen Ort muss man erleben, erf\u00fchlen, sp\u00fcren, ein paar Worten die ihn f\u00fcr mich erahnen lassen: <strong>geborgenheit<\/strong>. einheit. ankommen. wahrheit. shakti.<strong> schoss<\/strong>. feuer. natur. elemente. <strong>verbindung<\/strong>. ber\u00fchrung. liebe. seele. <strong>freiraum<\/strong>. sein. zartheit. klarheit. frauenpower. kreativit\u00e4t. mutter. erde. <strong>naturwesen<\/strong>. g\u00f6ttin. familie. genuss. weite. frieden. <strong>freude<\/strong>&#8230;&#8230;<br \/>\nDanke La Lumi\u00e8re! Danke liebe Durga! In Liebe und Verbundenheit!&#8221;<br \/>\n<strong>Aliana Devi Schafferer<\/strong>, Architektin | <a href=\"http:\/\/www.raum-gefuehl.com\" title=\"raum gef\u00fchl aliana devi schafferer\" target=\"_blank\"><strong>www.raum-gefuehl.com<\/strong><\/a><\/p>\n<p><img loading=\"lazy\" src=\"http:\/\/thefemalegrail.com\/deutsch\/wp-content\/uploads\/2012\/10\/nohila-driever-2.png\" alt=\"\" title=\"Nohila Driever\" width=\"85\" height=\"85\" class=\"alignleft\" \/>&#8220;La Lumiere ist ein Ort der alte Geschichten ans Licht bringt. Die <strong>Schatten heilt<\/strong> und Raum gibt <strong>neue Geschichten zu schreiben<\/strong>. Wir erinnern uns an unser Wissen und kommen ein St\u00fcck mehr in unserem eigenen Fluss an.&#8221;<br \/>\n<strong>Nohila Driever<\/strong>, Spiritueller Coach | <a href=\"http:\/\/www.soulbusiness.de\" title=\"soulbusiness\" target=\"_blank\"><strong>www.soulbusiness.de<\/strong><\/a><\/p>\n<p><img loading=\"lazy\" src=\"http:\/\/thefemalegrail.com\/deutsch\/wp-content\/uploads\/2012\/10\/farhi-horak.png\" alt=\"\" title=\"Farhi Horak\" width=\"85\" height=\"85\" class=\"alignleft\" \/>&#8220;La Lumiere = Das Licht = Die Wahrheit!<br \/>\nDieser Ort ist unglaublich. Gott besch\u00fctze ihn! Ich liebe es dort. Sch\u00f6ne Landschaft, sch\u00f6ne Gastgeberinnen = die Zeit gro\u00dfen Vergn\u00fcgens f\u00fcr alle, die die Verbindung zum Licht, zu Jesus, Agni, dem Heiligen Gral, Durga und Parasi sp\u00fcren. Das ist der Ort, an dem du dich <strong>wirklich mit deinem g\u00f6ttlichen Selbst verbinden<\/strong> kannst, dem Ort der Liebe und des Lichts. Ich freue mich schon auf meinen n\u00e4chsten Besuch. Danke.\u201d\u2028<br \/>\n<strong>Farhi Horak<\/strong>, K\u00fcnstler, Heiler und Feng Shui Berater | <strong>Farhi Healing<\/strong><\/p>\n<p><img loading=\"lazy\" src=\"http:\/\/thefemalegrail.com\/deutsch\/wp-content\/uploads\/2012\/10\/lyarea-dietrich.png\" alt=\"\" title=\"Lyarea Dietrich\" width=\"85\" height=\"85\" class=\"alignleft\" \/>&#8220;La Lumi\u00e8re ist f\u00fcr mich der Ort, <strong>wo der Sternenhimmel die Erde k\u00fcsst<\/strong>. Es ist die Perle im Lotus. La Lumi\u00e8re besuchen bedeutet f\u00fcr mich <strong>nach Hause kommen<\/strong>, bei mir selber anzukommen. Liebe und Gl\u00fcckseligkeit. Om namah shivaya.&#8221;<br \/>\n<strong>Lyarea Dietrich<\/strong>, Spiritueller Lehrer | <a href=\"http:\/\/www.lyarea.ch\" title=\"website lyarea\" target=\"_blank\" class=\"broken_link\"><strong>www.lyarea.ch<\/strong><\/a><\/p>\n<p><img loading=\"lazy\" src=\"http:\/\/thefemalegrail.com\/deutsch\/wp-content\/uploads\/2012\/10\/sharam-tiemann.png\" alt=\"\" title=\"Sharam Tiemann\" width=\"85\" height=\"85\" class=\"alignleft\" \/>&#8220;Mein erster Besuch in La Lumi\u00e8re war auch gleichzeitig die Er\u00f6ffnung von diesem wundervollen Ort. Ich ahnte damals noch nicht, dass ich 2 Jahre sp\u00e4ter selbst ein Lichtzentrum er\u00f6ffnen w\u00fcrde. Seitdem zog es mich einige Male nach La Lumi\u00e8re zu verschiedenen Treffen und Seminaren. La Lumi\u00e8re ist f\u00fcr mich wie <strong>eine Essenz, die mich zu meinem Ursprung zur\u00fcck f\u00fchrt<\/strong>. Ich liebe das ganze Ambiente, das immer etwas Besonderes f\u00fcr mich er\u00f6ffnet.<br \/>\nLa Lumi\u00e8re ist f\u00fcr mich wie <strong>eine Schatzkiste von Visionen<\/strong> zu meinem eigenen Selbst. Meine Begegnungen dort waren tiefgreifend und lebensver\u00e4ndernd. Danke Durga und Parasi f\u00fcr Eure Liebe und das Engagement, das diesen Ort zu einem kleinen Paradies macht. Ich freue mich schon auf den n\u00e4chsten Besuch.&#8221;<br \/>\n<strong>Sharam Tiemann<\/strong>, Spiritueller Lehrer | <a href=\"http:\/\/www.aolc.co.uk\" title=\"Angels of Light Centre\/Schottland\" target=\"_blank\" class=\"broken_link\"><strong>Angels of Light Centre\/Schottland<\/strong><\/a><\/p>\n<p><img loading=\"lazy\" src=\"http:\/\/thefemalegrail.com\/deutsch\/wp-content\/uploads\/2012\/10\/ranasa-vracun.png\" alt=\"\" title=\"ranasa vracun\" width=\"85\" height=\"85\" class=\"alignleft\" \/>&#8220;Ja, warum geht man dahin, wohin man geht? Ein Anstubsen von au\u00dfen, eine Buchung und ein Ausflug in etwas Neues. Dann komme ich in La Lumi\u00e8re zum ersten mal an und <strong>nichts ist mir fremd<\/strong>. Sofort r\u00e4ume ich den Tisch auf, es ist ein solches Selbstverst\u00e4ndnis f\u00fcr mich, wie wenn man nach Hause kommt und erst mal in den K\u00fchlschrank schaut. Kein M\u00fcssen, <strong>viel Platz f\u00fcr die Freude, f\u00fcrs Kichern, f\u00fcrs Lachen<\/strong> und f\u00fcr ganz viel Essen. Also ein <strong>riesiger Speicherplatz f\u00fcr meine Gl\u00fcckseligkeit<\/strong>. Dieser Pool, in den man immer wieder Eintauchen kann, hatte etwas Lebensver\u00e4nderndes f\u00fcr mich. Weil dieses Gef\u00fchl, welches ich in mir trage, da auf einen reellen Raum trifft und es ist gut zu wissen, dass man hier auf tanken kann. Es darf auch eine Unbeschwertheit und Freude beim Arbeiten, beim <strong>Selbst entdecken<\/strong>, geben. Und diese stecke ich dann zu Hause in meine Arbeit und meine Kunst. In einem Satz ausgedr\u00fcckt: <strong>hier trifft f\u00fcr mich die Tr\u00e4umerei auf den Boden der Realit\u00e4t<\/strong>, der Umsetzung.&#8221;<br \/>\n<strong>Ranasa Vracun<\/strong>, K\u00fcnstlerin &#038; Innenarchitektin<\/p>\n<p><img loading=\"lazy\" src=\"http:\/\/thefemalegrail.com\/deutsch\/wp-content\/uploads\/2012\/10\/paolo-urax.png\" alt=\"\" title=\"Paolo Urax\" width=\"85\" height=\"85\" class=\"alignleft\" \/>&#8220;W\u00e4hrend eines Workshops in 2010 beschrieb eine \u201cunbekannte Frau\u201d ihr Haus; sie sprach von einem Raum, in dem eines Tages der Sohn Gottes erschien und verweilte. Sofort sp\u00fcrte ich den Drang, dieses Haus zu besuchen. Drei Monate sp\u00e4ter besuchte ich La Lumi\u00e8re und nahm an der Arathi Zeremonie teil, welche in diesem Raum stattfand. Vom ersten Betreten und ohne Grund konnte ich nicht aufh\u00f6ren, zu weinen. <strong>Jesus ist wirklich da!<\/strong>&#8221; <strong>Paolo Urax<\/strong><\/p>\n<p><img loading=\"lazy\" src=\"http:\/\/thefemalegrail.com\/deutsch\/wp-content\/uploads\/2012\/10\/romana-domsel.png\" alt=\"\" title=\"Romana Domsel\" width=\"85\" height=\"85\" class=\"alignleft\" \/>&#8220;Zuerst habe ich ein Bild von La Lumi\u00e8re gesehen und sofort gedacht: Da m\u00f6chte ich hin! Das Bild strahlte f\u00fcr mich eine Liebe und ein Frieden aus, so dass ich unbedingt dorthin wollte. Als ich dann das erste Mal dort war, wurde ich so mit dieser Energie konfrontiert, dass ich am liebsten sofort wieder weggelaufen w\u00e4re. Ich wusste nicht, was dort mit mir geschah. Aber ich bin geblieben und durch H\u00f6hen und Tiefen gegangen, mal \u201eich will damit nichts zu tun haben\u201c bis \u201ees tut mir so gut, hier zu sein\u201c. Bald merkte ich, das La Lumi\u00e8re mich einfach <strong>mit seiner Liebe umfangen h\u00e4lt<\/strong>, egal wie es mir geht und <strong>mich so nimmt wie ich bin<\/strong> und ich immer davon sch\u00f6pfen kann, ich dort Kraft tanken und zur Ruhe kommen kann, wenn ich m\u00f6chte. Ein Ort f\u00fcr mich, wo ich <strong>Antworten finde<\/strong> auf Fragen. Jetzt komme ich soooo gerne dorthin. La Lumi\u00e8re bringt mich in Prozesse. Ich kann dort loslassen und allen Wesen, die ich dort treffe, mit dem Herzen zuh\u00f6ren. <strong>La Lumi\u00e8re ist f\u00fcr mich wie meine Lieblingsschokolade \u2013 einmal davon genascht und ich kann nicht aufh\u00f6ren.<\/strong>&#8221; <strong>Romana Domsel<\/strong>, Hebamme<\/p>","protected":false},"excerpt":{"rendered":"<p>Unsere Events Saftiges Ashramleben Schw\u00e4rmereien &#038; Liebe &nbsp; Was andere \u00fcber La Lumi\u00e8re sagen: Wir lieben euch&#8230; &nbsp; &#8220;La Lumi\u00e8re ist ein Paradies auf Erden! Ein g\u00f6ttlicher Ort voller Inspiration und Liebe. Durga ber\u00fchrt mit ihrer Liebe &#038; Kraft deinen Geist &#038; dein Herz auf allen Ebenen. Ich liebe es, dort zu sein! Und ber\u00fchrt [&hellip;]<\/p>\n","protected":false},"author":2,"featured_media":0,"parent":56,"menu_order":0,"comment_status":"open","ping_status":"open","template":"page-ll.php","meta":{"ngg_post_thumbnail":0},"_links":{"self":[{"href":"https:\/\/thefemalegrail.com\/deutsch\/wp-json\/wp\/v2\/pages\/895"}],"collection":[{"href":"https:\/\/thefemalegrail.com\/deutsch\/wp-json\/wp\/v2\/pages"}],"about":[{"href":"https:\/\/thefemalegrail.com\/deutsch\/wp-json\/wp\/v2\/types\/page"}],"author":[{"embeddable":true,"href":"https:\/\/thefemalegrail.com\/deutsch\/wp-json\/wp\/v2\/users\/2"}],"replies":[{"embeddable":true,"href":"https:\/\/thefemalegrail.com\/deutsch\/wp-json\/wp\/v2\/comments?post=895"}],"version-history":[{"count":17,"href":"https:\/\/thefemalegrail.com\/deutsch\/wp-json\/wp\/v2\/pages\/895\/revisions"}],"predecessor-version":[{"id":3105,"href":"https:\/\/thefemalegrail.com\/deutsch\/wp-json\/wp\/v2\/pages\/895\/revisions\/3105"}],"up":[{"embeddable":true,"href":"https:\/\/thefemalegrail.com\/deutsch\/wp-json\/wp\/v2\/pages\/56"}],"wp:attachment":[{"href":"https:\/\/thefemalegrail.com\/deutsch\/wp-json\/wp\/v2\/media?parent=895"}],"curies":[{"name":"wp","href":"https:\/\/api.w.org\/{rel}","templated":true}]}}