{"id":932,"date":"2012-04-25T08:56:56","date_gmt":"2012-04-25T07:56:56","guid":{"rendered":"http:\/\/thefemalegrail.com\/deutsch\/?page_id=932"},"modified":"2012-05-22T10:19:36","modified_gmt":"2012-05-22T08:19:36","slug":"taegliche-meditationen","status":"publish","type":"page","link":"https:\/\/thefemalegrail.com\/deutsch\/la-lumiere-durgas-ashram\/saftiges-ashramleben\/taegliche-meditationen\/","title":{"rendered":"t\u00e4gliche meditationen und rituale"},"content":{"rendered":"<div id=\"nav\" style=\"border:0px;\">\n<div>\n<ul style=\"margin-left: 0px; \">\n<li style=\"list-style:none; background-color:#f7f2f0; padding-left:10px; border-bottom: 1px dotted #DFCDC3; border-right: 2px solid #FFFFFF; width:138px;\"><a style=\"border-bottom:none\" href=\"\/deutsch\/la-lumiere-durgas-ashram\/unsere-events\/\" class=\"broken_link\">Unsere<br \/>\nEvents<\/a><\/li>\n<li style=\"list-style:none; background-color:#f7f2f0; padding-left:10px; border-bottom: 1px dotted #DFCDC3; border-right: 2px solid #FFFFFF; width:148px;\"><a style=\"border-bottom:none\" href=\"\/deutsch\/la-lumiere-durgas-ashram\/saftiges-ashramleben\/\" class=\"broken_link\">Saftiges<br \/>\nAshramleben<\/a><\/li>\n<li style=\"list-style:none; background-color:#f7f2f0; padding-left:10px; border-bottom: 1px dotted #DFCDC3; border-right: 2px solid #FFFFFF; width:148px;\"><a style=\"border-bottom:none\" href=\"\/deutsch\/la-lumiere-durgas-ashram\/schwaermereien-liebe\/\" class=\"broken_link\">Schw\u00e4rmereien<br \/>\n&#038; Liebe<\/a><\/li>\n<\/ul>\n<\/div>\n<\/div>\n<p><span>&nbsp;<\/span><\/p>\n<h1>t\u00e4gliche meditationen<br \/>\nund rituale<\/h1>\n<h3>Ein lebendiger Tempel:<br \/>\n<strong>T\u00e4glich ge\u00f6ffnet<\/strong><\/h3>\n<h3>HEILIGTUM F\u00dcR UNSERE SEELEN<\/h3>\n<h4>In <a href=\"http:\/\/thefemalegrail.com\/la-lumiere-durgas-ashram\/\" title=\"la lumiere durgas ashram\" target=\"_blank\">La Lumi\u00e8re<\/a> treffen wir uns morgens im <a href=\"\/deutsch\/la-lumiere-durgas-ashram\/saftiges-ashramleben\/tempel-des-goettlichen\/\" title=\"tempel des g\u00f6ttlichen\" target=\"_blank\" class=\"broken_link\">Tempel<\/a> und verbinden uns in Einheit. Auch am Abend treffen wir uns in der t\u00e4glichen Abendmeditation und entz\u00fcnden ein Feuer der Christusliebe, um unsere Seelen zu beruhigen und uns von den nat\u00fcrlich angesammelten Resten des Alltags zu befreien. Unber\u00fchrt von der Welt <strong>ist unsere Seele frei, sich in G\u00f6ttlichkeit auszudehnen<\/strong>. Freie Meditation.<\/h4>\n<h3>8.00 bis 8.30<br \/>\nMorgenmeditation:<br \/>\nWir treffen uns im <a href=\"http:\/\/thefemalegrail.com\/deutsch\/la-lumiere-durgas-ashram\/saftiges-ashramleben\/tempel-des-goettlichen\/\" title=\"tempel des g\u00f6ttlichen\" target=\"_blank\">Tempel des G\u00f6ttlichen<\/a>.<\/h3>\n<p><img class=\"aligncenter2\" width=\"570\" title=\"temple of the divine\" alt=\"\" src=\"http:\/\/thefemalegrail.com\/wp-content\/uploads\/2012\/04\/temple-of-the-divine.jpg\"><\/p>\n<h3 id=\"omkar\">Omkar: 21 mal Om<\/h3>\n<p>Ungesprochen und unber\u00fchrt. <strong>Unser Gesang der heiligen Oms erf\u00fcllt den Raum<\/strong> mit einer Unschuld willkommen hei\u00dfenden Schwingung. Wir vereinigen uns im Meer der Einheit noch bevor unsere Absichten erwachen. W\u00e4hrend wir das Om singen, <strong>\u00f6ffnen wir unseren Geist und unsere Gef\u00fchle<\/strong>. Wir l\u00f6sen uns auf in Reinheit und Hingabe. Hier sind wir ausgerichtet und entspannen uns in Freude. Die heilige Atmosph\u00e4re schwingt. <\/p>\n<p><strong>OM<\/strong> (gesprochen AUM) repr\u00e4sentiert \u201eBrahma\u201c, den Ursprung und die Energiequelle des gesamten Universums. In anderen Worten repr\u00e4sentiert AUM Gott. OM ist die Wurzel jedes Mantras. \u201eMantren\u201c beeinflussen und bewegen durch ihre Schwingung die Umgebung und uns selbst. Die Ergebnisse sind wunderbar. Jedes Mantra beginnt mit AUM und endet meist auch damit.  <\/p>\n[audio:http:\/\/thefemalegrail.com\/audio\/omkar.mp3|titles=Omkar]\n<h4>Dann ist einen Moment Stille, bevor das Tor ge\u00f6ffnet wird, um das Suprabatham zu singen.<\/h4>\n<h3 id=\"suprabatham\">Suprabatham<\/h3>\n<p>Dieses alte Sanskrit Gebet erweckt Gott in uns.<\/p>\n<blockquote><p>\u201cErwache, erwache oh Herr von Parthi!  Oh Herr des ganzen Universums und der Menschheit! Erwache, Oh barmherziger Herr! So, dass die Welt Gl\u00fcck, Gl\u00fccklichsein, Wohlstand, Wohlergehen und Segen erh\u00e4lt.\u201c<\/p><\/blockquote>\n[audio:http:\/\/thefemalegrail.com\/audio\/suprabatham.mp3|titles=Suprabatham]\n<p><a href=\"http:\/\/thefemalegrail.com\/wp-content\/uploads\/files\/suprabatham.pdf\" title=\"text suprabatham\" target=\"_blank\">Klicke hier um das Suprabatham herunterzuladen<\/a><\/p>\n<h4>Dann vertiefen wir uns in die reine Meditation:<br \/>\nIn unsere Herzen.<\/h4>\n<h3 id=\"meditation\">Stille<br \/>\n&#8220;Gott ist Liebe&#8221; ist unser Mantra.<\/h3>\n<p>Wir entz\u00fcnden das heilige Feuer in unserem &#8220;urspr\u00fcnglichen Herzen&#8221;. Hier sind wir eins. Das Mantra bewegt sich wie eine Gebetsm\u00fchle in unseren Herzen. Wir f\u00fchlen jede Seele im Tempel, die Pr\u00e4senz eines jeden einzigartigen Wesens. Wir sind erwacht. <strong>Wir vereinen uns in Liebe. Unsere Erinnerung im Zentrum aller Herzen: die Ewigkeit geht \u00fcber alle Illusionen hinaus. <\/strong><\/p>\n<p>Wenn du La Lumi\u00e8re besuchst, bieten wir dir die M\u00f6glichkeit an, dich in die Herzensmeditation einweihen zu lassen.<\/p>\n<h3>18.00 bis 18.30 Uhr:<br \/>\nAbendmeditation<br \/>\nZuerst treffen wir uns im <a href=\"\/deutsch\/la-lumiere-durgas-ashram\/saftiges-ashramleben\/jesus-gebetsraum\/\" title=\"jesus gebetsraum\" target=\"_blank\" class=\"broken_link\">Jesus Gebetsraum<\/a><\/h3>\n<p><img class=\"aligncenter2\" width=\"570\" title=\"jesus prayer room\" alt=\"\" src=\"http:\/\/thefemalegrail.com\/wp-content\/uploads\/2012\/04\/jesus-prayer-room.jpg\"><\/p>\n<h3>Jesus Arathi<br \/>\n&amp; Feuerzeremonie der Christusliebe<\/h3>\n<p>Im Tempel des Christuslichts tauchen wir ein in die Christusliebe.<br \/>\nWir beten. F\u00fcr Evolution und Gnade.<\/p>\n<h3>Jesus Arathi<\/h3>\n<p><iframe loading=\"lazy\" width=\"560\" height=\"315\" src=\"http:\/\/www.youtube.com\/embed\/leVBtyTMifo\" frameborder=\"0\" allowfullscreen><\/iframe><\/p>\n<h3>&amp;<br \/>\nFeuerzeremonie der Christusliebe<\/h3>\n<p>Vier Aspekte der Christusliebe brennen f\u00fcr uns und umarmen unsere Seelen:<\/p>\n<blockquote><p>Das wei\u00dfe Essener Feuer: Reinheit<br \/>\nDas Feuer von Agni: Lebenskraft<br \/>\nDas rote Feuer: Christuslicht<br \/>\nDas Feuer, das Jesus gewidmet ist: Die ewig Liebenden<\/p><\/blockquote>\n<p>Und ein hingebungsvolles Gebet f\u00fcr die Seele:<\/p>\n<blockquote><p>\nEsu Elechem<br \/>\nAgni Elechem<br \/>\nChristo Elechem<br \/>\nEvenu Shalom<\/p><\/blockquote>\n[audio:http:\/\/thefemalegrail.com\/audio\/christ-love-fire-ceremony.mp3|titles=Christ love fire ceremony]\n<h4>Danach meditieren wir im <a href=\"http:\/\/thefemalegrail.com\/deutsch\/la-lumiere-durgas-ashram\/saftiges-ashramleben\/tempel-des-goettlichen\/\" title=\"tempel des g\u00f6ttlichen\" target=\"_blank\">Tempel des G\u00f6ttlichen<\/a><\/h4>\n<h3>Stille<br \/>\n&#8220;Gott ist Liebe&#8221; ist unser Mantra. <\/h3>\n<p>Wir entz\u00fcnden das heilige Feuer in unserem &#8220;urspr\u00fcnglichen Herzen&#8221;. Hier sind wir eins. Das Mantra bewegt sich wie eine Gebetsm\u00fchle in unseren Herzen. Wir f\u00fchlen jede Seele im Tempel, die Pr\u00e4senz eines jeden einzigartigen Wesens. Wir sind erwacht. <strong>Wir vereinen uns in Liebe. Unsere Erinnerung im Zentrum aller Herzen: die Ewigkeit geht \u00fcber alle Illusionen hinaus. <\/strong><\/p>\n<p>Wenn du La Lumi\u00e8re besuchst, bieten wir dir die M\u00f6glichkeit an, dich in die Herzensmeditation einweihen zu lassen.<\/p>\n<p><a href=\"\/deutsch\/la-lumiere-durgas-ashram\/saftiges-ashramleben\/\" title=\"saftiges ashramleben\" class=\"broken_link\">Zur\u00fcck zur \u00dcbersicht<\/a><\/p>","protected":false},"excerpt":{"rendered":"<p>Unsere Events Saftiges Ashramleben Schw\u00e4rmereien &#038; Liebe &nbsp; t\u00e4gliche meditationen und rituale Ein lebendiger Tempel: T\u00e4glich ge\u00f6ffnet HEILIGTUM F\u00dcR UNSERE SEELEN In La Lumi\u00e8re treffen wir uns morgens im Tempel und verbinden uns in Einheit. Auch am Abend treffen wir uns in der t\u00e4glichen Abendmeditation und entz\u00fcnden ein Feuer der Christusliebe, um unsere Seelen zu [&hellip;]<\/p>\n","protected":false},"author":2,"featured_media":0,"parent":873,"menu_order":0,"comment_status":"closed","ping_status":"closed","template":"page-ll.php","meta":{"ngg_post_thumbnail":0},"_links":{"self":[{"href":"https:\/\/thefemalegrail.com\/deutsch\/wp-json\/wp\/v2\/pages\/932"}],"collection":[{"href":"https:\/\/thefemalegrail.com\/deutsch\/wp-json\/wp\/v2\/pages"}],"about":[{"href":"https:\/\/thefemalegrail.com\/deutsch\/wp-json\/wp\/v2\/types\/page"}],"author":[{"embeddable":true,"href":"https:\/\/thefemalegrail.com\/deutsch\/wp-json\/wp\/v2\/users\/2"}],"replies":[{"embeddable":true,"href":"https:\/\/thefemalegrail.com\/deutsch\/wp-json\/wp\/v2\/comments?post=932"}],"version-history":[{"count":13,"href":"https:\/\/thefemalegrail.com\/deutsch\/wp-json\/wp\/v2\/pages\/932\/revisions"}],"predecessor-version":[{"id":1110,"href":"https:\/\/thefemalegrail.com\/deutsch\/wp-json\/wp\/v2\/pages\/932\/revisions\/1110"}],"up":[{"embeddable":true,"href":"https:\/\/thefemalegrail.com\/deutsch\/wp-json\/wp\/v2\/pages\/873"}],"wp:attachment":[{"href":"https:\/\/thefemalegrail.com\/deutsch\/wp-json\/wp\/v2\/media?parent=932"}],"curies":[{"name":"wp","href":"https:\/\/api.w.org\/{rel}","templated":true}]}}