{"id":934,"date":"2012-04-25T08:57:35","date_gmt":"2012-04-25T07:57:35","guid":{"rendered":"http:\/\/thefemalegrail.com\/deutsch\/?page_id=934"},"modified":"2012-04-27T09:23:53","modified_gmt":"2012-04-27T07:23:53","slug":"tempel-des-goettlichen","status":"publish","type":"page","link":"https:\/\/thefemalegrail.com\/deutsch\/la-lumiere-durgas-ashram\/saftiges-ashramleben\/tempel-des-goettlichen\/","title":{"rendered":"tempel des g\u00f6ttlichen"},"content":{"rendered":"<div id=\"nav\" style=\"border:0px;\">\n<div>\n<ul style=\"margin-left: 0px; \">\n<li style=\"list-style:none; background-color:#f7f2f0; padding-left:10px; border-bottom: 1px dotted #DFCDC3; border-right: 2px solid #FFFFFF; width:138px;\"><a style=\"border-bottom:none\" href=\"\/deutsch\/la-lumiere-durgas-ashram\/unsere-events\/\" class=\"broken_link\">Unsere<br \/>\nEvents<\/a><\/li>\n<li style=\"list-style:none; background-color:#f7f2f0; padding-left:10px; border-bottom: 1px dotted #DFCDC3; border-right: 2px solid #FFFFFF; width:148px;\"><a style=\"border-bottom:none\" href=\"\/deutsch\/la-lumiere-durgas-ashram\/saftiges-ashramleben\/\" class=\"broken_link\">Saftiges<br \/>\nAshramleben<\/a><\/li>\n<li style=\"list-style:none; background-color:#f7f2f0; padding-left:10px; border-bottom: 1px dotted #DFCDC3; border-right: 2px solid #FFFFFF; width:148px;\"><a style=\"border-bottom:none\" href=\"\/deutsch\/la-lumiere-durgas-ashram\/schwaermereien-liebe\/\" class=\"broken_link\">Schw\u00e4rmereien<br \/>\n&#038; Liebe<\/a><\/li>\n<\/ul>\n<\/div>\n<\/div>\n<p><span>&nbsp;<\/span><\/p>\n<h1>Tempel des G\u00f6ttlichen:<\/h1>\n<p><strong>Stille. Gott und du.<\/strong> Keine Ablenkungen. Nur Momente.<\/p>\n<p><strong>Sanft eingeh\u00fcllt<\/strong> durch die Liebe der G\u00f6ttlichen Mutter. Pr\u00e4senz ist allgegenw\u00e4rtig.<\/p>\n<p><strong>Hinduistische G\u00f6ttinnen und G\u00f6tter wandern herein und heraus.<\/strong><br \/>\n<strong>Tibetische Buddhas<\/strong> nehmen aus dem Himmel mit ihren ewigen Mantren an der <a href=\"http:\/\/thefemalegrail.com\/deutsch\/la-lumiere-durgas-ashram\/saftiges-ashramleben\/taegliche-meditationen\/\" title=\"t\u00e4gliche meditationen und rituale\" target=\"_blank\">Meditation<\/a> teil.<\/p>\n<p>Der <strong>Tempel ist ein Ausdruck der F\u00fclle des G\u00f6ttlichen<\/strong>, der tanzende Shiva, der spielerische Krishna, der ewige, unsterbliche Brahma, die wilde Durga.<br \/>\n<strong>Shakti in Liebe<\/strong> mit der Sch\u00f6pfung. <\/p>\n<p>Unsere <strong>Blumenopfer<\/strong> kommunizieren mit dem Land der Legenden. <\/p>\n<p>Sinnliche Rott\u00f6ne sind heilig und <strong>inkarnieren unsere Seelen<\/strong>.<\/p>\n<table>\n<tbody>\n<tr>\n<td><img src=\"\/wp-content\/uploads\/2012\/04\/parvati.jpg\" class=\"alignleft\" width=\"180\" \/><\/td>\n<td><img src=\"\/wp-content\/uploads\/2012\/04\/ganesha.jpg\" class=\"alignleft\" width=\"180\" \/><\/td>\n<td><img src=\"\/wp-content\/uploads\/2012\/04\/rama.jpg\" class=\"alignleft\" width=\"180\" \/><\/td>\n<\/tr>\n<\/tbody>\n<\/table>\n<h3><strong>Innerer Frieden.<\/strong><\/h3>\n<p>Hier <a href=\"http:\/\/thefemalegrail.com\/deutsch\/la-lumiere-durgas-ashram\/saftiges-ashramleben\/taegliche-meditationen\/\" title=\"t\u00e4gliche meditationen und rituale\" target=\"_blank\">meditieren<\/a> wir jeden Morgen und jeden Abend auf \u201e<strong>Gott ist Liebe<\/strong>\u201c.<\/p>\n<p>Hier singen wir und zelebrieren <strong>Feuerrituale<\/strong>. <\/p>\n<p>Hier <strong>tanzen wir und feiern<\/strong> das G\u00f6ttliche.<\/p>\n<p>Hier kommen wir zusammen, um <strong>spirituell zu wachsen<\/strong>.<\/p>\n<p><strong>Konzentration des G\u00f6ttlichen<\/strong> und Ausrichtung auf die Gemeinschaft.<\/p>\n<p><img src=\"\/wp-content\/uploads\/2012\/04\/temple-of-the-divine-durga-altar.jpg\" class=\"alignnone\" \/><br \/>\n<img src=\"\/wp-content\/uploads\/2012\/04\/temple-of-the-divine-meditation.jpg\" class=\"alignnone\" \/><br \/>\n<img src=\"\/wp-content\/uploads\/2012\/04\/temple-of-the-divine-altar-durga.jpg\" class=\"alignnone\" \/><br \/>\n<img src=\"\/wp-content\/uploads\/2012\/04\/temple-of-the-divine-fire-ritual.jpg\" class=\"alignnone\" \/><br \/>\n<img src=\"\/wp-content\/uploads\/2012\/04\/temple-of-the-divine-altar-mala.jpg\" class=\"alignnone\" \/><\/p>\n<h1>Die Meditationen &#038; Rituale<\/h1>\n<h3><a href=\"http:\/\/thefemalegrail.com\/deutsch\/la-lumiere-durgas-ashram\/saftiges-ashramleben\/taegliche-meditationen\/#omkar\" title=\"omkar\">Omkar: 21 mal Om<\/a><\/h3>\n<h3><a href=\"http:\/\/thefemalegrail.com\/deutsch\/la-lumiere-durgas-ashram\/saftiges-ashramleben\/taegliche-meditationen\/#suprabatham\" title=\"suprabatham\">Suprabatham<\/a><\/h3>\n<h3><a href=\"http:\/\/thefemalegrail.com\/deutsch\/la-lumiere-durgas-ashram\/saftiges-ashramleben\/taegliche-meditationen\/#meditation\" title=\"meditation\">Stille:<br \/>\n\u201cGott ist Liebe\u201d ist unser Mantra.<\/a><\/h3>\n<p><span><\/span><br \/>\n<span><\/span><br \/>\n<a href=\"\/deutsch\/la-lumiere-durgas-ashram\/saftiges-ashramleben\/\" title=\"saftiges ashramleben\" class=\"broken_link\">Zur\u00fcck zur \u00dcbersicht<\/a><\/p>","protected":false},"excerpt":{"rendered":"<p>Unsere Events Saftiges Ashramleben Schw\u00e4rmereien &#038; Liebe &nbsp; Tempel des G\u00f6ttlichen: Stille. Gott und du. Keine Ablenkungen. Nur Momente. Sanft eingeh\u00fcllt durch die Liebe der G\u00f6ttlichen Mutter. Pr\u00e4senz ist allgegenw\u00e4rtig. Hinduistische G\u00f6ttinnen und G\u00f6tter wandern herein und heraus. Tibetische Buddhas nehmen aus dem Himmel mit ihren ewigen Mantren an der Meditation teil. Der Tempel ist [&hellip;]<\/p>\n","protected":false},"author":2,"featured_media":0,"parent":873,"menu_order":0,"comment_status":"closed","ping_status":"closed","template":"page-ll.php","meta":{"ngg_post_thumbnail":0},"_links":{"self":[{"href":"https:\/\/thefemalegrail.com\/deutsch\/wp-json\/wp\/v2\/pages\/934"}],"collection":[{"href":"https:\/\/thefemalegrail.com\/deutsch\/wp-json\/wp\/v2\/pages"}],"about":[{"href":"https:\/\/thefemalegrail.com\/deutsch\/wp-json\/wp\/v2\/types\/page"}],"author":[{"embeddable":true,"href":"https:\/\/thefemalegrail.com\/deutsch\/wp-json\/wp\/v2\/users\/2"}],"replies":[{"embeddable":true,"href":"https:\/\/thefemalegrail.com\/deutsch\/wp-json\/wp\/v2\/comments?post=934"}],"version-history":[{"count":8,"href":"https:\/\/thefemalegrail.com\/deutsch\/wp-json\/wp\/v2\/pages\/934\/revisions"}],"predecessor-version":[{"id":1004,"href":"https:\/\/thefemalegrail.com\/deutsch\/wp-json\/wp\/v2\/pages\/934\/revisions\/1004"}],"up":[{"embeddable":true,"href":"https:\/\/thefemalegrail.com\/deutsch\/wp-json\/wp\/v2\/pages\/873"}],"wp:attachment":[{"href":"https:\/\/thefemalegrail.com\/deutsch\/wp-json\/wp\/v2\/media?parent=934"}],"curies":[{"name":"wp","href":"https:\/\/api.w.org\/{rel}","templated":true}]}}