{"id":936,"date":"2012-04-25T08:58:06","date_gmt":"2012-04-25T07:58:06","guid":{"rendered":"http:\/\/thefemalegrail.com\/deutsch\/?page_id=936"},"modified":"2012-10-03T20:33:04","modified_gmt":"2012-10-03T18:33:04","slug":"fuer-dich","status":"publish","type":"page","link":"https:\/\/thefemalegrail.com\/deutsch\/la-lumiere-durgas-ashram\/saftiges-ashramleben\/fuer-dich\/","title":{"rendered":"f\u00fcr dich"},"content":{"rendered":"<div id=\"nav\" style=\"border:0px;\">\n<div>\n<ul style=\"margin-left: 0px; \">\n<li style=\"list-style:none; background-color:#f7f2f0; padding-left:10px; border-bottom: 1px dotted #DFCDC3; border-right: 2px solid #FFFFFF; width:138px;\"><a style=\"border-bottom:none\" href=\"\/deutsch\/la-lumiere-durgas-ashram\/unsere-events\/\" class=\"broken_link\">Unsere<br \/>\nEvents<\/a><\/li>\n<li style=\"list-style:none; background-color:#f7f2f0; padding-left:10px; border-bottom: 1px dotted #DFCDC3; border-right: 2px solid #FFFFFF; width:148px;\"><a style=\"border-bottom:none\" href=\"\/deutsch\/la-lumiere-durgas-ashram\/saftiges-ashramleben\/\" class=\"broken_link\">Saftiges<br \/>\nAshramleben<\/a><\/li>\n<li style=\"list-style:none; background-color:#f7f2f0; padding-left:10px; border-bottom: 1px dotted #DFCDC3; border-right: 2px solid #FFFFFF; width:148px;\"><a style=\"border-bottom:none\" href=\"\/deutsch\/la-lumiere-durgas-ashram\/schwaermereien-liebe\/\" class=\"broken_link\">Schw\u00e4rmereien<br \/>\n&#038; Liebe<\/a><\/li>\n<\/ul>\n<\/div>\n<\/div>\n<p><span>&nbsp;<\/span><\/p>\n<h1>F\u00fcr dich: Evolution<\/h1>\n<p><strong>Diese Zeit ist nur f\u00fcr dich, jenseits von einer zerstreuenden Welt.<\/strong> Hier ist Raum deine Seele auszudehnen. Raum zu erlauben, mehr als zu tun. Sich frei zu f\u00fchlen. Hier ist Raum, um deinen n\u00e4chsten Schritt zu empfangen.<\/p>\n<p><strong>Der heilige Raum von La Lumi\u00e8re umarmt dich, dass du dich mit dir selbst und der Essenz allen Lebens verbinden kannst.<\/strong> Das Heiligtum l\u00e4dt dich ein, die Quelle aller Dinge in dir selbst zu finden und erinnert dich daran aus dem Zentrum deiner Seele zu leben. Hier werden alle Antworten gefunden. <\/p>\n<p>Komme nur, wenn du <strong>bereit bist, einen gro\u00dfen Schritt in deine eigene Gr\u00f6\u00dfe zu machen<\/strong> und dich mit deiner urspr\u00fcnglichen Intention zu verbinden. Das ist wichtig: Wenn du nach La Lumi\u00e8re kommst, solltest du eine bewusste Entscheidung treffen, in einen erwachten Raum einzutauchen. Komme ohne Erwartungen, komme ohne Absichten und gehe mit neu ge\u00f6ffneten R\u00e4umen deiner Seele.<\/p>\n<blockquote><p>Meditiere mit uns.<br \/>\nFinde dich selbst in Hingabe an das allt\u00e4gliche Leben.<br \/>\nErfahre den Raum aus dem Zentrum allen Seins zu leben.<br \/>\nAlle Antworten sind in dir.<\/p><\/blockquote>\n<div id=\"hs_container2\" class=\"hs_container2\">\n<div class=\"hs_area hs_area6\">\n        <img src=\"\/wp-content\/plugins\/HoverSlideEffect\/images\/area6-10\/h6-1-kathana.jpg\" alt=\"kathana am baum\"\/><img class=\"hs_visible\" src=\"\/wp-content\/plugins\/HoverSlideEffect\/images\/area6-10\/h6-aliana-devi.jpg\" alt=\"aliana devi schafferer\"\/><img src=\"\/wp-content\/plugins\/HoverSlideEffect\/images\/area6-10\/h6-la-lumiere.jpg\" alt=\"la lumiere eingang\"\/><img src=\"\/wp-content\/plugins\/HoverSlideEffect\/images\/area6-10\/h6-creativity.jpg\" alt=\"kreativit\u00e4t\"\/><img src=\"\/wp-content\/plugins\/HoverSlideEffect\/images\/area6-10\/h6-durga-table.jpg\" alt=\"durga deckt den tisch\/><img src=\"\/wp-content\/plugins\/HoverSlideEffect\/images\/area6-10\/h6-parasi-candles.jpg\" alt=\"parasi z\u00fcndet die kerzen an\"\/><img src=\"\/wp-content\/plugins\/HoverSlideEffect\/images\/area6-10\/h6-sirius-merkel.jpg\" alt=\"sirius merkel\"\/><img src=\"\/wp-content\/plugins\/HoverSlideEffect\/images\/area6-10\/h6-olives.jpg\" alt=\"oliven la lumiere\"\/>\n    <\/div>\n<div class=\"hs_area hs_area7\">\n        <img class=\"hs_visible\" src=\"\/wp-content\/plugins\/HoverSlideEffect\/images\/area6-10\/h7-1-jagadiswhara-lavendel.jpg\" alt=\"jagadiswhara im lavendel\"\/><img src=\"\/wp-content\/plugins\/HoverSlideEffect\/images\/area6-10\/h7-agni-and-manako.jpg\" alt=\"agni eickermann und manako\"\/><img src=\"\/wp-content\/plugins\/HoverSlideEffect\/images\/area6-10\/h7-eating-together.jpg\" alt=\"zusammen essen\"\/><img src=\"\/wp-content\/plugins\/HoverSlideEffect\/images\/area6-10\/h7-roses-healing-garden.jpg\" alt=\"roses heilungsgarten\"\/><img src=\"\/wp-content\/plugins\/HoverSlideEffect\/images\/area6-10\/h7-meditation.jpg\" alt=\"meditation tempel des g\u00f6ttlichen\"\/><img src=\"\/wp-content\/plugins\/HoverSlideEffect\/images\/area6-10\/h7-durga-south-france.jpg\" alt=\"durga holzhauser s\u00fcdfrankreich\"\/><img src=\"\/wp-content\/plugins\/HoverSlideEffect\/images\/area6-10\/h7-gardening.jpg\" alt=\"g\u00e4rtnern la lumiere\"\/><img src=\"\/wp-content\/plugins\/HoverSlideEffect\/images\/area6-10\/h7-south-france.jpg\" alt=\"s\u00fcdfrankreich\"\/>\n    <\/div>\n<div class=\"hs_area hs_area8\">\n<img src=\"\/wp-content\/plugins\/HoverSlideEffect\/images\/area6-10\/h8-1-children-schaukel.jpg\" alt=\"kinder\"\/><img src=\"\/wp-content\/plugins\/HoverSlideEffect\/images\/area6-10\/h8-cheruba-seva.jpg\" alt=\"cheruba seva\"\/><img src=\"\/wp-content\/plugins\/HoverSlideEffect\/images\/area6-10\/h8-community.jpg\" alt=\"gemeinschaft\"\/><img src=\"\/wp-content\/plugins\/HoverSlideEffect\/images\/area6-10\/h8-praying.jpg\" alt=\"beten jesus gebetsraum\"\/><img src=\"\/wp-content\/plugins\/HoverSlideEffect\/images\/area6-10\/h8-seva-eloha-irka.jpg\" alt=\"eloha und irka seva\"\/><img src=\"\/wp-content\/plugins\/HoverSlideEffect\/images\/area6-10\/h8-togetherness.jpg\" alt=\"zusammensein\"\/><img src=\"\/wp-content\/plugins\/HoverSlideEffect\/images\/area6-10\/h8-working-seva-kandor.jpg\" alt=\"seva kandor\"\/><img class=\"hs_visible\"  src=\"\/wp-content\/plugins\/HoverSlideEffect\/images\/area6-10\/h8-working-seva.jpg\" alt=\"sevaarbeiten\"\/>\n    <\/div>\n<div class=\"hs_area hs_area9\">\n        <img class=\"hs_visible\" src=\"\/wp-content\/plugins\/HoverSlideEffect\/images\/area6-10\/h9-1-temple-altar.jpg\" alt=\"temple altar\"\/><img src=\"\/wp-content\/plugins\/HoverSlideEffect\/images\/area6-10\/h9-community.jpg\" alt=\"gemeinschaft\"\/><img src=\"\/wp-content\/plugins\/HoverSlideEffect\/images\/area6-10\/h9-fig-harvest.jpg\" alt=\"feigenernte\"\/><img src=\"\/wp-content\/plugins\/HoverSlideEffect\/images\/area6-10\/h9-ganesha-healing-garden.jpg\" alt=\"ganesha heilgarten\"\/><img src=\"\/wp-content\/plugins\/HoverSlideEffect\/images\/area6-10\/h9-community2.jpg\" alt=\"gemeinschaft\"\/><img src=\"\/wp-content\/plugins\/HoverSlideEffect\/images\/area6-10\/h9-jesus-arathi.jpg\" alt=\"jesus arathi\"\/><img src=\"\/wp-content\/plugins\/HoverSlideEffect\/images\/area6-10\/h9-community3.jpg\" alt=\"gemeinschaft\"\/><img src=\"\/wp-content\/plugins\/HoverSlideEffect\/images\/area6-10\/h9-shiva.jpg\" alt=\"shiva\"\/>\n    <\/div>\n<div class=\"hs_area hs_area10\">\n        <img class=\"hs_visible\" src=\"\/wp-content\/plugins\/HoverSlideEffect\/images\/area6-10\/h10-1-durga.jpg\" alt=\"durga\"\/><img src=\"\/wp-content\/plugins\/HoverSlideEffect\/images\/area6-10\/h10-fig.jpg\" alt=\"feigenbaum\"\/><img src=\"\/wp-content\/plugins\/HoverSlideEffect\/images\/area6-10\/h10-erin-faith-ellen.jpg\" alt=\"erin faith ellen\"\/><img src=\"\/wp-content\/plugins\/HoverSlideEffect\/images\/area6-10\/h10-seva-pause.jpg\" alt=\"seva pause\"\/><img src=\"\/wp-content\/plugins\/HoverSlideEffect\/images\/area6-10\/h10-durga-holzhauser.jpg\" alt=\"durga holzhauser vision\"\/><img src=\"\/wp-content\/plugins\/HoverSlideEffect\/images\/area6-10\/h10-lotus-healing-garden.jpg\" alt=\"lotus heilgarten\"\/><img src=\"\/wp-content\/plugins\/HoverSlideEffect\/images\/area6-10\/h10-seva-working.jpg\" alt=\"seva arbeiten\"\/><img src=\"\/wp-content\/plugins\/HoverSlideEffect\/images\/area6-10\/h10-soul-food.jpg\" alt=\"essen f\u00fcr die seele\"\/>\n    <\/div>\n<\/div>\n<p><span><\/span><\/p>\n<h3>Auszeit f\u00fcr dich selbst:<br \/>\nRaum f\u00fcr neue Inspiration. <\/h3>\n<p>Als <strong>Seva<\/strong> folgst du dem Ashram Leben wie in Indien. Als <strong>Gast<\/strong> kannst du dein eigenes Retreat gestalten. Du bist frei, du kannst um F\u00fchrung bitten oder dem Weg deines eigenen inneren F\u00fchrungslichts folgen. Du wirst an den t\u00e4glichen Meditationen und Ritualen teilnehmen und unseren Alltag mit uns teilen. Stille und prunklose R\u00e4ume helfen dir deine Seele in Klarheit zu sp\u00fcren und auszudehnen. <\/p>\n<h3><strong>Seva Sein<\/strong><\/h3>\n<p><strong>Seva Dienst bedeutet selbstlose, hingebungsvolle Arbeit.<\/strong><\/p>\n<p>Die L\u00e4nge deines Aufenthalts als Seva wird vorab mit uns abgestimmt. Die minimale Dauer deines Aufenthalts ist eine Woche. Manche Sevas bleiben 2 bis 3 Monate. Wenn du l\u00e4nger als 3 Monate bleiben m\u00f6chtest, m\u00f6chten wir dich zuerst etwas kennenlernen.<\/p>\n<p>W\u00e4hrend deines Aufenthalts hast du ein Zuhause in La Lumi\u00e8re. Zum Mittagessen lieben wir es uns zu treffen, den Rest des Tages bist du selbst f\u00fcr dein Essen verantwortlich. Du wirst jeden Tag mit uns meditieren.<\/p>\n<p>Du arbeitest 6 Stunden pro Tag, meistens in unserem heilenden Garten oder du hilfst uns im Ashram. Im Sommer wirst du uns helfen, die Feigen zu ernten, im Winter ernten wir Oliven, im Fr\u00fchling kannst du von den Unkr\u00e4utern lernen. <\/p>\n<blockquote><p>\u201cMaria Magdalena und ich bekamen die Aufgabe den Tempel zu putzen und ich schlug vor unsere Kinder einfach dazu zu holen und so fanden wir uns kniend auf dem Boden des kleinen Tempels der Essener wieder, wie wir hingebungsvoll den Boden schrubbten und dabei sehr gl\u00fccklich waren. War es das, was wir vermissten? Maria Magdalena und ich waren, gepr\u00e4gt von unserem Leben, zu Nomadinnen geworden. Hier auf diesem Boden, in diesem Tempel aber, mit der Hingabe allen Herzens den Boden zu schrubben, machte uns in diesem Moment gl\u00fccklicher, als wir es uns jemals h\u00e4tten vorstellen k\u00f6nnen. Wir haben Stunden damit verbracht, den Tempel sauber zu machen, mit unseren Gebeten und unseren H\u00e4nden, bis wir bemerkten, dass unbemerkt Jesus in der T\u00fcr stand und uns beobachtete. \u201eHey, was machst du da?\u201c rief Maria Magdalena lachend. Jesus war nur tief versunken und l\u00e4chelte. Es gefiel ihm anscheinend, was er sah. Es gab eine Liebe, die sich dem Allt\u00e4glichen widmete, den kleinen Dingen, in denen Gott wohnte. Wir mussten nicht einmal dar\u00fcber sprechen. Dieser Moment war Jesus ebenso wichtig, wie uns selbst. In diesem Moment war die Bedachtsamkeit des Kleinen wieder geboren. Die Sorgfalt, f\u00fcr jedes Gesch\u00f6pf und jedes Ding. Denn die heiligen R\u00e4ume um uns bewahrten die Sorgfalt.\u201d<br \/>\n&#8211; Aus Jesus das Buch 3, noch unver\u00f6ffentlicht.<\/p><\/blockquote>\n<h3><strong>Sei Gast<\/strong><\/h3>\n<p><strong>Gib dir selbst Zeit f\u00fcr ein inneres Retreat.<\/strong> Du kannst das Appartement mieten, das ein eigenes Badezimmer und eine kleine K\u00fcche hat. Hier kannst du einfach sein und dich auf in den himmlischen Fluss von La Lumi\u00e8re einschwingen. Wenn du hierher kommst, bist du bereit, jede Meditation mit uns zu teilen. Wir sind ein Ashram und das ist Teil unseres Lebens in Einheit. 70 Euro pro Nacht f\u00fcr das Appartement (Bettw\u00e4sche und Handt\u00fccher inklusive), ohne Essen.<br \/>\n<strong><br \/>\nSpirituelle Begleitung:<\/strong><br \/>\n500 Euro f\u00fcr 5 Sitzungen w\u00e4hrend deines Aufenthalts.<br \/>\nParasi ist eine spirituelle Lehrerin und wird deine <strong>innere Kl\u00e4rung<\/strong> mit R\u00fcckf\u00fchrungen und anderen spirituellen Transformationstechniken unterst\u00fctzen. <\/p>\n<h1>Schw\u00e4rmereien &#038; Liebe<\/h1>\n<p><img loading=\"lazy\" src=\"http:\/\/thefemalegrail.com\/deutsch\/wp-content\/uploads\/2012\/10\/lyarea-dietrich.png\" alt=\"\" title=\"Lyarea Dietrich\" width=\"85\" height=\"85\" class=\"alignleft\" \/>&#8220;Hier im <strong>beh\u00fcteten und besch\u00fctzten Umfeld<\/strong> von La Lumi\u00e8re, schien die Zeit, jenseits des Alltags still zu stehen. Die w\u00fcrzigen D\u00fcfte im Kr\u00e4utergarten, die Arbeit im Garten, an der frischen Luft <strong>verliehen meiner Seele Fl\u00fcgel<\/strong>. Die Meditationen unterst\u00fctzen mich, zur Ruhe zu kommen und wieder ganz bei mir selbst anzukommen. La Lumi\u00e8re ist f\u00fcr mich, wie der Himmel auf Erden. Om Ma Bhawani Namah.&#8221;<br \/>\n<strong>Lyarea Dietrich<\/strong>, Spirituelle Lehrerin | <a href=\"http:\/\/www.lyarea.ch\" title=\"webseite lyarea\" target=\"_blank\" class=\"broken_link\"><strong>www.lyarea.ch<\/strong><\/a><\/p>\n<p><img loading=\"lazy\" src=\"http:\/\/thefemalegrail.com\/deutsch\/wp-content\/uploads\/2012\/10\/kathana-gumpolt.png\" alt=\"\" title=\"Kathana Gumpolt\" width=\"85\" height=\"85\" class=\"alignleft\" \/>&#8220;Danke f\u00fcr eine <strong>heilende Woche auf allen Ebenen<\/strong>! Danke an La Lumi\u00e8re, den wundersch\u00f6nen Platz, der diese heilende Energie tr\u00e4gt!&#8221; <strong>Kathana Gumpolt<\/strong>, Spirituelle Unternehmensberatung f\u00fcr die neue Zeit | <a href=\"http:\/\/www.livingart-fengshui.com\" title=\"living art feng shui\" target=\"_blank\" class=\"broken_link\"><strong>www.livingart-fengshui.com<\/strong><\/a><\/p>\n<p><img loading=\"lazy\" src=\"http:\/\/thefemalegrail.com\/deutsch\/wp-content\/uploads\/2012\/10\/irka-eloha-schmuck.png\" alt=\"\" title=\"irka and eloha schmuck\" width=\"85\" height=\"85\" class=\"alignleft\" \/>&#8220;La Lumi\u00e8re ist f\u00fcr mich: Raum f\u00fcr <strong>Heilung<\/strong>, Raum f\u00fcr <strong>Wachstum<\/strong>, Raum f\u00fcr <strong>Erkenntnis<\/strong>, <strong>Verstehen<\/strong> und F\u00fchlen. Raum f\u00fcr <strong>Stille<\/strong> und Raum zu <strong>Sein<\/strong>. Raum f\u00fcr<strong> Wildheit<\/strong>, f\u00fcr Begegnung und Freude. Raum, in dem ich <strong>mich sp\u00fcre<\/strong> &#8211; und Raum, in dem ich sp\u00fcre: <strong>In meinem Herzen bin ich daheim.<\/strong> Danke f\u00fcr alles, In Liebe.&#8221; <strong>Irka und Eloha Schmuck<\/strong>, Text- und Storycoaching, Your Soulful Text | <a href=\"http:\/\/www.irkaschmuck.de\" title=\"irka schmuck, text- and storycoaching\" target=\"_blank\"><strong>www.irkaschmuck.de<\/strong><\/a><\/p>\n<p><img loading=\"lazy\" src=\"http:\/\/thefemalegrail.com\/deutsch\/wp-content\/uploads\/2012\/10\/shomani-elmlinger.png\" alt=\"\" title=\"shomani elmlinger\" width=\"85\" height=\"85\" class=\"alignleft\" \/>&#8220;Unsere Zeit in La Lumi\u00e8re: <strong>In der Tiefe ber\u00fchrend<\/strong>, klar, ausgerichtet, lichtvoll, energiegeladen. Nur Klarheit und Liebe bleiben bestehen. Ich empfehle: Hingehen, einlassen, sp\u00fcren und ber\u00fchrt werden. <strong>Es ist ein Geschenk!<\/strong>&#8221;<br \/>\n<strong>Shomani Elmlinger<\/strong>, Heilpraktikerin<\/p>\n<p><img loading=\"lazy\" src=\"http:\/\/thefemalegrail.com\/deutsch\/wp-content\/uploads\/2012\/10\/ranasa-vracun.png\" alt=\"\" title=\"ranasa carmen vracun\" width=\"85\" height=\"85\" class=\"alignleft\" \/>&#8220;Ich bin mit einem wirren Puzzle in La Lumi\u00e8re angekommen, habe es in La Lumi\u00e8re angeschaut, <strong>nach und nach sortiert<\/strong> und schon einiges zusammensetzen k\u00f6nnen. Mit dieser \u00dcbung und ganz viel Zuversicht freue mich schon darauf, zuhause mein Bild zu vervollst\u00e4ndigen!! Ich danke von Herzen f\u00fcr die Unterst\u00fctzung und Liebe.&#8221;<br \/>\n<strong>Ranasa Vracun<\/strong>, K\u00fcnstlerin<\/p>\n<p><img loading=\"lazy\" src=\"http:\/\/thefemalegrail.com\/deutsch\/wp-content\/uploads\/2012\/10\/aliana-devi-schafferer-2.png\" alt=\"\" title=\"aliana devi\" width=\"85\" height=\"85\" class=\"alignleft\" \/>&#8220;Es war wundersch\u00f6n die Natur hier erwachen zu sehen. In mir sind auch viele <strong>neue Ideen erwacht<\/strong>. <strong>Ein Ort der Sch\u00f6pfung.<\/strong> Ein Ort f\u00fcr K\u00f6rper, Geist und Seele.&#8221;<br \/>\n<strong>Aliana Devi Schafferer<\/strong>, Architektin | <a href=\"http:\/\/www.raum-gefuehl.com\" title=\"raum gef\u00fchl aliana devi schafferer\" target=\"_blank\"><strong>www.raum-gefuehl.com<\/strong><\/a><br \/>\n<span><\/span><br \/>\n<img loading=\"lazy\" src=\"http:\/\/thefemalegrail.com\/deutsch\/wp-content\/uploads\/2012\/10\/romana-domsel.png\" alt=\"\" title=\"Romana Domsel\" width=\"85\" height=\"85\" class=\"alignleft\" \/>&#8220;<strong>Gef\u00fchle brauchen nicht immer Worte.<\/strong> Sie haben auch andere Wege. Danke. Love&#8221; <strong>Romana Domsel<\/strong>, Hebamme<br \/>\n<span><\/span><br \/>\n<span><\/span><br \/>\n<span><\/span><br \/>\n<img loading=\"lazy\" src=\"http:\/\/thefemalegrail.com\/deutsch\/wp-content\/uploads\/2012\/10\/kaurana-merle.png\" alt=\"\" title=\"kaurana merle\" width=\"85\" height=\"85\" class=\"alignleft\" \/>&#8220;Vielen lieben Dank, dass ich an eurem sch\u00f6nen Ort verweilen durfte. Ich hatte so eine wunderbare Zeit hier, so viel Liebe, Frohsinn und Heilung. Nur durch das Hiersein <strong>hat meine Seele all die Liebe der g\u00f6ttlichen Mutter, der Natur und der Himmel aufgesogen<\/strong> und heilte. Gro\u00dfe Arbeit wurde hier geleistet f\u00fcr die Heilung der Erde und aller Lebewesen.&#8221; <strong>Kaurana Merle<\/strong><\/p>\n<p><img loading=\"lazy\" src=\"http:\/\/thefemalegrail.com\/deutsch\/wp-content\/uploads\/2012\/10\/inaia-kuesters.png\" alt=\"\" title=\"inaia k\u00fcsters\" width=\"85\" height=\"85\" class=\"alignleft\" \/>&#8220;Ich habe f\u00fcr 10 Tage Sevadienst geleistet in La Lumi\u00e8re. Es war sehr besonders, freudebringend und eine wunderbare Zeit f\u00fcr mich. <strong>Jede Aufgabe, die ich erf\u00fcllte, war gef\u00fcllt von Freude.<\/strong> Ich empfehle jeden, der dar\u00fcber nachdenkt, Durgas Ashram zu besuchen, es einfach zu machen! Danke Durga fuer diesen wundervollen Ort und danke Parasi fuer deine Liebe, Hingabe und gute Arbeit in Suedfrankreich. Danke Shanti, dass du hier bist. In tiefer Liebe.&#8221; <strong>Inaia K\u00fcsters <\/strong><\/p>\n<p><img loading=\"lazy\" src=\"http:\/\/thefemalegrail.com\/deutsch\/wp-content\/uploads\/2012\/10\/fuera-eisenring.png\" alt=\"\" title=\"fuera eisenring\" width=\"85\" height=\"85\" class=\"alignleft\" \/>&#8220;Vielen Dank es war sehr sch\u00f6n bei euch! Ich liebe diesen Platz. <strong>Hier habe ich wieder ein St\u00fcck mehr zu mir selbst gefunden.<\/strong>&#8221;<br \/>\n<strong>Fuera Eisenring<\/strong><br \/>\n<span><\/span><br \/>\n<span><\/span><br \/>\n<img loading=\"lazy\" src=\"http:\/\/thefemalegrail.com\/deutsch\/wp-content\/uploads\/2012\/10\/olara-fuereder.png\" alt=\"\" title=\"olara f\u00fcreder\" width=\"85\" height=\"85\" class=\"alignleft\" \/>&#8220;Ein Monat in La Lumi\u00e8re, ein Monat voller Geschenke! La Lumi\u00e8re gab mir den Raum, dass <strong>Frieden, meine Liebe und Gl\u00fcckseligkeit wieder in mir einziehen durften<\/strong>. In meinem Herzen trage ich jetzt immer ein L\u00e4cheln, ohne etwas daf\u00fcr tun zu m\u00fcssen. Danke, liebe Durga, f\u00fcr diesen Platz. Danke, liebe Parasi, f\u00fcr die tolle Begleitung. In Liebe.&#8221;<br \/>\n<strong>Olara F\u00fcreder<\/strong>, Alpha Chi Consultant<\/p>\n<p><img loading=\"lazy\" src=\"http:\/\/thefemalegrail.com\/deutsch\/wp-content\/uploads\/2012\/10\/irsa-sauerbrey.png\" alt=\"\" title=\"irsa sauerbrey\" width=\"85\" height=\"85\" class=\"alignleft\" \/>&#8220;An diesem Platz f\u00e4llt es <strong>leicht in Kontakt mit sich selbst zu kommen<\/strong>. Liebevolle Hingabe an jede Arbeit ist wohl die beste Vorbereitung f\u00fcr den n\u00e4chsten Entwicklungsschritt.&#8221;<br \/>\n<strong>Irsa Sauerbrey<\/strong>, K\u00fcnstlerin | <a href=\"http:\/\/www.irsa.hu\/\" title=\"irsa's mandalas\" target=\"_blank\"><strong>www.irsa.hu<\/strong><\/a><br \/>\n<span><\/span><br \/>\n<img loading=\"lazy\" src=\"http:\/\/thefemalegrail.com\/deutsch\/wp-content\/uploads\/2012\/10\/pema-stuefer.png\" alt=\"\" title=\"pema stuefer\" width=\"85\" height=\"85\" class=\"alignleft\" \/>&#8220;Der Sevadienst in &#8220;La Lumi\u00e8re&#8221; war f\u00fcr mich Erholung. Ich konnte mich <strong>in allem, was ich machte, ausdehnen<\/strong>, ein riesengro\u00dfes Geschenk. Mit so vielen sch\u00f6nen Naturwesen im Garten zusammen zu arbeiten, erf\u00fcllte meinen gr\u00f6\u00dften Wunsch. Es war einfach nur sch\u00f6n.&#8221; <strong>Pema Stuefer<\/strong>, Lebensberatung<\/p>\n<p><img loading=\"lazy\" src=\"http:\/\/thefemalegrail.com\/deutsch\/wp-content\/uploads\/2012\/10\/trios-schwery.png\" alt=\"\" title=\"trios schwery\" width=\"85\" height=\"85\" class=\"alignleft\" \/>&#8220;Der Sevadienst und das Sein an diesem Ort bereiteten mir viel Freude und Erf\u00fcllung. Durch die Ruhe und die Stille, die ich in La Lumi\u00e8re erleben durfte, <strong>sch\u00f6pfte ich Kraft und Liebe und hatte die Gelegenheit innezuhalten<\/strong>. Neben dem intensiv-sch\u00f6nen Ausflug zum Gralsplatz, genoss ich die mediterrane Lage in ihrer reinen Sch\u00f6nheit.\u201c <strong>Trios Schwery<\/strong>, Heilerziehungspfleger<\/p>\n<p><a href=\"\/deutsch\/la-lumiere-durgas-ashram\/saftiges-ashramleben\/\" title=\"saftiges ashrameben\" class=\"broken_link\">Zur\u00fcck zur \u00dcbersicht<\/a><\/p>","protected":false},"excerpt":{"rendered":"<p>Unsere Events Saftiges Ashramleben Schw\u00e4rmereien &#038; Liebe &nbsp; F\u00fcr dich: Evolution Diese Zeit ist nur f\u00fcr dich, jenseits von einer zerstreuenden Welt. Hier ist Raum deine Seele auszudehnen. Raum zu erlauben, mehr als zu tun. Sich frei zu f\u00fchlen. Hier ist Raum, um deinen n\u00e4chsten Schritt zu empfangen. Der heilige Raum von La Lumi\u00e8re umarmt [&hellip;]<\/p>\n","protected":false},"author":2,"featured_media":0,"parent":873,"menu_order":0,"comment_status":"closed","ping_status":"closed","template":"page-ll.php","meta":{"ngg_post_thumbnail":0},"_links":{"self":[{"href":"https:\/\/thefemalegrail.com\/deutsch\/wp-json\/wp\/v2\/pages\/936"}],"collection":[{"href":"https:\/\/thefemalegrail.com\/deutsch\/wp-json\/wp\/v2\/pages"}],"about":[{"href":"https:\/\/thefemalegrail.com\/deutsch\/wp-json\/wp\/v2\/types\/page"}],"author":[{"embeddable":true,"href":"https:\/\/thefemalegrail.com\/deutsch\/wp-json\/wp\/v2\/users\/2"}],"replies":[{"embeddable":true,"href":"https:\/\/thefemalegrail.com\/deutsch\/wp-json\/wp\/v2\/comments?post=936"}],"version-history":[{"count":22,"href":"https:\/\/thefemalegrail.com\/deutsch\/wp-json\/wp\/v2\/pages\/936\/revisions"}],"predecessor-version":[{"id":951,"href":"https:\/\/thefemalegrail.com\/deutsch\/wp-json\/wp\/v2\/pages\/936\/revisions\/951"}],"up":[{"embeddable":true,"href":"https:\/\/thefemalegrail.com\/deutsch\/wp-json\/wp\/v2\/pages\/873"}],"wp:attachment":[{"href":"https:\/\/thefemalegrail.com\/deutsch\/wp-json\/wp\/v2\/media?parent=936"}],"curies":[{"name":"wp","href":"https:\/\/api.w.org\/{rel}","templated":true}]}}