{"id":938,"date":"2012-04-25T08:58:34","date_gmt":"2012-04-25T07:58:34","guid":{"rendered":"http:\/\/thefemalegrail.com\/deutsch\/?page_id=938"},"modified":"2012-06-14T19:28:28","modified_gmt":"2012-06-14T17:28:28","slug":"jesus-gebetsraum","status":"publish","type":"page","link":"https:\/\/thefemalegrail.com\/deutsch\/la-lumiere-durgas-ashram\/saftiges-ashramleben\/jesus-gebetsraum\/","title":{"rendered":"jesus gebetsraum"},"content":{"rendered":"<div id=\"nav\" style=\"border:0px;\">\n<div>\n<ul style=\"margin-left: 0px; \">\n<li style=\"list-style:none; background-color:#f7f2f0; padding-left:10px; border-bottom: 1px dotted #DFCDC3; border-right: 2px solid #FFFFFF; width:138px;\"><a style=\"border-bottom:none\" href=\"\/deutsch\/la-lumiere-durgas-ashram\/unsere-events\/\" class=\"broken_link\">Unsere<br \/>\nEvents<\/a><\/li>\n<li style=\"list-style:none; background-color:#f7f2f0; padding-left:10px; border-bottom: 1px dotted #DFCDC3; border-right: 2px solid #FFFFFF; width:148px;\"><a style=\"border-bottom:none\" href=\"\/deutsch\/la-lumiere-durgas-ashram\/saftiges-ashramleben\/\" class=\"broken_link\">Saftiges<br \/>\nAshramleben<\/a><\/li>\n<li style=\"list-style:none; background-color:#f7f2f0; padding-left:10px; border-bottom: 1px dotted #DFCDC3; border-right: 2px solid #FFFFFF; width:148px;\"><a style=\"border-bottom:none\" href=\"\/deutsch\/la-lumiere-durgas-ashram\/schwaermereien-liebe\/\" class=\"broken_link\">Schw\u00e4rmereien<br \/>\n&#038; Liebe<\/a><\/li>\n<\/ul>\n<\/div>\n<\/div>\n<p><span>&nbsp;<\/span><\/p>\n<h1>Jesus gebetsraum<\/h1>\n<p>&#8220;An diesem Tag geh\u00f6rte das Haus endlich mir. Ich \u00f6ffnete schwungvoll alle T\u00fcren meines Palastes. Ich lud neuen Raum und frische Luft ein, um das Neue zu bejubeln und meine Visionen festzuhalten. Als ich in das fr\u00fchere Kinderzimmer eintrat, stand ER in der Mitte des Raums: <strong>JESUS<\/strong>. <strong>\u201eDarf ich diesen Raum haben?\u201c<\/strong> fragte er h\u00f6flich, ohne im Geringsten zu fordern. <\/p>\n<h4>Wie h\u00e4tte ich IHM widerstehen k\u00f6nnen?<\/h4>\n<p>Das ist jetzt 10 Jahre her und Seine Pr\u00e4senz ist ein t\u00e4gliches Geschenk des Gebetsraums.<\/p>\n<p>Ich habe Menschen erlebt, die zu weinen begannen, als sie den Raum betraten, die, durch die Energie der Christusliebe, begannen zu heilen. <strong>Seine Pr\u00e4senz ist stark in diesem Raum, st\u00e4rker als auf jedem anderen Platz der Erde, den ich jemals besucht habe.<\/strong>&#8221; (Durga)<\/p>\n<p><img src=\"\/wp-content\/uploads\/2012\/04\/jesus-prayer-room-large.jpg\" class=\"alignnone\" \/><\/p>\n<h4><a href=\"http:\/\/thefemalegrail.com\/deutsch\/la-lumiere-durgas-ashram\/saftiges-ashramleben\/taegliche-meditationen\/\" title=\"t\u00e4gliche meditationen und rituale\" target=\"_blank\">Hier treffen wir uns jeden Abend und beten<\/a> das Jesus Arathi und die Feuerzermonie der Christusliebe.<br \/>\nWir lassen uns fallen und vereinen uns w\u00e4hrend einer Feuerzeremonie, die die vier Aspekte der Christusliebe vereint, in heiliger Liebe.<\/h4>\n<p><img src=\"\/wp-content\/uploads\/2012\/04\/christ-love-ceremony-flowers.jpg\" width=\"250\" class=\"alignleft\" \/><strong>Vier Aspekte der Christusliebe brennen f\u00fcr uns und umarmen unsere Seelen:<\/strong><\/p>\n<p><strong>Das wei\u00dfe Essener Feuer:<\/strong> Reinheit<br \/>\n<strong>Das Feuer des Agni:<\/strong> Lebensfreude<br \/>\n<strong>Das rote Feuer:<\/strong> Christuslicht<br \/>\n<strong>Das Feuer, das Jesus gewidmet ist:<\/strong><br \/>\nDie ewig Liebenden<br \/>\n<span><\/span><br \/>\n<span><\/span><br \/>\n<span><\/span><br \/>\n<span><\/span><\/p>\n<h4>Und ein hingebungsvolles Gebet f\u00fcr die Seele:<\/h4>\n<blockquote><p>\nEsu Elechem<br \/>\nAgni Elechem<br \/>\nChristo Elechem<br \/>\nEvenu Shalom<\/p><\/blockquote>\n<h4>In dieser Zeremonie schwelgend, baden wir in dem Wissen, dass wir ewige Liebe sind.<\/h4>\n<p><span><\/span><br \/>\n<img src=\"\/wp-content\/uploads\/2012\/04\/christ-love-ceremony.jpg\" class=\"alignleft\" \/><br \/>\n<img src=\"\/wp-content\/uploads\/2012\/04\/jesus-arathi-participants.jpg\" class=\"alignleft\" \/><\/p>\n<p><a href=\"http:\/\/thefemalegrail.com\/deutsch\/la-lumiere-durgas-ashram\/saftiges-ashramleben\/\" title=\"saftiges ashramleben\">Zur\u00fcck zur \u00dcbersicht<\/a><\/p>","protected":false},"excerpt":{"rendered":"<p>Unsere Events Saftiges Ashramleben Schw\u00e4rmereien &#038; Liebe &nbsp; Jesus gebetsraum &#8220;An diesem Tag geh\u00f6rte das Haus endlich mir. Ich \u00f6ffnete schwungvoll alle T\u00fcren meines Palastes. Ich lud neuen Raum und frische Luft ein, um das Neue zu bejubeln und meine Visionen festzuhalten. Als ich in das fr\u00fchere Kinderzimmer eintrat, stand ER in der Mitte des [&hellip;]<\/p>\n","protected":false},"author":2,"featured_media":0,"parent":873,"menu_order":0,"comment_status":"closed","ping_status":"closed","template":"page-ll.php","meta":{"ngg_post_thumbnail":0},"_links":{"self":[{"href":"https:\/\/thefemalegrail.com\/deutsch\/wp-json\/wp\/v2\/pages\/938"}],"collection":[{"href":"https:\/\/thefemalegrail.com\/deutsch\/wp-json\/wp\/v2\/pages"}],"about":[{"href":"https:\/\/thefemalegrail.com\/deutsch\/wp-json\/wp\/v2\/types\/page"}],"author":[{"embeddable":true,"href":"https:\/\/thefemalegrail.com\/deutsch\/wp-json\/wp\/v2\/users\/2"}],"replies":[{"embeddable":true,"href":"https:\/\/thefemalegrail.com\/deutsch\/wp-json\/wp\/v2\/comments?post=938"}],"version-history":[{"count":11,"href":"https:\/\/thefemalegrail.com\/deutsch\/wp-json\/wp\/v2\/pages\/938\/revisions"}],"predecessor-version":[{"id":1233,"href":"https:\/\/thefemalegrail.com\/deutsch\/wp-json\/wp\/v2\/pages\/938\/revisions\/1233"}],"up":[{"embeddable":true,"href":"https:\/\/thefemalegrail.com\/deutsch\/wp-json\/wp\/v2\/pages\/873"}],"wp:attachment":[{"href":"https:\/\/thefemalegrail.com\/deutsch\/wp-json\/wp\/v2\/media?parent=938"}],"curies":[{"name":"wp","href":"https:\/\/api.w.org\/{rel}","templated":true}]}}